{"id":7385,"date":"2025-03-03T17:43:24","date_gmt":"2025-03-03T16:43:24","guid":{"rendered":"https:\/\/misketravels.cz\/kanarische-inseln-karte-mit-200-orten-auf-teneriffa-und-la-gomera\/"},"modified":"2026-03-26T20:06:38","modified_gmt":"2026-03-26T19:06:38","slug":"kanarische-inseln-karte-mit-200-orten-auf-teneriffa-und-la-gomera","status":"publish","type":"product","link":"https:\/\/misketravels.cz\/de\/kanarische-inseln-karte-mit-200-orten-auf-teneriffa-und-la-gomera\/","title":{"rendered":"Kanarische Inseln: Karte mit 200+ Orten auf Teneriffa und La Gomera"},"content":{"rendered":"<p>Entdecke Teneriffa und La Gomera mit einer digitalen Karte, die dir nicht nur bekannte Touristenziele zeigt, sondern auch <strong>Orte abseits der Massen.<\/strong><\/p>\n<p>Du findest darin Tipps f\u00fcr <strong data-start=\"372\" data-end=\"461\">Unterk\u00fcnfte, Restaurants, Aussichtspunkte, Str\u00e4nde sowie Naturbadepools, Wanderwege, Freizeitparks, Sehensw\u00fcrdigkeiten und weitere Highlights<\/strong>, die dir die Reiseplanung erleichtern.<\/p>\n<p>Die Karte wird <strong>regelm\u00e4\u00dfig aktualisiert<\/strong> und ist direkt auf deinem Handy verf\u00fcgbar \u2013 ideal f\u00fcr alle Reisenden, die die Kanaren authentisch und ohne unn\u00f6tiges Googeln entdecken wollen.<\/p>\n<p><strong>Was du bekommst<\/strong><\/p>\n<ul>\n<li><strong>Zeitersparnis:<\/strong> Vergiss stundenlanges Planen. Mit meiner Karte entdeckst du das Beste der Kanaren effizient und mit Freude. <\/li>\n<li><strong>Geheimtipps:<\/strong> Dank meiner Empfehlungen gelangst du an Orte, die abseits der \u00fcblichen Touristenpfade liegen.<\/li>\n<li><strong>St\u00e4ndig aktualisierte Informationen:<\/strong> Meine Karte ist ein lebendiger Organismus. Ich f\u00fcge laufend neue Entdeckungen und Updates hinzu, damit du immer die aktuellsten Infos hast. <\/li>\n<\/ul>\n<p>Du m\u00f6chtest nicht f\u00fcr 200+ Orte bezahlen? Lies den <a href=\"https:\/\/misketravels.cz\/de\/tipps-teneriffa\/\">Artikel<\/a> mit 30 Tipps. <\/p>\n<p>Du kannst auch das <a href=\"https:\/\/misketravels.cz\/mapy-ostrovy-atlantiku\/\" target=\"_blank\" rel=\"noopener\">vorteilhafte Karten-Paket der Atlantikinseln<\/a> nutzen<\/p>\n<p><strong>Bequemer Zugriff<\/strong><\/p>\n<p>Alles, was du zur Anzeige dieser Karte ben\u00f6tigst, ist <strong>Google Maps<\/strong> in deinem Browser oder in der App. Wann immer du die Karte \u00f6ffnest, siehst du die <strong>aktuellste Version<\/strong> voller Tipps und pers\u00f6nlich gepr\u00fcfter Empfehlungen. Nach Zahlungseingang erh\u00e4ltst du eine E-Mail mit einem <strong>PDF mit Link und Anleitung.<\/strong>   <\/p>\n<p>Wenn du <strong>per PayPal<\/strong> zahlst, erh\u00e4ltst du die E-Mail mit dem PDF <strong>sofort<\/strong>. Bei Bank\u00fcberweisung bem\u00fchen wir uns, die E-Mail innerhalb weniger Stunden zu versenden, sp\u00e4testens jedoch innerhalb von zwei Werktagen nach Zahlungseingang. <\/p>\n<p><strong>ACHTUNG! Du kannst die Datei nur einmal herunterladen.  Falls das System meldet, dass du die maximale Anzahl an Downloads erreicht hast, wurde der Download bereits durchgef\u00fchrt. \u00dcberpr\u00fcfe daher alle Ordner namens \u201eDownloads\u201c auf deinem Ger\u00e4t! <\/strong><\/p>\n<p><strong>Mach den ersten Schritt zu einem unvergesslichen Urlaub mit meiner Kanaren-Karte!<\/strong><\/p>\n","protected":false},"excerpt":{"rendered":"<p>Entdecke die Sch\u00f6nheit der <strong>Kanarischen Inseln \u2013 Teneriffa und La Gomera<\/strong> mit meiner detaillierten digitalen Karte, die <strong>180+ Orte<\/strong> auf diesen vielf\u00e4ltigen Inseln enth\u00e4lt. Erkunde <strong>neun Kartenkategorien.<\/strong> Der perfekte Helfer f\u00fcr deine Urlaubsplanung! <\/p>\n","protected":false},"featured_media":7386,"template":"","meta":{"_uag_custom_page_level_css":""},"product_brand":[],"product_cat":[266,249],"product_tag":[],"class_list":{"0":"post-7385","1":"product","2":"type-product","3":"status-publish","4":"has-post-thumbnail","6":"product_cat-ortskarten","7":"product_cat-unkategorisiert","9":"first","10":"instock","11":"downloadable","12":"virtual","13":"purchasable","14":"product-type-simple"},"uagb_featured_image_src":{"full":["https:\/\/misketravels.cz\/wp-content\/uploads\/2025\/03\/Tenerife.jpg",940,788,false],"thumbnail":["https:\/\/misketravels.cz\/wp-content\/uploads\/2025\/03\/Tenerife-150x150.jpg",150,150,true],"medium":["https:\/\/misketravels.cz\/wp-content\/uploads\/2025\/03\/Tenerife-300x251.jpg",300,251,true],"medium_large":["https:\/\/misketravels.cz\/wp-content\/uploads\/2025\/03\/Tenerife-768x644.jpg",768,644,true],"large":["https:\/\/misketravels.cz\/wp-content\/uploads\/2025\/03\/Tenerife-700x587.jpg",700,587,true],"1536x1536":["https:\/\/misketravels.cz\/wp-content\/uploads\/2025\/03\/Tenerife.jpg",940,788,false],"2048x2048":["https:\/\/misketravels.cz\/wp-content\/uploads\/2025\/03\/Tenerife.jpg",940,788,false],"post-thumbnail":["https:\/\/misketravels.cz\/wp-content\/uploads\/2025\/03\/Tenerife.jpg",940,788,false],"woocommerce_thumbnail":["https:\/\/misketravels.cz\/wp-content\/uploads\/2025\/03\/Tenerife-250x250.jpg",250,250,true],"woocommerce_single":["https:\/\/misketravels.cz\/wp-content\/uploads\/2025\/03\/Tenerife-400x335.jpg",400,335,true],"woocommerce_gallery_thumbnail":["https:\/\/misketravels.cz\/wp-content\/uploads\/2025\/03\/Tenerife-100x100.jpg",100,100,true],"yarpp-thumbnail":["https:\/\/misketravels.cz\/wp-content\/uploads\/2025\/03\/Tenerife-120x120.jpg",120,120,true]},"uagb_author_info":{"display_name":"Michaela Hrd\u00e1","author_link":"https:\/\/misketravels.cz\/de\/author\/"},"uagb_comment_info":0,"uagb_excerpt":"Entdecke die Sch\u00f6nheit der Kanarischen Inseln \u2013 Teneriffa und La Gomera mit meiner detaillierten digitalen Karte, die 180+ Orte auf diesen vielf\u00e4ltigen Inseln enth\u00e4lt. Erkunde neun Kartenkategorien. Der perfekte Helfer f\u00fcr deine Urlaubsplanung!","_links":{"self":[{"href":"https:\/\/misketravels.cz\/de\/wp-json\/wp\/v2\/product\/7385","targetHints":{"allow":["GET"]}}],"collection":[{"href":"https:\/\/misketravels.cz\/de\/wp-json\/wp\/v2\/product"}],"about":[{"href":"https:\/\/misketravels.cz\/de\/wp-json\/wp\/v2\/types\/product"}],"wp:featuredmedia":[{"embeddable":true,"href":"https:\/\/misketravels.cz\/de\/wp-json\/wp\/v2\/media\/7386"}],"wp:attachment":[{"href":"https:\/\/misketravels.cz\/de\/wp-json\/wp\/v2\/media?parent=7385"}],"wp:term":[{"taxonomy":"product_brand","embeddable":true,"href":"https:\/\/misketravels.cz\/de\/wp-json\/wp\/v2\/product_brand?post=7385"},{"taxonomy":"product_cat","embeddable":true,"href":"https:\/\/misketravels.cz\/de\/wp-json\/wp\/v2\/product_cat?post=7385"},{"taxonomy":"product_tag","embeddable":true,"href":"https:\/\/misketravels.cz\/de\/wp-json\/wp\/v2\/product_tag?post=7385"}],"curies":[{"name":"wp","href":"https:\/\/api.w.org\/{rel}","templated":true}]}}