{"id":7635,"date":"2026-02-03T21:26:45","date_gmt":"2026-02-03T20:26:45","guid":{"rendered":"https:\/\/misketravels.cz\/sparpaket-karten-atlantikinseln\/"},"modified":"2026-02-03T21:26:45","modified_gmt":"2026-02-03T20:26:45","slug":"sparpaket-karten-atlantikinseln","status":"publish","type":"product","link":"https:\/\/misketravels.cz\/de\/sparpaket-karten-atlantikinseln\/","title":{"rendered":"Sparpaket Karten: Atlantikinseln"},"content":{"rendered":"<h2 data-start=\"322\" data-end=\"360\"><strong data-start=\"322\" data-end=\"360\">Kanarische Inseln \u2022 Madeira \u2022 Azoren<\/strong><\/h2>\n<p data-start=\"362\" data-end=\"660\">Spare 10 % gegen\u00fcber dem regul\u00e4ren Preis! Dieses Sparpaket an Reisekarten ist ideal f\u00fcr alle, die die <strong data-start=\"450\" data-end=\"471\">Atlantikinseln<\/strong> detailgetreu und ohne Chaos entdecken wollen. Es kombiniert sorgf\u00e4ltig erstellte Karten der <strong data-start=\"529\" data-end=\"567\"><a href=\"https:\/\/misketravels.cz\/mapa-kanarske-ostrovy\/\" target=\"_blank\" rel=\"noopener\">Kanarischen Inseln<\/a>, <a href=\"https:\/\/misketravels.cz\/madeira-mapa-70-mist-co-videt\/\" target=\"_blank\" rel=\"noopener\">Madeiras<\/a> und der <a href=\"https:\/\/misketravels.cz\/azory-mapa\/\" target=\"_blank\" rel=\"noopener\">Azoren<\/a><\/strong>, die dir helfen, deine Route zu planen, dich vor Ort zu orientieren und keinen interessanten Ort zu verpassen.  <\/p>\n<h3 data-start=\"662\" data-end=\"690\">\ud83d\uddfa\ufe0f <strong data-start=\"666\" data-end=\"690\">Was du im Paket findest:<\/strong><\/h3>\n<ul data-start=\"691\" data-end=\"959\">\n<li data-start=\"691\" data-end=\"744\">\n<p data-start=\"693\" data-end=\"744\">\u00dcbersichtliche Reisekarten der einzelnen Inseln<\/p>\n<\/li>\n<li data-start=\"745\" data-end=\"813\">\n<p data-start=\"747\" data-end=\"813\">Markierte <strong data-start=\"755\" data-end=\"811\">Routen, Aussichtspunkte, Str\u00e4nde, St\u00e4dte und Sehensw\u00fcrdigkeiten oder Restaurant-Tipps<\/strong><\/p>\n<\/li>\n<li data-start=\"881\" data-end=\"959\">\n<p data-start=\"883\" data-end=\"959\">Karten, die sich sowohl f\u00fcr die <strong data-start=\"903\" data-end=\"921\">Planung zu Hause<\/strong> als auch f\u00fcr die Nutzung <strong data-start=\"939\" data-end=\"959\">direkt unterwegs<\/strong> eignen<\/p>\n<\/li>\n<\/ul>\n<h3 data-start=\"1176\" data-end=\"1203\">\ud83d\udca1 <strong data-start=\"1179\" data-end=\"1203\">Warum du das Paket kaufen solltest:<\/strong><\/h3>\n<ul data-start=\"1204\" data-end=\"1338\">\n<li data-start=\"1204\" data-end=\"1250\">\n<p data-start=\"1206\" data-end=\"1250\">G\u00fcnstiger als der Einzelkauf der Karten<\/p>\n<\/li>\n<li data-start=\"1251\" data-end=\"1297\">\n<p data-start=\"1253\" data-end=\"1297\">Alle angebotenen Atlantikinseln an einem Ort<\/p>\n<\/li>\n<li data-start=\"1298\" data-end=\"1338\">\n<p data-start=\"1300\" data-end=\"1338\">Du sparst Zeit bei der Planung und unterwegs<\/p>\n<\/li>\n<\/ul>\n<p data-start=\"1340\" data-end=\"1484\">Dieses Paket ist ideal f\u00fcr <strong data-start=\"1368\" data-end=\"1427\">Individualreisende, digitale Nomaden und Abenteurer<\/strong>, die ihre Route unter Kontrolle haben und smart reisen wollen.<\/p>\n","protected":false},"excerpt":{"rendered":"<p data-start=\"165\" data-end=\"417\">Sparpaket mit <strong>drei digitalen Reisekarten<\/strong>, um die Atlantikinseln ohne langes Suchen zu entdecken. \u00dcbersichtliche Karten: <strong><a href=\"https:\/\/misketravels.cz\/mapa-kanarske-ostrovy\/\" target=\"_blank\" rel=\"noopener\">Kanarische Inseln<\/a>, <a href=\"https:\/\/misketravels.cz\/madeira-mapa-70-mist-co-videt\/\" target=\"_blank\" rel=\"noopener\">Madeira <\/a>und <a href=\"https:\/\/misketravels.cz\/azory-mapa\/\" target=\"_blank\" rel=\"noopener\">Azoren<\/a><\/strong> mit markierten Routen, Aussichtspunkten, Str\u00e4nden, St\u00e4dten und weiteren Tipps f\u00fcr interessante Orte. <\/p>\n","protected":false},"featured_media":7055,"template":"","meta":{"_uag_custom_page_level_css":""},"product_brand":[],"product_cat":[266,249],"product_tag":[278],"class_list":{"0":"post-7635","1":"product","2":"type-product","3":"status-publish","4":"has-post-thumbnail","6":"product_cat-ortskarten","7":"product_cat-unkategorisiert","8":"product_tag-karten","10":"first","11":"instock","12":"sale","13":"downloadable","14":"virtual","15":"purchasable","16":"product-type-simple"},"uagb_featured_image_src":{"full":["https:\/\/misketravels.cz\/wp-content\/uploads\/2026\/02\/Madiera.jpg",940,788,false],"thumbnail":["https:\/\/misketravels.cz\/wp-content\/uploads\/2026\/02\/Madiera-150x150.jpg",150,150,true],"medium":["https:\/\/misketravels.cz\/wp-content\/uploads\/2026\/02\/Madiera-300x251.jpg",300,251,true],"medium_large":["https:\/\/misketravels.cz\/wp-content\/uploads\/2026\/02\/Madiera-768x644.jpg",768,644,true],"large":["https:\/\/misketravels.cz\/wp-content\/uploads\/2026\/02\/Madiera-700x587.jpg",700,587,true],"1536x1536":["https:\/\/misketravels.cz\/wp-content\/uploads\/2026\/02\/Madiera.jpg",940,788,false],"2048x2048":["https:\/\/misketravels.cz\/wp-content\/uploads\/2026\/02\/Madiera.jpg",940,788,false],"post-thumbnail":["https:\/\/misketravels.cz\/wp-content\/uploads\/2026\/02\/Madiera.jpg",940,788,false],"woocommerce_thumbnail":["https:\/\/misketravels.cz\/wp-content\/uploads\/2026\/02\/Madiera-250x250.jpg",250,250,true],"woocommerce_single":["https:\/\/misketravels.cz\/wp-content\/uploads\/2026\/02\/Madiera-400x335.jpg",400,335,true],"woocommerce_gallery_thumbnail":["https:\/\/misketravels.cz\/wp-content\/uploads\/2026\/02\/Madiera-100x100.jpg",100,100,true],"yarpp-thumbnail":["https:\/\/misketravels.cz\/wp-content\/uploads\/2026\/02\/Madiera-120x120.jpg",120,120,true]},"uagb_author_info":{"display_name":"Michaela Hrd\u00e1","author_link":"https:\/\/misketravels.cz\/de\/author\/"},"uagb_comment_info":0,"uagb_excerpt":"Sparpaket mit drei digitalen Reisekarten, um die Atlantikinseln ohne langes Suchen zu entdecken. \u00dcbersichtliche Karten: Kanarische Inseln, Madeira und Azoren mit markierten Routen, Aussichtspunkten, Str\u00e4nden, St\u00e4dten und weiteren Tipps f\u00fcr interessante Orte.","_links":{"self":[{"href":"https:\/\/misketravels.cz\/de\/wp-json\/wp\/v2\/product\/7635","targetHints":{"allow":["GET"]}}],"collection":[{"href":"https:\/\/misketravels.cz\/de\/wp-json\/wp\/v2\/product"}],"about":[{"href":"https:\/\/misketravels.cz\/de\/wp-json\/wp\/v2\/types\/product"}],"wp:featuredmedia":[{"embeddable":true,"href":"https:\/\/misketravels.cz\/de\/wp-json\/wp\/v2\/media\/7055"}],"wp:attachment":[{"href":"https:\/\/misketravels.cz\/de\/wp-json\/wp\/v2\/media?parent=7635"}],"wp:term":[{"taxonomy":"product_brand","embeddable":true,"href":"https:\/\/misketravels.cz\/de\/wp-json\/wp\/v2\/product_brand?post=7635"},{"taxonomy":"product_cat","embeddable":true,"href":"https:\/\/misketravels.cz\/de\/wp-json\/wp\/v2\/product_cat?post=7635"},{"taxonomy":"product_tag","embeddable":true,"href":"https:\/\/misketravels.cz\/de\/wp-json\/wp\/v2\/product_tag?post=7635"}],"curies":[{"name":"wp","href":"https:\/\/api.w.org\/{rel}","templated":true}]}}