{"id":7739,"date":"2023-11-08T20:20:28","date_gmt":"2023-11-08T19:20:28","guid":{"rendered":"https:\/\/misketravels.cz\/norwegen-karte-mit-300-highlights\/"},"modified":"2023-11-08T20:20:28","modified_gmt":"2023-11-08T19:20:28","slug":"norwegen-karte-mit-300-highlights","status":"publish","type":"product","link":"https:\/\/misketravels.cz\/de\/norwegen-karte-mit-300-highlights\/","title":{"rendered":"Norwegen: Karte mit 300+ Highlights"},"content":{"rendered":"<p><strong>Erkunde sieben Kategorien<\/strong>: Von atemberaubenden Aussichtspunkten \u00fcber Adrenalin-Trails und Wanderungen bis hin zu Wasserf\u00e4llen, Str\u00e4nden mit kristallklarem Wasser sowie Klettern und Klettersteigen \u2013 unsere Karte bietet dir Norwegen auf einen Blick.<\/p>\n<p><strong>Einfacher Zugriff \u00fcber Google Maps<\/strong>: Mit unserer Karte in der Tasche hast du st\u00e4ndigen Zugriff auf aktuelle Infos und Orte, die nur auf deinen Besuch warten. \u00d6ffne einfach Google Maps im Browser oder in der App und deine Reise beginnt. Nach Zahlungseingang erh\u00e4ltst du eine E-Mail mit einem PDF, das den Link und eine Anleitung enth\u00e4lt.  <\/p>\n<p>Wenn du per PayPal zahlst, erh\u00e4ltst du die E-Mail mit dem PDF sofort. Bei Bank\u00fcberweisung bem\u00fchen wir uns, die E-Mail innerhalb weniger Stunden zu versenden, sp\u00e4testens jedoch 48 Std. nach Zahlungseingang. <\/p>\n<p><strong>Warum unsere Karte w\u00e4hlen?<\/strong><\/p>\n<ul>\n<li><strong>Zeit sparen<\/strong>: Wir verwandeln stundenlange Planung in Momente der Begeisterung.<\/li>\n<li><strong>Entdecke verborgene Sch\u00e4tze<\/strong>: Dank lokaler Tipps und sorgf\u00e4ltiger Auswahl gelangst du an Orte, von denen andere noch nie geh\u00f6rt haben.<\/li>\n<li><strong>Immer aktuell<\/strong>: Unsere Karte lebt mit dir. Updates und neue Entdeckungen f\u00fcgen wir laufend hinzu. <\/li>\n<li><strong>Sprachen:<\/strong> Google Maps nutzt immer die von dir gew\u00e4hlte Sprache, aber meine Notizen in der Karte sind auf Tschechisch und Englisch.<\/li>\n<\/ul>\n<p>Du m\u00f6chtest nicht f\u00fcr 300+ Orte bezahlen? Lies den <a href=\"https:\/\/misketravels.cz\/norsko\/\">Artikel mit 35 Tipps f\u00fcr Sehensw\u00fcrdigkeiten und Aktivit\u00e4ten.<\/a> <\/p>\n<p>Bereite dich auf unvergessliche Erlebnisse und Entdeckungen vor. Mit unserer Karte erlebst du Norwegen, wie du es dir vielleicht nie vorgestellt hast. Machst du dich auf den Weg?  <\/p>\n","protected":false},"excerpt":{"rendered":"<p>Die Karte enth\u00fcllt \u00fcber <strong>300 einzigartige Sch\u00e4tze Norwegens<\/strong>, von vergessenen Aussichtspunkten bis hin zu geheimen Str\u00e4nden. Unsere Karte ist das Ergebnis pers\u00f6nlicher Erfahrungen und Tipps von Einheimischen, damit du ohne langes Planen auf Entdeckungstour gehen kannst. <\/p>\n","protected":false},"featured_media":2401,"template":"","meta":{"_uag_custom_page_level_css":""},"product_brand":[],"product_cat":[266,249],"product_tag":[302,301,303],"class_list":{"0":"post-7739","1":"product","2":"type-product","3":"status-publish","4":"has-post-thumbnail","6":"product_cat-ortskarten","7":"product_cat-unkategorisiert","8":"product_tag-norwegen","9":"product_tag-norwegen-karte","10":"product_tag-norwegen-urlaub","12":"first","13":"instock","14":"downloadable","15":"virtual","16":"purchasable","17":"product-type-simple"},"uagb_featured_image_src":{"full":["https:\/\/misketravels.cz\/wp-content\/uploads\/2023\/11\/phone-lofoty.png",1080,1080,false],"thumbnail":["https:\/\/misketravels.cz\/wp-content\/uploads\/2023\/11\/phone-lofoty-150x150.png",150,150,true],"medium":["https:\/\/misketravels.cz\/wp-content\/uploads\/2023\/11\/phone-lofoty-300x300.png",300,300,true],"medium_large":["https:\/\/misketravels.cz\/wp-content\/uploads\/2023\/11\/phone-lofoty-768x768.png",768,768,true],"large":["https:\/\/misketravels.cz\/wp-content\/uploads\/2023\/11\/phone-lofoty-1024x1024.png",700,700,true],"1536x1536":["https:\/\/misketravels.cz\/wp-content\/uploads\/2023\/11\/phone-lofoty.png",1080,1080,false],"2048x2048":["https:\/\/misketravels.cz\/wp-content\/uploads\/2023\/11\/phone-lofoty.png",1080,1080,false],"post-thumbnail":["https:\/\/misketravels.cz\/wp-content\/uploads\/2023\/11\/phone-lofoty.png",1080,1080,false],"woocommerce_thumbnail":["https:\/\/misketravels.cz\/wp-content\/uploads\/2023\/11\/phone-lofoty-250x250.png",250,250,true],"woocommerce_single":["https:\/\/misketravels.cz\/wp-content\/uploads\/2023\/11\/phone-lofoty-400x400.png",400,400,true],"woocommerce_gallery_thumbnail":["https:\/\/misketravels.cz\/wp-content\/uploads\/2023\/11\/phone-lofoty-100x100.png",100,100,true],"yarpp-thumbnail":["https:\/\/misketravels.cz\/wp-content\/uploads\/2023\/11\/phone-lofoty.png",120,120,false]},"uagb_author_info":{"display_name":"Michaela Hrd\u00e1","author_link":"https:\/\/misketravels.cz\/de\/author\/"},"uagb_comment_info":0,"uagb_excerpt":"Die Karte enth\u00fcllt \u00fcber 300 einzigartige Sch\u00e4tze Norwegens, von vergessenen Aussichtspunkten bis hin zu geheimen Str\u00e4nden. Unsere Karte ist das Ergebnis pers\u00f6nlicher Erfahrungen und Tipps von Einheimischen, damit du ohne langes Planen auf Entdeckungstour gehen kannst.","_links":{"self":[{"href":"https:\/\/misketravels.cz\/de\/wp-json\/wp\/v2\/product\/7739","targetHints":{"allow":["GET"]}}],"collection":[{"href":"https:\/\/misketravels.cz\/de\/wp-json\/wp\/v2\/product"}],"about":[{"href":"https:\/\/misketravels.cz\/de\/wp-json\/wp\/v2\/types\/product"}],"wp:featuredmedia":[{"embeddable":true,"href":"https:\/\/misketravels.cz\/de\/wp-json\/wp\/v2\/media\/2401"}],"wp:attachment":[{"href":"https:\/\/misketravels.cz\/de\/wp-json\/wp\/v2\/media?parent=7739"}],"wp:term":[{"taxonomy":"product_brand","embeddable":true,"href":"https:\/\/misketravels.cz\/de\/wp-json\/wp\/v2\/product_brand?post=7739"},{"taxonomy":"product_cat","embeddable":true,"href":"https:\/\/misketravels.cz\/de\/wp-json\/wp\/v2\/product_cat?post=7739"},{"taxonomy":"product_tag","embeddable":true,"href":"https:\/\/misketravels.cz\/de\/wp-json\/wp\/v2\/product_tag?post=7739"}],"curies":[{"name":"wp","href":"https:\/\/api.w.org\/{rel}","templated":true}]}}