{"id":7759,"date":"2024-06-10T20:17:04","date_gmt":"2024-06-10T18:17:04","guid":{"rendered":"https:\/\/misketravels.cz\/madeira-karte-mit-130-sehenswuerdigkeiten\/"},"modified":"2026-03-29T16:43:53","modified_gmt":"2026-03-29T14:43:53","slug":"madeira-karte-mit-130-sehenswuerdigkeiten","status":"publish","type":"product","link":"https:\/\/misketravels.cz\/de\/madeira-karte-mit-130-sehenswuerdigkeiten\/","title":{"rendered":"Madeira: Karte mit 130+ Sehensw\u00fcrdigkeiten"},"content":{"rendered":"<div class=\"flex-shrink-0 flex flex-col relative items-end\">\n<div>\n<div class=\"pt-0.5 juice:pt-0\">\n<div class=\"gizmo-shadow-stroke flex h-6 w-6 items-center justify-center overflow-hidden rounded-full juice:h-8 juice:w-8\">\n<div class=\"h-6 w-6 juice:h-full juice:w-full\"><\/div>\n<\/div>\n<\/div>\n<\/div>\n<\/div>\n<div class=\"group\/conversation-turn relative flex w-full min-w-0 flex-col agent-turn\">\n<div class=\"font-semibold select-none\">Diese Madeira-Karte enth\u00e4lt <strong>alle bedeutenden und unentdeckten Sehensw\u00fcrdigkeiten<\/strong>, die diese Insel zu bieten hat, einschlie\u00dflich <strong>Aussichtspunkten, Str\u00e4nden und Naturschwimmbecken, Wanderwegen, Wasserf\u00e4llen, Campingpl\u00e4tzen, einer Auswahl an Restaurants und Unterk\u00fcnften.<\/strong> Die Karte enth\u00e4lt auch die detaillierte Route der <strong>Madeira-\u00dcberquerung.<\/strong> Perfekt f\u00fcr deine Urlaubsplanung.<\/div>\n<div><\/div>\n<\/div>\n<div>\n<div class=\"flex-col gap-1 md:gap-3\">\n<div class=\"flex flex-grow flex-col max-w-full\">\n<div class=\"min-h-[20px] text-message flex flex-col items-start whitespace-pre-wrap break-words [.text-message+&amp;]:mt-5 juice:w-full juice:items-end overflow-x-auto gap-3\" dir=\"auto\" data-message-author-role=\"assistant\" data-message-id=\"0b14b7a8-e6cf-4a45-b5b3-026928f48682\">\n<div class=\"markdown prose w-full break-words dark:prose-invert light\">\n<p><strong>Bequemer Zugriff<\/strong><\/p>\n<p>Alles, was du zum Anzeigen dieser Karte ben\u00f6tigst, sind Google Maps in deinem Browser oder in der App. Wann immer du die Karte \u00f6ffnest, siehst du die aktuellste Version, voller Tipps und pers\u00f6nlich gepr\u00fcfter Empfehlungen. Nach Zahlungseingang erh\u00e4ltst du eine E-Mail mit einer PDF-Datei, die den Link und eine Anleitung enth\u00e4lt.<\/p>\n<p>Wenn du per PayPal bezahlst, erh\u00e4ltst du die E-Mail mit der PDF sofort. Bei Bank\u00fcberweisung bem\u00fchen wir uns, die E-Mail innerhalb weniger Stunden zu versenden, sp\u00e4testens jedoch 3 Tage nach Zahlungseingang.<\/p>\n<p>Du kannst auch das <a href=\"https:\/\/misketravels.cz\/de\/sparpaket-karten-atlantikinseln\/\" target=\"_blank\" rel=\"noopener\">vorteilhafte Karten-Paket der Atlantikinseln<\/a> nutzen<\/p>\n<p><strong>Was du bekommst<\/strong><\/p>\n<ul>\n<li><strong>Zeitersparnis:<\/strong> Vergiss stundenlanges Planen. Mit meiner Karte entdeckst du das Beste von Madeira effizient und mit Freude.<\/li>\n<li><strong>Geheimtipps:<\/strong> Dank meiner Empfehlungen gelangst du an Orte, die abseits der \u00fcblichen Touristenpfade liegen.<\/li>\n<li><strong>St\u00e4ndig aktualisierte Informationen:<\/strong> Meine Karte ist ein lebendiger Organismus. Ich f\u00fcge laufend neue Entdeckungen und Updates hinzu, damit du immer die aktuellsten Infos hast.<\/li>\n<li><strong>Sprachen:<\/strong> Google Maps nutzt immer die von dir gew\u00e4hlte Sprache, aber meine Notizen in der Karte sind auf Tschechisch und Englisch.<\/li>\n<\/ul>\n<p>&nbsp;<\/p>\n<p><strong>Mach den ersten Schritt zu einem unvergesslichen Urlaub mit meiner Madeira-Karte!<\/strong><\/p>\n<\/div>\n<\/div>\n<\/div>\n<\/div>\n<\/div>\n","protected":false},"excerpt":{"rendered":"<p>Entdecke die Sch\u00f6nheit Madeiras mit meiner detaillierten Karte, die 130<strong>+ touristische und geheime Orte<\/strong> auf dieser wundersch\u00f6nen Insel enth\u00e4lt. Erkunde die acht Kategorien der Karte. Du kannst auch das <a href=\"https:\/\/misketravels.cz\/de\/sparpaket-karten-atlantikinseln\/\" target=\"_blank\" rel=\"noopener\">vorteilhafte Karten-Paket der Atlantikinseln<\/a> nutzen<\/p>\n","protected":false},"featured_media":7638,"template":"","meta":{"_uag_custom_page_level_css":""},"product_brand":[],"product_cat":[266,249],"product_tag":[278,310],"class_list":{"0":"post-7759","1":"product","2":"type-product","3":"status-publish","4":"has-post-thumbnail","6":"product_cat-ortskarten","7":"product_cat-unkategorisiert","8":"product_tag-karten","9":"product_tag-madeira","11":"first","12":"instock","13":"downloadable","14":"virtual","15":"purchasable","16":"product-type-simple"},"uagb_featured_image_src":{"full":["https:\/\/misketravels.cz\/wp-content\/uploads\/2024\/06\/Madeira.jpg",940,788,false],"thumbnail":["https:\/\/misketravels.cz\/wp-content\/uploads\/2024\/06\/Madeira-150x150.jpg",150,150,true],"medium":["https:\/\/misketravels.cz\/wp-content\/uploads\/2024\/06\/Madeira-300x251.jpg",300,251,true],"medium_large":["https:\/\/misketravels.cz\/wp-content\/uploads\/2024\/06\/Madeira-768x644.jpg",768,644,true],"large":["https:\/\/misketravels.cz\/wp-content\/uploads\/2024\/06\/Madeira-700x587.jpg",700,587,true],"1536x1536":["https:\/\/misketravels.cz\/wp-content\/uploads\/2024\/06\/Madeira.jpg",940,788,false],"2048x2048":["https:\/\/misketravels.cz\/wp-content\/uploads\/2024\/06\/Madeira.jpg",940,788,false],"post-thumbnail":["https:\/\/misketravels.cz\/wp-content\/uploads\/2024\/06\/Madeira.jpg",940,788,false],"woocommerce_thumbnail":["https:\/\/misketravels.cz\/wp-content\/uploads\/2024\/06\/Madeira-250x250.jpg",250,250,true],"woocommerce_single":["https:\/\/misketravels.cz\/wp-content\/uploads\/2024\/06\/Madeira-400x335.jpg",400,335,true],"woocommerce_gallery_thumbnail":["https:\/\/misketravels.cz\/wp-content\/uploads\/2024\/06\/Madeira-100x100.jpg",100,100,true],"yarpp-thumbnail":["https:\/\/misketravels.cz\/wp-content\/uploads\/2024\/06\/Madeira-120x120.jpg",120,120,true]},"uagb_author_info":{"display_name":"Michaela Hrd\u00e1","author_link":"https:\/\/misketravels.cz\/de\/author\/"},"uagb_comment_info":0,"uagb_excerpt":"Entdecke die Sch\u00f6nheit Madeiras mit meiner detaillierten Karte, die 130+ touristische und geheime Orte auf dieser wundersch\u00f6nen Insel enth\u00e4lt. Erkunde die acht Kategorien der Karte. Du kannst auch das vorteilhafte Karten-Paket der Atlantikinseln nutzen","_links":{"self":[{"href":"https:\/\/misketravels.cz\/de\/wp-json\/wp\/v2\/product\/7759","targetHints":{"allow":["GET"]}}],"collection":[{"href":"https:\/\/misketravels.cz\/de\/wp-json\/wp\/v2\/product"}],"about":[{"href":"https:\/\/misketravels.cz\/de\/wp-json\/wp\/v2\/types\/product"}],"wp:featuredmedia":[{"embeddable":true,"href":"https:\/\/misketravels.cz\/de\/wp-json\/wp\/v2\/media\/7638"}],"wp:attachment":[{"href":"https:\/\/misketravels.cz\/de\/wp-json\/wp\/v2\/media?parent=7759"}],"wp:term":[{"taxonomy":"product_brand","embeddable":true,"href":"https:\/\/misketravels.cz\/de\/wp-json\/wp\/v2\/product_brand?post=7759"},{"taxonomy":"product_cat","embeddable":true,"href":"https:\/\/misketravels.cz\/de\/wp-json\/wp\/v2\/product_cat?post=7759"},{"taxonomy":"product_tag","embeddable":true,"href":"https:\/\/misketravels.cz\/de\/wp-json\/wp\/v2\/product_tag?post=7759"}],"curies":[{"name":"wp","href":"https:\/\/api.w.org\/{rel}","templated":true}]}}