{"id":7771,"date":"2024-06-07T10:52:45","date_gmt":"2024-06-07T08:52:45","guid":{"rendered":"https:\/\/misketravels.cz\/azoren-karte-mit-110-sehenswuerdigkeiten\/"},"modified":"2024-06-07T10:52:45","modified_gmt":"2024-06-07T08:52:45","slug":"azoren-karte-mit-110-sehenswuerdigkeiten","status":"publish","type":"product","link":"https:\/\/misketravels.cz\/de\/azoren-karte-mit-110-sehenswuerdigkeiten\/","title":{"rendered":"Azoren: Karte mit 110+ Sehensw\u00fcrdigkeiten"},"content":{"rendered":"<div class=\"flex-1 overflow-hidden\">\n<div class=\"react-scroll-to-bottom--css-nhgvl-79elbk h-full\">\n<div class=\"react-scroll-to-bottom--css-nhgvl-1n7m0yu\">\n<div class=\"flex flex-col text-sm pb-9\">\n<div class=\"w-full text-token-text-primary\" dir=\"auto\" data-testid=\"conversation-turn-7\" data-scroll-anchor=\"true\">\n<div class=\"py-2 juice:py-[18px] px-3 text-base md:px-4 m-auto md:px-5 lg:px-1 xl:px-5\">\n<div class=\"mx-auto flex flex-1 gap-3 text-base juice:gap-4 juice:md:gap-5 juice:lg:gap-6 md:max-w-3xl lg:max-w-[40rem] xl:max-w-[48rem]\">\n<div class=\"flex-shrink-0 flex flex-col relative items-end\">\n<div class=\"pt-0.5 juice:pt-0\">\n<div class=\"gizmo-shadow-stroke flex h-6 w-6 items-center justify-center overflow-hidden rounded-full juice:h-8 juice:w-8\">\n<div>\n<h3><strong>Entdecke zehn Kartenkategorien<\/strong><\/h3>\n<p>Diese Karte der Azoren umfasst alle bedeutenden und unentdeckten <strong>Sehensw\u00fcrdigkeiten,<\/strong> die diese Inseln zu bieten haben, einschlie\u00dflich <strong>Aussichtspunkten, Str\u00e4nden, Wanderwegen, Urbex-Spots, Wasserf\u00e4llen, hei\u00dfen Quellen, Restaurants und Unterk\u00fcnften inklusive Campingpl\u00e4tzen.<\/strong> Perfekt f\u00fcr deine Urlaubsplanung.<\/p>\n<p>Du kannst auch das <a href=\"https:\/\/misketravels.cz\/mapy-ostrovy-atlantiku\/\" target=\"_blank\" rel=\"noopener\">vorteilhafte Karten-Paket der Atlantikinseln<\/a> nutzen<\/p>\n<\/div>\n<div><\/div>\n<div>\n<h3><strong>Bequemer Zugriff<\/strong><\/h3>\n<p>Alles, was du zum Anzeigen dieser Karte ben\u00f6tigst, ist Google Maps in deinem Browser oder in der App. Wann immer du die Karte \u00f6ffnest, siehst du die aktuellste Version voller Tipps und pers\u00f6nlich gepr\u00fcfter Empfehlungen. Nach Zahlungseingang erh\u00e4ltst du eine E-Mail mit einem PDF-Download, der den Link und eine Anleitung enth\u00e4lt.  <\/p>\n<p>Bei Zahlung per PayPal erh\u00e4ltst du die E-Mail mit dem PDF sofort. Bei Bank\u00fcberweisung bem\u00fchen wir uns, die E-Mail innerhalb weniger Stunden zu versenden, sp\u00e4testens jedoch 48 h nach Zahlungseingang. <\/p>\n<h3><strong>Was du bekommst<\/strong><\/h3>\n<ul>\n<li><strong>Zeitersparnis<\/strong>: Vergiss stundenlange Planung. Mit meiner Karte entdeckst du das Beste von Georgien effizient und mit Freude. <\/li>\n<li><strong>Geheimtipps<\/strong>: Dank meiner Tipps und Empfehlungen gelangst du an Orte abseits der \u00fcblichen Touristenpfade.<\/li>\n<li><strong>St\u00e4ndig aktualisierte Informationen<\/strong>: Meine Karte ist ein lebendiger Organismus. Ich f\u00fcge laufend neue Entdeckungen und Updates hinzu, damit du immer die aktuellsten Informationen hast. <\/li>\n<\/ul>\n<\/div>\n<div>Du m\u00f6chtest nicht f\u00fcr 110+ Orte bezahlen? Lies den <a href=\"https:\/\/misketravels.cz\/azory\/\">Artikel mit Tipps zu 15 Orten. <\/a>  <\/div>\n<div><\/div>\n<\/div>\n<\/div>\n<\/div>\n<div class=\"group\/conversation-turn relative flex w-full min-w-0 flex-col agent-turn\">\n<div class=\"flex-col gap-1 md:gap-3\">\n<div class=\"flex flex-grow flex-col max-w-full\">\n<div class=\"min-h-[20px] text-message flex flex-col items-start whitespace-pre-wrap break-words [.text-message+&amp;]:mt-5 juice:w-full juice:items-end overflow-x-auto gap-3\" dir=\"auto\" data-message-author-role=\"assistant\" data-message-id=\"ba1c6874-c089-4af3-9b22-921f906c7ad8\">\n<div class=\"markdown prose w-full break-words dark:prose-invert light\">\n<p><strong>Mache den ersten Schritt zu einem unvergesslichen Urlaub mit meiner Azoren-Karte!<\/strong><\/p>\n<\/div>\n<\/div>\n<\/div>\n<\/div>\n<\/div>\n<\/div>\n<\/div>\n<\/div>\n<\/div>\n<\/div>\n<\/div>\n<\/div>\n","protected":false},"excerpt":{"rendered":"<p>Entdecke die Sch\u00f6nheit der Azoren-Inseln <strong>S\u00e3o Miguel, Corvo, Flores und Pico<\/strong> mit meiner detaillierten Karte, die 110+ touristische sowie geheime Orte auf den Azoren enth\u00e4lt. Du kannst auch das <a href=\"https:\/\/misketravels.cz\/mapy-ostrovy-atlantiku\/\" target=\"_blank\" rel=\"noopener\">vorteilhafte Karten-Paket der Atlantikinseln<\/a> nutzen<\/p>\n","protected":false},"featured_media":3044,"template":"","meta":{"_uag_custom_page_level_css":""},"product_brand":[],"product_cat":[266,249],"product_tag":[319,320,278],"class_list":{"0":"post-7771","1":"product","2":"type-product","3":"status-publish","4":"has-post-thumbnail","6":"product_cat-ortskarten","7":"product_cat-unkategorisiert","8":"product_tag-azoren","9":"product_tag-azoren-inseln","10":"product_tag-karten","12":"first","13":"instock","14":"downloadable","15":"virtual","16":"purchasable","17":"product-type-simple"},"uagb_featured_image_src":{"full":["https:\/\/misketravels.cz\/wp-content\/uploads\/2024\/06\/Azory.jpg",940,788,false],"thumbnail":["https:\/\/misketravels.cz\/wp-content\/uploads\/2024\/06\/Azory-150x150.jpg",150,150,true],"medium":["https:\/\/misketravels.cz\/wp-content\/uploads\/2024\/06\/Azory-300x251.jpg",300,251,true],"medium_large":["https:\/\/misketravels.cz\/wp-content\/uploads\/2024\/06\/Azory-768x644.jpg",768,644,true],"large":["https:\/\/misketravels.cz\/wp-content\/uploads\/2024\/06\/Azory-700x587.jpg",700,587,true],"1536x1536":["https:\/\/misketravels.cz\/wp-content\/uploads\/2024\/06\/Azory.jpg",940,788,false],"2048x2048":["https:\/\/misketravels.cz\/wp-content\/uploads\/2024\/06\/Azory.jpg",940,788,false],"post-thumbnail":["https:\/\/misketravels.cz\/wp-content\/uploads\/2024\/06\/Azory.jpg",940,788,false],"woocommerce_thumbnail":["https:\/\/misketravels.cz\/wp-content\/uploads\/2024\/06\/Azory-250x250.jpg",250,250,true],"woocommerce_single":["https:\/\/misketravels.cz\/wp-content\/uploads\/2024\/06\/Azory-400x335.jpg",400,335,true],"woocommerce_gallery_thumbnail":["https:\/\/misketravels.cz\/wp-content\/uploads\/2024\/06\/Azory-100x100.jpg",100,100,true],"yarpp-thumbnail":["https:\/\/misketravels.cz\/wp-content\/uploads\/2024\/06\/Azory-120x120.jpg",120,120,true]},"uagb_author_info":{"display_name":"Michaela Hrd\u00e1","author_link":"https:\/\/misketravels.cz\/de\/author\/"},"uagb_comment_info":0,"uagb_excerpt":"Entdecke die Sch\u00f6nheit der Azoren-Inseln S\u00e3o Miguel, Corvo, Flores und Pico mit meiner detaillierten Karte, die 110+ touristische sowie geheime Orte auf den Azoren enth\u00e4lt. Du kannst auch das vorteilhafte Karten-Paket der Atlantikinseln nutzen","_links":{"self":[{"href":"https:\/\/misketravels.cz\/de\/wp-json\/wp\/v2\/product\/7771","targetHints":{"allow":["GET"]}}],"collection":[{"href":"https:\/\/misketravels.cz\/de\/wp-json\/wp\/v2\/product"}],"about":[{"href":"https:\/\/misketravels.cz\/de\/wp-json\/wp\/v2\/types\/product"}],"wp:featuredmedia":[{"embeddable":true,"href":"https:\/\/misketravels.cz\/de\/wp-json\/wp\/v2\/media\/3044"}],"wp:attachment":[{"href":"https:\/\/misketravels.cz\/de\/wp-json\/wp\/v2\/media?parent=7771"}],"wp:term":[{"taxonomy":"product_brand","embeddable":true,"href":"https:\/\/misketravels.cz\/de\/wp-json\/wp\/v2\/product_brand?post=7771"},{"taxonomy":"product_cat","embeddable":true,"href":"https:\/\/misketravels.cz\/de\/wp-json\/wp\/v2\/product_cat?post=7771"},{"taxonomy":"product_tag","embeddable":true,"href":"https:\/\/misketravels.cz\/de\/wp-json\/wp\/v2\/product_tag?post=7771"}],"curies":[{"name":"wp","href":"https:\/\/api.w.org\/{rel}","templated":true}]}}