{"id":7849,"date":"2026-02-10T10:27:30","date_gmt":"2026-02-10T09:27:30","guid":{"rendered":"https:\/\/misketravels.cz\/oesterreich-slowenien-sparpaket-karten\/"},"modified":"2026-02-10T10:27:30","modified_gmt":"2026-02-10T09:27:30","slug":"oesterreich-slowenien-sparpaket-karten","status":"publish","type":"product","link":"https:\/\/misketravels.cz\/de\/oesterreich-slowenien-sparpaket-karten\/","title":{"rendered":"\u00d6sterreich + Slowenien: Sparpaket Karten"},"content":{"rendered":"<p data-start=\"280\" data-end=\"542\">Dieses Sparpaket an Reisekarten kombiniert <strong data-start=\"330\" data-end=\"354\"><a href=\"https:\/\/misketravels.cz\/rakousko-mapa-dovolena\/\" target=\"_blank\" rel=\"noopener\">\u00d6sterreich<\/a> und <a href=\"https:\/\/misketravels.cz\/slovinsko-mapa\/\" target=\"_blank\" rel=\"noopener\">Slowenien<\/a><\/strong> \u2013 zwei ideale Ziele f\u00fcr Roadtrips, Bergtouren und Aktivurlaub in der Natur. Dank der \u00fcbersichtlichen Karten hast du alle wichtigen Punkte an einem Ort und reist ohne unn\u00f6tiges Chaos. <\/p>\n<p data-start=\"544\" data-end=\"788\">In den Karten findest du sorgf\u00e4ltig ausgew\u00e4hlte <strong data-start=\"577\" data-end=\"691\">Natursehensw\u00fcrdigkeiten, Aussichtspunkte, Seen, Berge, St\u00e4dte, Wanderwege sowie Tipps f\u00fcr Orte, die einen Stopp wert sind<\/strong>. Das Paket eignet sich sowohl f\u00fcr die detaillierte Planung zu Hause als auch f\u00fcr die Nutzung direkt unterwegs auf dem Handy. <\/p>\n<p data-start=\"790\" data-end=\"838\">\ud83d\udca1 <strong data-start=\"793\" data-end=\"838\">Warum du das Paket \u00d6sterreich &amp; Slowenien kaufen solltest:<\/strong><\/p>\n<ul data-start=\"839\" data-end=\"1045\">\n<li data-start=\"839\" data-end=\"885\">\n<p data-start=\"841\" data-end=\"885\">G\u00fcnstiger als der Einzelkauf der Karten<\/p>\n<\/li>\n<li data-start=\"886\" data-end=\"937\">\n<p data-start=\"888\" data-end=\"937\">Ideale Kombination f\u00fcr einen oder mehrere Roadtrips<\/p>\n<\/li>\n<li data-start=\"938\" data-end=\"985\">\n<p data-start=\"940\" data-end=\"985\">\u00dcbersichtliche Planung von Routen, Ausfl\u00fcgen und Stopps<\/p>\n<\/li>\n<li data-start=\"986\" data-end=\"1045\">\n<p data-start=\"988\" data-end=\"1045\">Gro\u00dfartig f\u00fcr Liebhaber von Bergen, Natur und aktivem Reisen<\/p>\n<\/li>\n<\/ul>\n<p data-start=\"1047\" data-end=\"1176\">Das Paket wird von Individualreisenden, Abenteurern und all jenen gesch\u00e4tzt, die das Beste aus ihrem Urlaub herausholen wollen, ohne lange nach Informationen suchen zu m\u00fcssen.<\/p>\n<p><strong>Bequemer Zugriff<\/strong><\/p>\n<p>Alles, was du zur Anzeige dieser Karte ben\u00f6tigst, ist <strong>Google Maps<\/strong> in deinem Browser oder in der App. Wann immer du die Karte \u00f6ffnest, siehst du die <strong>aktuellste Version<\/strong> voller Tipps und pers\u00f6nlich gepr\u00fcfter Empfehlungen. Nach Zahlungseingang erh\u00e4ltst du eine E-Mail mit einem <strong>PDF mit Link und Anleitung.<\/strong>   <\/p>\n<p>Wenn du <strong>per PayPal<\/strong> zahlst, erh\u00e4ltst du die E-Mail mit dem PDF <strong>sofort<\/strong>. Bei Bank\u00fcberweisung bem\u00fchen wir uns, die E-Mail innerhalb weniger Stunden zu versenden, sp\u00e4testens jedoch innerhalb von zwei Werktagen nach Zahlungseingang. <\/p>\n<p><strong>ACHTUNG! Du kannst die Datei nur einmal herunterladen.  Falls das System meldet, dass du die maximale Anzahl an Downloads erreicht hast, wurde der Download bereits durchgef\u00fchrt. \u00dcberpr\u00fcfe daher alle Ordner namens \u201eDownloads\u201c auf deinem Ger\u00e4t! <\/strong><\/p>\n","protected":false},"excerpt":{"rendered":"<p>Sparpaket digitaler Karten von <strong><a href=\"https:\/\/misketravels.cz\/rakousko-mapa-dovolena\/\" target=\"_blank\" rel=\"noopener\">\u00d6sterreich<\/a> und <a href=\"https:\/\/misketravels.cz\/slovinsko-mapa\/\" target=\"_blank\" rel=\"noopener\">Slowenien<\/a><\/strong> mit <strong>Wanderwegen, Natursehensw\u00fcrdigkeiten, St\u00e4dten und Ausflugstipps<\/strong>. Ideal f\u00fcr die Planung von Roadtrips und zur Orientierung direkt unterwegs. Du sparst Zeit und Geld gegen\u00fcber dem Einzelkauf.  <\/p>\n","protected":false},"featured_media":6554,"template":"","meta":{"_uag_custom_page_level_css":""},"product_brand":[],"product_cat":[350,266,249],"product_tag":[278,352,351],"class_list":{"0":"post-7849","1":"product","2":"type-product","3":"status-publish","4":"has-post-thumbnail","6":"product_cat-nicht-kategorisiert","7":"product_cat-ortskarten","8":"product_cat-unkategorisiert","9":"product_tag-karten","10":"product_tag-osterreich","11":"product_tag-slowenien","13":"first","14":"instock","15":"sale","16":"downloadable","17":"virtual","18":"purchasable","19":"product-type-simple"},"uagb_featured_image_src":{"full":["https:\/\/misketravels.cz\/wp-content\/uploads\/2025\/08\/Rakousko.jpg",940,788,false],"thumbnail":["https:\/\/misketravels.cz\/wp-content\/uploads\/2025\/08\/Rakousko-150x150.jpg",150,150,true],"medium":["https:\/\/misketravels.cz\/wp-content\/uploads\/2025\/08\/Rakousko-300x251.jpg",300,251,true],"medium_large":["https:\/\/misketravels.cz\/wp-content\/uploads\/2025\/08\/Rakousko-768x644.jpg",768,644,true],"large":["https:\/\/misketravels.cz\/wp-content\/uploads\/2025\/08\/Rakousko-700x587.jpg",700,587,true],"1536x1536":["https:\/\/misketravels.cz\/wp-content\/uploads\/2025\/08\/Rakousko.jpg",940,788,false],"2048x2048":["https:\/\/misketravels.cz\/wp-content\/uploads\/2025\/08\/Rakousko.jpg",940,788,false],"post-thumbnail":["https:\/\/misketravels.cz\/wp-content\/uploads\/2025\/08\/Rakousko.jpg",940,788,false],"woocommerce_thumbnail":["https:\/\/misketravels.cz\/wp-content\/uploads\/2025\/08\/Rakousko-250x250.jpg",250,250,true],"woocommerce_single":["https:\/\/misketravels.cz\/wp-content\/uploads\/2025\/08\/Rakousko-400x335.jpg",400,335,true],"woocommerce_gallery_thumbnail":["https:\/\/misketravels.cz\/wp-content\/uploads\/2025\/08\/Rakousko-100x100.jpg",100,100,true],"yarpp-thumbnail":["https:\/\/misketravels.cz\/wp-content\/uploads\/2025\/08\/Rakousko-120x120.jpg",120,120,true]},"uagb_author_info":{"display_name":"Michaela Hrd\u00e1","author_link":"https:\/\/misketravels.cz\/de\/author\/"},"uagb_comment_info":0,"uagb_excerpt":"Sparpaket digitaler Karten von \u00d6sterreich und Slowenien mit Wanderwegen, Natursehensw\u00fcrdigkeiten, St\u00e4dten und Ausflugstipps. Ideal f\u00fcr die Planung von Roadtrips und zur Orientierung direkt unterwegs. Du sparst Zeit und Geld gegen\u00fcber dem Einzelkauf.","_links":{"self":[{"href":"https:\/\/misketravels.cz\/de\/wp-json\/wp\/v2\/product\/7849","targetHints":{"allow":["GET"]}}],"collection":[{"href":"https:\/\/misketravels.cz\/de\/wp-json\/wp\/v2\/product"}],"about":[{"href":"https:\/\/misketravels.cz\/de\/wp-json\/wp\/v2\/types\/product"}],"wp:featuredmedia":[{"embeddable":true,"href":"https:\/\/misketravels.cz\/de\/wp-json\/wp\/v2\/media\/6554"}],"wp:attachment":[{"href":"https:\/\/misketravels.cz\/de\/wp-json\/wp\/v2\/media?parent=7849"}],"wp:term":[{"taxonomy":"product_brand","embeddable":true,"href":"https:\/\/misketravels.cz\/de\/wp-json\/wp\/v2\/product_brand?post=7849"},{"taxonomy":"product_cat","embeddable":true,"href":"https:\/\/misketravels.cz\/de\/wp-json\/wp\/v2\/product_cat?post=7849"},{"taxonomy":"product_tag","embeddable":true,"href":"https:\/\/misketravels.cz\/de\/wp-json\/wp\/v2\/product_tag?post=7849"}],"curies":[{"name":"wp","href":"https:\/\/api.w.org\/{rel}","templated":true}]}}