{"id":7893,"date":"2025-08-06T18:06:08","date_gmt":"2025-08-06T16:06:08","guid":{"rendered":"https:\/\/misketravels.cz\/oesterreich-karte-mit-360-orten-fuer-deinen-urlaub-von-misketravels\/"},"modified":"2025-08-06T18:06:08","modified_gmt":"2025-08-06T16:06:08","slug":"oesterreich-karte-mit-360-orten-fuer-deinen-urlaub-von-misketravels","status":"publish","type":"product","link":"https:\/\/misketravels.cz\/de\/oesterreich-karte-mit-360-orten-fuer-deinen-urlaub-von-misketravels\/","title":{"rendered":"\u00d6sterreich: Karte mit 360+ Orten f\u00fcr deinen Urlaub von Mi\u0161ketravels"},"content":{"rendered":"<p>Entdecke \u00d6sterreich mit meiner digitalen Karte, die dir nicht nur bekannte Touristenziele zeigt, sondern auch <strong>Orte abseits der ausgetretenen Pfade.<\/strong><!--more--><\/p>\n<p>In meiner \u00d6sterreich-Karte findest du Tipps f\u00fcr <strong>Tageswanderungen und mehrt\u00e4gige Berg\u00fcberquerungen, Klettersteige,<\/strong> <strong data-start=\"372\" data-end=\"461\">Unterk\u00fcnfte inklusive Biwakpl\u00e4tzen, Aussichtspunkte, Touristenattraktionen, Outdoor-Badepl\u00e4tze, Burgen und Schl\u00f6sser, Schluchten und Wasserf\u00e4lle, Parkpl\u00e4tze mit \u00dcbernachtungsm\u00f6glichkeit und weitere Sehensw\u00fcrdigkeiten<\/strong>, die dir die Planung deiner Reise erleichtern.<\/p>\n<p>Die Karte wird <strong>regelm\u00e4\u00dfig aktualisiert<\/strong> und ist direkt auf deinem Handy verf\u00fcgbar \u2013 ideal f\u00fcr jeden Reisenden, der \u00d6sterreich authentisch und ohne unn\u00f6tiges Googeln entdecken m\u00f6chte.<\/p>\n<p><strong>Was du bekommst<\/strong><\/p>\n<ul>\n<li><strong>Zeitersparnis:<\/strong> Vergiss stundenlanges Planen. Mit meiner Karte entdeckst du das Beste effizient und mit Freude. <\/li>\n<li><strong>Geheimtipps:<\/strong> Dank meiner Empfehlungen gelangst du an Orte, die abseits der \u00fcblichen Touristenpfade liegen.<\/li>\n<li><strong>St\u00e4ndig aktualisierte Informationen:<\/strong> Meine Karte ist ein lebendiger Organismus. Ich f\u00fcge laufend neue Entdeckungen und Updates hinzu, damit du immer die aktuellsten Infos hast. <\/li>\n<\/ul>\n<p>Du m\u00f6chtest nicht f\u00fcr 330+ Orte bezahlen? Lies den Artikel mit 20 Tipps. <\/p>\n<p><strong>Bequemer Zugriff<\/strong><\/p>\n<p>Alles, was du zum Anzeigen dieser Karte ben\u00f6tigst, ist <strong>Google Maps<\/strong> in deinem Browser oder in der App. Wann immer du die Karte \u00f6ffnest, siehst du die <strong>aktuellste Version<\/strong> voller Tipps und gepr\u00fcfter Empfehlungen. F\u00fcr Wanderwege fehlen nat\u00fcrlich keine <strong>Links f\u00fcr detaillierte Routen, z. B. auf Mapy.cz.<\/strong> Nach Zahlungseingang erh\u00e4ltst du eine E-Mail mit einem <strong>PDF mit Link und Anleitung.<\/strong>   <\/p>\n<p>Wir bem\u00fchen uns, die E-Mail innerhalb weniger Stunden zu versenden, sp\u00e4testens jedoch innerhalb von zwei Werktagen nach Zahlungseingang.<\/p>\n<p><strong>ACHTUNG! Du kannst die Datei nur einmal herunterladen.  Falls das System meldet, dass du die maximale Anzahl an Downloads erreicht hast, wurde der Download bereits durchgef\u00fchrt. \u00dcberpr\u00fcfe daher alle Ordner namens \u201eDownloads\u201c auf deinem Ger\u00e4t! <\/strong><\/p>\n<p><strong>Mache den ersten Schritt zu einem unvergesslichen Urlaub mit meiner \u00d6sterreich-Karte!<\/strong><\/p>\n","protected":false},"excerpt":{"rendered":"<p>Entdecke die Sch\u00f6nheit <strong>\u00d6sterreichs<\/strong> mit meiner detaillierten <strong>digitalen Karte, die 360+ Orte nicht nur in den Alpen enth\u00e4lt.<\/strong> Erkunde <strong>zehn Kartenkategorien.<\/strong> Sie ist das Ergebnis pers\u00f6nlicher Erfahrungen und langer Monate in den Bergen. Der perfekte Helfer f\u00fcr deine <strong>Urlaubsplanung!<\/strong>  <\/p>\n","protected":false},"featured_media":6554,"template":"","meta":{"_uag_custom_page_level_css":""},"product_brand":[],"product_cat":[266,350,249],"product_tag":[359],"class_list":{"0":"post-7893","1":"product","2":"type-product","3":"status-publish","4":"has-post-thumbnail","6":"product_cat-ortskarten","7":"product_cat-nicht-kategorisiert","8":"product_cat-unkategorisiert","9":"product_tag-karte-osterreich","11":"first","12":"instock","13":"downloadable","14":"virtual","15":"purchasable","16":"product-type-simple"},"uagb_featured_image_src":{"full":["https:\/\/misketravels.cz\/wp-content\/uploads\/2025\/08\/Rakousko.jpg",940,788,false],"thumbnail":["https:\/\/misketravels.cz\/wp-content\/uploads\/2025\/08\/Rakousko-150x150.jpg",150,150,true],"medium":["https:\/\/misketravels.cz\/wp-content\/uploads\/2025\/08\/Rakousko-300x251.jpg",300,251,true],"medium_large":["https:\/\/misketravels.cz\/wp-content\/uploads\/2025\/08\/Rakousko-768x644.jpg",768,644,true],"large":["https:\/\/misketravels.cz\/wp-content\/uploads\/2025\/08\/Rakousko-700x587.jpg",700,587,true],"1536x1536":["https:\/\/misketravels.cz\/wp-content\/uploads\/2025\/08\/Rakousko.jpg",940,788,false],"2048x2048":["https:\/\/misketravels.cz\/wp-content\/uploads\/2025\/08\/Rakousko.jpg",940,788,false],"post-thumbnail":["https:\/\/misketravels.cz\/wp-content\/uploads\/2025\/08\/Rakousko.jpg",940,788,false],"woocommerce_thumbnail":["https:\/\/misketravels.cz\/wp-content\/uploads\/2025\/08\/Rakousko-250x250.jpg",250,250,true],"woocommerce_single":["https:\/\/misketravels.cz\/wp-content\/uploads\/2025\/08\/Rakousko-400x335.jpg",400,335,true],"woocommerce_gallery_thumbnail":["https:\/\/misketravels.cz\/wp-content\/uploads\/2025\/08\/Rakousko-100x100.jpg",100,100,true],"yarpp-thumbnail":["https:\/\/misketravels.cz\/wp-content\/uploads\/2025\/08\/Rakousko-120x120.jpg",120,120,true]},"uagb_author_info":{"display_name":"Michaela Hrd\u00e1","author_link":"https:\/\/misketravels.cz\/de\/author\/"},"uagb_comment_info":0,"uagb_excerpt":"Entdecke die Sch\u00f6nheit \u00d6sterreichs mit meiner detaillierten digitalen Karte, die 360+ Orte nicht nur in den Alpen enth\u00e4lt. Erkunde zehn Kartenkategorien. Sie ist das Ergebnis pers\u00f6nlicher Erfahrungen und langer Monate in den Bergen. Der perfekte Helfer f\u00fcr deine Urlaubsplanung!","_links":{"self":[{"href":"https:\/\/misketravels.cz\/de\/wp-json\/wp\/v2\/product\/7893","targetHints":{"allow":["GET"]}}],"collection":[{"href":"https:\/\/misketravels.cz\/de\/wp-json\/wp\/v2\/product"}],"about":[{"href":"https:\/\/misketravels.cz\/de\/wp-json\/wp\/v2\/types\/product"}],"wp:featuredmedia":[{"embeddable":true,"href":"https:\/\/misketravels.cz\/de\/wp-json\/wp\/v2\/media\/6554"}],"wp:attachment":[{"href":"https:\/\/misketravels.cz\/de\/wp-json\/wp\/v2\/media?parent=7893"}],"wp:term":[{"taxonomy":"product_brand","embeddable":true,"href":"https:\/\/misketravels.cz\/de\/wp-json\/wp\/v2\/product_brand?post=7893"},{"taxonomy":"product_cat","embeddable":true,"href":"https:\/\/misketravels.cz\/de\/wp-json\/wp\/v2\/product_cat?post=7893"},{"taxonomy":"product_tag","embeddable":true,"href":"https:\/\/misketravels.cz\/de\/wp-json\/wp\/v2\/product_tag?post=7893"}],"curies":[{"name":"wp","href":"https:\/\/api.w.org\/{rel}","templated":true}]}}