{"id":7377,"date":"2025-03-03T17:43:24","date_gmt":"2025-03-03T16:43:24","guid":{"rendered":"https:\/\/misketravels.cz\/islas-canarias-mapa-de-mas-de-200-lugares-en-tenerife-y-la-gomera\/"},"modified":"2026-03-26T20:06:38","modified_gmt":"2026-03-26T19:06:38","slug":"islas-canarias-mapa-de-mas-de-200-lugares-en-tenerife-y-la-gomera","status":"publish","type":"product","link":"https:\/\/misketravels.cz\/es\/islas-canarias-mapa-de-mas-de-200-lugares-en-tenerife-y-la-gomera\/","title":{"rendered":"Islas Canarias: Mapa de m\u00e1s de 200 lugares en Tenerife y La Gomera"},"content":{"rendered":"<p>Descubre Tenerife y La Gomera con un mapa digital que te muestra no solo los destinos tur\u00edsticos conocidos, sino tambi\u00e9n <strong>lugares fuera de las rutas principales.<\/strong><\/p>\n<p>En \u00e9l encontrar\u00e1s consejos sobre <strong data-start=\"372\" data-end=\"461\">alojamiento, restaurantes, miradores, playas y piscinas naturales, rutas de senderismo, parques de atracciones, monumentos y otros puntos de inter\u00e9s<\/strong> que te facilitar\u00e1n la planificaci\u00f3n de tu viaje.<\/p>\n<p>El mapa se <strong>actualiza regularmente<\/strong> y est\u00e1 disponible directamente en tu m\u00f3vil: ideal para cualquier viajero que quiera descubrir las Islas Canarias de forma aut\u00e9ntica y sin googlear innecesariamente.<\/p>\n<p><strong>Qu\u00e9 obtendr\u00e1s<\/strong><\/p>\n<ul>\n<li><strong>Ahorro de tiempo:<\/strong> Olv\u00eddate de largas horas de planificaci\u00f3n. Con mi mapa descubrir\u00e1s lo mejor de Canarias de forma eficiente y amena. <\/li>\n<li><strong>Tesoros ocultos:<\/strong> Gracias a mis consejos y recomendaciones, llegar\u00e1s a lugares que quedan fuera de las rutas tur\u00edsticas habituales.<\/li>\n<li><strong>Informaci\u00f3n actualizada constantemente:<\/strong> Mi mapa es un organismo vivo. A\u00f1ado nuevos descubrimientos y actualizaciones continuamente para que siempre tengas a mano la informaci\u00f3n m\u00e1s reciente. <\/li>\n<\/ul>\n<p>\u00bfNo necesitas pagar por m\u00e1s de 200 lugares? Lee el <a href=\"https:\/\/misketravels.cz\/es\/consejos-tenerife\/\">art\u00edculo<\/a> con 30 consejos. <\/p>\n<p>Tambi\u00e9n puedes aprovechar el <a href=\"https:\/\/misketravels.cz\/mapy-ostrovy-atlantiku\/\" target=\"_blank\" rel=\"noopener\">pack ahorro de mapas de las Islas del Atl\u00e1ntico<\/a><\/p>\n<p><strong>Acceso c\u00f3modo<\/strong><\/p>\n<p>Todo lo que necesitas para ver este mapa es <strong>Google Maps<\/strong> en tu navegador o en su aplicaci\u00f3n. Cada vez que abras el mapa, ver\u00e1s su <strong>versi\u00f3n m\u00e1s actualizada,<\/strong> llena de consejos y recomendaciones verificadas personalmente. Tras recibir el pago, te llegar\u00e1 un email con un <strong>pdf con el enlace e instrucciones sobre c\u00f3mo hacerlo.<\/strong>   <\/p>\n<p>Si pagas <strong>v\u00eda PayPal<\/strong>, recibir\u00e1s el email con el pdf <strong>al instante<\/strong>. Si eliges transferencia bancaria, intentamos enviar el email en unas pocas horas, como m\u00e1ximo en dos d\u00edas laborables tras recibir el importe. <\/p>\n<p><strong>\u00a1ATENCI\u00d3N! Solo puedes descargar el archivo una vez.  Si el sistema indica que has agotado el l\u00edmite de descargas, la descarga ya se ha realizado. \u00a1Comprueba las carpetas de descargas o \u00abdownloads\u00bb de tu dispositivo! <\/strong><\/p>\n<p><strong>\u00a1Da el primer paso hacia unas vacaciones inolvidables con mi mapa de Canarias!<\/strong><\/p>\n","protected":false},"excerpt":{"rendered":"<p>Descubre la belleza de las <strong>Islas Canarias &#8211; Tenerife y La Gomera<\/strong> con mi mapa digital detallado, que incluye <strong>m\u00e1s de 180 lugares<\/strong> en estas islas tan diversas. Explora las <strong>nueve categor\u00edas del mapa.<\/strong> \u00a1El ayudante perfecto para planificar tus vacaciones! <\/p>\n","protected":false},"featured_media":7378,"template":"","meta":{"_uag_custom_page_level_css":""},"product_brand":[],"product_cat":[264,251],"product_tag":[],"class_list":{"0":"post-7377","1":"product","2":"type-product","3":"status-publish","4":"has-post-thumbnail","6":"product_cat-mapas-de-lugares","7":"product_cat-sin-categorizar","9":"first","10":"instock","11":"downloadable","12":"virtual","13":"purchasable","14":"product-type-simple"},"uagb_featured_image_src":{"full":["https:\/\/misketravels.cz\/wp-content\/uploads\/2025\/03\/Tenerife.jpg",940,788,false],"thumbnail":["https:\/\/misketravels.cz\/wp-content\/uploads\/2025\/03\/Tenerife-150x150.jpg",150,150,true],"medium":["https:\/\/misketravels.cz\/wp-content\/uploads\/2025\/03\/Tenerife-300x251.jpg",300,251,true],"medium_large":["https:\/\/misketravels.cz\/wp-content\/uploads\/2025\/03\/Tenerife-768x644.jpg",768,644,true],"large":["https:\/\/misketravels.cz\/wp-content\/uploads\/2025\/03\/Tenerife-700x587.jpg",700,587,true],"1536x1536":["https:\/\/misketravels.cz\/wp-content\/uploads\/2025\/03\/Tenerife.jpg",940,788,false],"2048x2048":["https:\/\/misketravels.cz\/wp-content\/uploads\/2025\/03\/Tenerife.jpg",940,788,false],"post-thumbnail":["https:\/\/misketravels.cz\/wp-content\/uploads\/2025\/03\/Tenerife.jpg",940,788,false],"woocommerce_thumbnail":["https:\/\/misketravels.cz\/wp-content\/uploads\/2025\/03\/Tenerife-250x250.jpg",250,250,true],"woocommerce_single":["https:\/\/misketravels.cz\/wp-content\/uploads\/2025\/03\/Tenerife-400x335.jpg",400,335,true],"woocommerce_gallery_thumbnail":["https:\/\/misketravels.cz\/wp-content\/uploads\/2025\/03\/Tenerife-100x100.jpg",100,100,true],"yarpp-thumbnail":["https:\/\/misketravels.cz\/wp-content\/uploads\/2025\/03\/Tenerife-120x120.jpg",120,120,true]},"uagb_author_info":{"display_name":"Michaela Hrd\u00e1","author_link":"https:\/\/misketravels.cz\/es\/author\/"},"uagb_comment_info":0,"uagb_excerpt":"Descubre la belleza de las Islas Canarias - Tenerife y La Gomera con mi mapa digital detallado, que incluye m\u00e1s de 180 lugares en estas islas tan diversas. Explora las nueve categor\u00edas del mapa. \u00a1El ayudante perfecto para planificar tus vacaciones!","_links":{"self":[{"href":"https:\/\/misketravels.cz\/es\/wp-json\/wp\/v2\/product\/7377","targetHints":{"allow":["GET"]}}],"collection":[{"href":"https:\/\/misketravels.cz\/es\/wp-json\/wp\/v2\/product"}],"about":[{"href":"https:\/\/misketravels.cz\/es\/wp-json\/wp\/v2\/types\/product"}],"wp:featuredmedia":[{"embeddable":true,"href":"https:\/\/misketravels.cz\/es\/wp-json\/wp\/v2\/media\/7378"}],"wp:attachment":[{"href":"https:\/\/misketravels.cz\/es\/wp-json\/wp\/v2\/media?parent=7377"}],"wp:term":[{"taxonomy":"product_brand","embeddable":true,"href":"https:\/\/misketravels.cz\/es\/wp-json\/wp\/v2\/product_brand?post=7377"},{"taxonomy":"product_cat","embeddable":true,"href":"https:\/\/misketravels.cz\/es\/wp-json\/wp\/v2\/product_cat?post=7377"},{"taxonomy":"product_tag","embeddable":true,"href":"https:\/\/misketravels.cz\/es\/wp-json\/wp\/v2\/product_tag?post=7377"}],"curies":[{"name":"wp","href":"https:\/\/api.w.org\/{rel}","templated":true}]}}