{"id":7639,"date":"2026-02-03T21:26:45","date_gmt":"2026-02-03T20:26:45","guid":{"rendered":"https:\/\/misketravels.cz\/pack-ahorro-de-mapas-islas-del-atlantico\/"},"modified":"2026-02-03T21:26:45","modified_gmt":"2026-02-03T20:26:45","slug":"pack-ahorro-de-mapas-islas-del-atlantico","status":"publish","type":"product","link":"https:\/\/misketravels.cz\/es\/pack-ahorro-de-mapas-islas-del-atlantico\/","title":{"rendered":"Pack ahorro de mapas: islas del Atl\u00e1ntico"},"content":{"rendered":"<h2 data-start=\"322\" data-end=\"360\"><strong data-start=\"322\" data-end=\"360\">Islas Canarias \u2022 Madeira \u2022 Azores<\/strong><\/h2>\n<p data-start=\"362\" data-end=\"660\">\u00a1Ahorra un 10 % sobre el precio habitual! Este pack ahorro de mapas de viaje es ideal para quienes planean descubrir las <strong data-start=\"450\" data-end=\"471\">islas del Atl\u00e1ntico<\/strong> al detalle y sin complicaciones. Combina mapas cuidadosamente preparados de las <strong data-start=\"529\" data-end=\"567\"><a href=\"https:\/\/misketravels.cz\/mapa-kanarske-ostrovy\/\" target=\"_blank\" rel=\"noopener\">islas Canarias<\/a>, <a href=\"https:\/\/misketravels.cz\/madeira-mapa-70-mist-co-videt\/\" target=\"_blank\" rel=\"noopener\">Madeira<\/a> y las <a href=\"https:\/\/misketravels.cz\/azory-mapa\/\" target=\"_blank\" rel=\"noopener\">islas Azores<\/a><\/strong>, que te ayudar\u00e1n a planificar tu ruta, orientarte all\u00ed y no perderte ning\u00fan lugar de inter\u00e9s.  <\/p>\n<h3 data-start=\"662\" data-end=\"690\">\ud83d\uddfa\ufe0f <strong data-start=\"666\" data-end=\"690\">Qu\u00e9 encontrar\u00e1s en el pack:<\/strong><\/h3>\n<ul data-start=\"691\" data-end=\"959\">\n<li data-start=\"691\" data-end=\"744\">\n<p data-start=\"693\" data-end=\"744\">Mapas de viaje detallados de cada isla<\/p>\n<\/li>\n<li data-start=\"745\" data-end=\"813\">\n<p data-start=\"747\" data-end=\"813\"><strong data-start=\"755\" data-end=\"811\">Rutas, miradores, playas, ciudades y puntos de inter\u00e9s tur\u00edstico o consejos sobre restaurantes<\/strong> se\u00f1alizados<\/p>\n<\/li>\n<li data-start=\"881\" data-end=\"959\">\n<p data-start=\"883\" data-end=\"959\">Mapas aptos tanto para <strong data-start=\"903\" data-end=\"921\">planificar en casa<\/strong> como para usar <strong data-start=\"939\" data-end=\"959\">directamente en el viaje<\/strong><\/p>\n<\/li>\n<\/ul>\n<h3 data-start=\"1176\" data-end=\"1203\">\ud83d\udca1 <strong data-start=\"1179\" data-end=\"1203\">Por qu\u00e9 comprar el pack:<\/strong><\/h3>\n<ul data-start=\"1204\" data-end=\"1338\">\n<li data-start=\"1204\" data-end=\"1250\">\n<p data-start=\"1206\" data-end=\"1250\">M\u00e1s econ\u00f3mico que comprar los mapas por separado<\/p>\n<\/li>\n<li data-start=\"1251\" data-end=\"1297\">\n<p data-start=\"1253\" data-end=\"1297\">Todas las islas del Atl\u00e1ntico ofrecidas en un solo lugar<\/p>\n<\/li>\n<li data-start=\"1298\" data-end=\"1338\">\n<p data-start=\"1300\" data-end=\"1338\">Ahorrar\u00e1s tiempo en la planificaci\u00f3n y durante el viaje<\/p>\n<\/li>\n<\/ul>\n<p data-start=\"1340\" data-end=\"1484\">Este pack es ideal para <strong data-start=\"1368\" data-end=\"1427\">viajeros individuales, n\u00f3madas digitales y aventureros<\/strong> que quieran tener su ruta bajo control y viajar de forma inteligente.<\/p>\n","protected":false},"excerpt":{"rendered":"<p data-start=\"165\" data-end=\"417\">Pack ahorro de <strong>tres mapas de viaje digitales<\/strong> para descubrir las islas del Atl\u00e1ntico sin b\u00fasquedas innecesarias. Mapas detallados: <strong><a href=\"https:\/\/misketravels.cz\/mapa-kanarske-ostrovy\/\" target=\"_blank\" rel=\"noopener\">islas Canarias<\/a>, <a href=\"https:\/\/misketravels.cz\/madeira-mapa-70-mist-co-videt\/\" target=\"_blank\" rel=\"noopener\">Madeira <\/a>y <a href=\"https:\/\/misketravels.cz\/azory-mapa\/\" target=\"_blank\" rel=\"noopener\">Azores<\/a><\/strong> con rutas, miradores, playas, ciudades y otros consejos sobre lugares de inter\u00e9s se\u00f1alizados. <\/p>\n","protected":false},"featured_media":7055,"template":"","meta":{"_uag_custom_page_level_css":""},"product_brand":[],"product_cat":[264,251],"product_tag":[279],"class_list":{"0":"post-7639","1":"product","2":"type-product","3":"status-publish","4":"has-post-thumbnail","6":"product_cat-mapas-de-lugares","7":"product_cat-sin-categorizar","8":"product_tag-mapas","10":"first","11":"instock","12":"sale","13":"downloadable","14":"virtual","15":"purchasable","16":"product-type-simple"},"uagb_featured_image_src":{"full":["https:\/\/misketravels.cz\/wp-content\/uploads\/2026\/02\/Madiera.jpg",940,788,false],"thumbnail":["https:\/\/misketravels.cz\/wp-content\/uploads\/2026\/02\/Madiera-150x150.jpg",150,150,true],"medium":["https:\/\/misketravels.cz\/wp-content\/uploads\/2026\/02\/Madiera-300x251.jpg",300,251,true],"medium_large":["https:\/\/misketravels.cz\/wp-content\/uploads\/2026\/02\/Madiera-768x644.jpg",768,644,true],"large":["https:\/\/misketravels.cz\/wp-content\/uploads\/2026\/02\/Madiera-700x587.jpg",700,587,true],"1536x1536":["https:\/\/misketravels.cz\/wp-content\/uploads\/2026\/02\/Madiera.jpg",940,788,false],"2048x2048":["https:\/\/misketravels.cz\/wp-content\/uploads\/2026\/02\/Madiera.jpg",940,788,false],"post-thumbnail":["https:\/\/misketravels.cz\/wp-content\/uploads\/2026\/02\/Madiera.jpg",940,788,false],"woocommerce_thumbnail":["https:\/\/misketravels.cz\/wp-content\/uploads\/2026\/02\/Madiera-250x250.jpg",250,250,true],"woocommerce_single":["https:\/\/misketravels.cz\/wp-content\/uploads\/2026\/02\/Madiera-400x335.jpg",400,335,true],"woocommerce_gallery_thumbnail":["https:\/\/misketravels.cz\/wp-content\/uploads\/2026\/02\/Madiera-100x100.jpg",100,100,true],"yarpp-thumbnail":["https:\/\/misketravels.cz\/wp-content\/uploads\/2026\/02\/Madiera-120x120.jpg",120,120,true]},"uagb_author_info":{"display_name":"Michaela Hrd\u00e1","author_link":"https:\/\/misketravels.cz\/es\/author\/"},"uagb_comment_info":0,"uagb_excerpt":"Pack ahorro de tres mapas de viaje digitales para descubrir las islas del Atl\u00e1ntico sin b\u00fasquedas innecesarias. Mapas detallados: islas Canarias, Madeira y Azores con rutas, miradores, playas, ciudades y otros consejos sobre lugares de inter\u00e9s se\u00f1alizados.","_links":{"self":[{"href":"https:\/\/misketravels.cz\/es\/wp-json\/wp\/v2\/product\/7639","targetHints":{"allow":["GET"]}}],"collection":[{"href":"https:\/\/misketravels.cz\/es\/wp-json\/wp\/v2\/product"}],"about":[{"href":"https:\/\/misketravels.cz\/es\/wp-json\/wp\/v2\/types\/product"}],"wp:featuredmedia":[{"embeddable":true,"href":"https:\/\/misketravels.cz\/es\/wp-json\/wp\/v2\/media\/7055"}],"wp:attachment":[{"href":"https:\/\/misketravels.cz\/es\/wp-json\/wp\/v2\/media?parent=7639"}],"wp:term":[{"taxonomy":"product_brand","embeddable":true,"href":"https:\/\/misketravels.cz\/es\/wp-json\/wp\/v2\/product_brand?post=7639"},{"taxonomy":"product_cat","embeddable":true,"href":"https:\/\/misketravels.cz\/es\/wp-json\/wp\/v2\/product_cat?post=7639"},{"taxonomy":"product_tag","embeddable":true,"href":"https:\/\/misketravels.cz\/es\/wp-json\/wp\/v2\/product_tag?post=7639"}],"curies":[{"name":"wp","href":"https:\/\/api.w.org\/{rel}","templated":true}]}}