{"id":7730,"date":"2023-11-08T20:20:28","date_gmt":"2023-11-08T19:20:28","guid":{"rendered":"https:\/\/misketravels.cz\/noruega-mapa-de-mas-de-300-lugares-que-ver\/"},"modified":"2023-11-08T20:20:28","modified_gmt":"2023-11-08T19:20:28","slug":"noruega-mapa-de-mas-de-300-lugares-que-ver","status":"publish","type":"product","link":"https:\/\/misketravels.cz\/es\/noruega-mapa-de-mas-de-300-lugares-que-ver\/","title":{"rendered":"Noruega: mapa de m\u00e1s de 300 lugares que ver"},"content":{"rendered":"<p><strong>Explora siete categor\u00edas<\/strong>: desde miradores impresionantes y rutas de senderismo llenas de adrenalina, hasta cascadas, playas de aguas cristalinas, escalada y ferratas; nuestro mapa te pone Noruega en la palma de la mano.<\/p>\n<p><strong>F\u00e1cil acceso con Google Maps<\/strong>: con nuestro mapa en el bolsillo, tendr\u00e1s acceso constante a informaci\u00f3n actualizada y a lugares que esperan tu visita. Solo tienes que abrir Google Maps en tu navegador o aplicaci\u00f3n y tu viaje comenzar\u00e1. Tras recibir el pago, te llegar\u00e1 un correo con un PDF que incluye el enlace y las instrucciones.  <\/p>\n<p>Si pagas con PayPal, recibir\u00e1s el correo con el PDF al instante. Si eliges transferencia bancaria, intentamos enviar el correo en unas pocas horas, como m\u00e1ximo en 48 h tras recibir el importe. <\/p>\n<p><strong>\u00bfPor qu\u00e9 elegir nuestro mapa?<\/strong><\/p>\n<ul>\n<li><strong>Ahorra tiempo<\/strong>: convertimos largas horas de planificaci\u00f3n en momentos de ilusi\u00f3n.<\/li>\n<li><strong>Descubre tesoros ocultos<\/strong>: gracias a los consejos locales y a nuestra cuidadosa selecci\u00f3n, llegar\u00e1s a lugares de los que otros ni han o\u00eddo hablar.<\/li>\n<li><strong>Siempre actualizado<\/strong>: nuestro mapa vive contigo. A\u00f1adimos actualizaciones y nuevos descubrimientos continuamente. <\/li>\n<li><strong>Idiomas:<\/strong> Google Maps estar\u00e1 siempre en el idioma que elijas, pero mis notas en el mapa est\u00e1n en checo e ingl\u00e9s.<\/li>\n<\/ul>\n<p>\u00bfNo quieres pagar por m\u00e1s de 300 lugares? Lee el <a href=\"https:\/\/misketravels.cz\/norsko\/\">art\u00edculo con 35 consejos sobre qu\u00e9 ver y hacer.<\/a> <\/p>\n<p>Prep\u00e1rate para vivir experiencias y descubrimientos inolvidables. Con nuestro mapa, disfrutar\u00e1s de Noruega como nunca hab\u00edas imaginado. \u00bfTe pones en marcha?  <\/p>\n","protected":false},"excerpt":{"rendered":"<p>El mapa revela m\u00e1s de <strong>300 joyas \u00fanicas de Noruega<\/strong>, desde miradores olvidados hasta playas secretas. Es el resultado de nuestra experiencia personal y de consejos de gente local para que puedas explorar sin perder tiempo planificando. <\/p>\n","protected":false},"featured_media":2401,"template":"","meta":{"_uag_custom_page_level_css":""},"product_brand":[],"product_cat":[264,251],"product_tag":[292,293,294],"class_list":{"0":"post-7730","1":"product","2":"type-product","3":"status-publish","4":"has-post-thumbnail","6":"product_cat-mapas-de-lugares","7":"product_cat-sin-categorizar","8":"product_tag-mapa-de-noruega","9":"product_tag-noruega","10":"product_tag-vacaciones-en-noruega","12":"first","13":"instock","14":"downloadable","15":"virtual","16":"purchasable","17":"product-type-simple"},"uagb_featured_image_src":{"full":["https:\/\/misketravels.cz\/wp-content\/uploads\/2023\/11\/phone-lofoty.png",1080,1080,false],"thumbnail":["https:\/\/misketravels.cz\/wp-content\/uploads\/2023\/11\/phone-lofoty-150x150.png",150,150,true],"medium":["https:\/\/misketravels.cz\/wp-content\/uploads\/2023\/11\/phone-lofoty-300x300.png",300,300,true],"medium_large":["https:\/\/misketravels.cz\/wp-content\/uploads\/2023\/11\/phone-lofoty-768x768.png",768,768,true],"large":["https:\/\/misketravels.cz\/wp-content\/uploads\/2023\/11\/phone-lofoty-1024x1024.png",700,700,true],"1536x1536":["https:\/\/misketravels.cz\/wp-content\/uploads\/2023\/11\/phone-lofoty.png",1080,1080,false],"2048x2048":["https:\/\/misketravels.cz\/wp-content\/uploads\/2023\/11\/phone-lofoty.png",1080,1080,false],"post-thumbnail":["https:\/\/misketravels.cz\/wp-content\/uploads\/2023\/11\/phone-lofoty.png",1080,1080,false],"woocommerce_thumbnail":["https:\/\/misketravels.cz\/wp-content\/uploads\/2023\/11\/phone-lofoty-250x250.png",250,250,true],"woocommerce_single":["https:\/\/misketravels.cz\/wp-content\/uploads\/2023\/11\/phone-lofoty-400x400.png",400,400,true],"woocommerce_gallery_thumbnail":["https:\/\/misketravels.cz\/wp-content\/uploads\/2023\/11\/phone-lofoty-100x100.png",100,100,true],"yarpp-thumbnail":["https:\/\/misketravels.cz\/wp-content\/uploads\/2023\/11\/phone-lofoty.png",120,120,false]},"uagb_author_info":{"display_name":"Michaela Hrd\u00e1","author_link":"https:\/\/misketravels.cz\/es\/author\/"},"uagb_comment_info":0,"uagb_excerpt":"El mapa revela m\u00e1s de 300 joyas \u00fanicas de Noruega, desde miradores olvidados hasta playas secretas. Es el resultado de nuestra experiencia personal y de consejos de gente local para que puedas explorar sin perder tiempo planificando.","_links":{"self":[{"href":"https:\/\/misketravels.cz\/es\/wp-json\/wp\/v2\/product\/7730","targetHints":{"allow":["GET"]}}],"collection":[{"href":"https:\/\/misketravels.cz\/es\/wp-json\/wp\/v2\/product"}],"about":[{"href":"https:\/\/misketravels.cz\/es\/wp-json\/wp\/v2\/types\/product"}],"wp:featuredmedia":[{"embeddable":true,"href":"https:\/\/misketravels.cz\/es\/wp-json\/wp\/v2\/media\/2401"}],"wp:attachment":[{"href":"https:\/\/misketravels.cz\/es\/wp-json\/wp\/v2\/media?parent=7730"}],"wp:term":[{"taxonomy":"product_brand","embeddable":true,"href":"https:\/\/misketravels.cz\/es\/wp-json\/wp\/v2\/product_brand?post=7730"},{"taxonomy":"product_cat","embeddable":true,"href":"https:\/\/misketravels.cz\/es\/wp-json\/wp\/v2\/product_cat?post=7730"},{"taxonomy":"product_tag","embeddable":true,"href":"https:\/\/misketravels.cz\/es\/wp-json\/wp\/v2\/product_tag?post=7730"}],"curies":[{"name":"wp","href":"https:\/\/api.w.org\/{rel}","templated":true}]}}