{"id":7753,"date":"2024-06-10T20:17:04","date_gmt":"2024-06-10T18:17:04","guid":{"rendered":"https:\/\/misketravels.cz\/madeira-mapa-de-130-lugares-que-ver\/"},"modified":"2026-03-29T16:47:18","modified_gmt":"2026-03-29T14:47:18","slug":"madeira-mapa","status":"publish","type":"product","link":"https:\/\/misketravels.cz\/es\/madeira-mapa\/","title":{"rendered":"Madeira: mapa de 130+ lugares que ver"},"content":{"rendered":"<div class=\"flex-shrink-0 flex flex-col relative items-end\">\n<div>\n<div class=\"pt-0.5 juice:pt-0\">\n<div class=\"gizmo-shadow-stroke flex h-6 w-6 items-center justify-center overflow-hidden rounded-full juice:h-8 juice:w-8\">\n<div class=\"h-6 w-6 juice:h-full juice:w-full\"><\/div>\n<\/div>\n<\/div>\n<\/div>\n<\/div>\n<div class=\"group\/conversation-turn relative flex w-full min-w-0 flex-col agent-turn\">\n<div class=\"font-semibold select-none\">Este mapa de Madeira incluye <strong>todas las atracciones tur\u00edsticas, tanto las principales como las desconocidas<\/strong>, que ofrece la isla, incluyendo <strong>miradores, playas y piscinas naturales, rutas de senderismo, cascadas, campings y una selecci\u00f3n de restaurantes y alojamientos.<\/strong> El mapa tambi\u00e9n contiene la ruta detallada para la <strong>traves\u00eda completa de Madeira.<\/strong> Perfecto para planificar tus vacaciones.<\/div>\n<div><\/div>\n<\/div>\n<div>\n<div class=\"flex-col gap-1 md:gap-3\">\n<div class=\"flex flex-grow flex-col max-w-full\">\n<div class=\"min-h-[20px] text-message flex flex-col items-start whitespace-pre-wrap break-words [.text-message+&amp;]:mt-5 juice:w-full juice:items-end overflow-x-auto gap-3\" dir=\"auto\" data-message-author-role=\"assistant\" data-message-id=\"0b14b7a8-e6cf-4a45-b5b3-026928f48682\">\n<div class=\"markdown prose w-full break-words dark:prose-invert light\">\n<p><strong>Acceso c\u00f3modo<\/strong><\/p>\n<p>Todo lo que necesitas para ver este mapa es Google Maps en tu navegador o en su aplicaci\u00f3n. Cada vez que abras el mapa, ver\u00e1s la versi\u00f3n m\u00e1s actualizada, llena de consejos y recomendaciones verificadas personalmente. Tras recibir el pago, recibir\u00e1s un correo electr\u00f3nico con un PDF que contiene el enlace y las instrucciones.<\/p>\n<p>Si pagas a trav\u00e9s de PayPal, recibir\u00e1s el correo con el PDF al instante. Si eliges transferencia bancaria, intentamos enviar el correo en unas pocas horas, pero como m\u00e1ximo en un plazo de 3 d\u00edas tras recibir el importe.<\/p>\n<p>Tambi\u00e9n puedes aprovechar el <a href=\"https:\/\/misketravels.cz\/es\/pack-ahorro-de-mapas-islas-del-atlantico\/\" target=\"_blank\" rel=\"noopener\">pack ahorro de mapas de las Islas del Atl\u00e1ntico<\/a><\/p>\n<p><strong>Qu\u00e9 obtendr\u00e1s<\/strong><\/p>\n<ul>\n<li><strong>Tiempo ahorrado:<\/strong> Olv\u00eddate de pasar horas planificando. Con mi mapa descubrir\u00e1s lo mejor de Madeira de forma eficiente y amena.<\/li>\n<li><strong>Tesoros ocultos:<\/strong> Gracias a mis consejos y recomendaciones, llegar\u00e1s a lugares que quedan fuera de las rutas tur\u00edsticas habituales.<\/li>\n<li><strong>Informaci\u00f3n actualizada constantemente:<\/strong> Mi mapa es un organismo vivo. A\u00f1ado nuevos descubrimientos y actualizaciones continuamente para que siempre tengas a mano la informaci\u00f3n m\u00e1s reciente.<\/li>\n<li><strong>Idiomas:<\/strong> Google Maps estar\u00e1 siempre en el idioma que elijas, pero mis notas en el mapa est\u00e1n en checo e ingl\u00e9s.<\/li>\n<\/ul>\n<p><strong>\u00a1Da el primer paso hacia unas vacaciones inolvidables con mi mapa de Madeira!<\/strong><\/p>\n<\/div>\n<\/div>\n<\/div>\n<\/div>\n<\/div>\n","protected":false},"excerpt":{"rendered":"<p>Descubre la belleza de Madeira con mi mapa detallado, que incluye 130<strong>+ lugares tur\u00edsticos y secretos<\/strong> en esta maravillosa isla. Explora las ocho categor\u00edas del mapa. Tambi\u00e9n puedes aprovechar el <a href=\"https:\/\/misketravels.cz\/es\/pack-ahorro-de-mapas-islas-del-atlantico\/\" target=\"_blank\" rel=\"noopener\">pack ahorro de mapas de las Islas del Atl\u00e1ntico<\/a><\/p>\n","protected":false},"featured_media":7642,"template":"","meta":{"_uag_custom_page_level_css":""},"product_brand":[],"product_cat":[264,251],"product_tag":[307,279],"class_list":{"0":"post-7753","1":"product","2":"type-product","3":"status-publish","4":"has-post-thumbnail","6":"product_cat-mapas-de-lugares","7":"product_cat-sin-categorizar","8":"product_tag-madeira","9":"product_tag-mapas","11":"first","12":"instock","13":"downloadable","14":"virtual","15":"purchasable","16":"product-type-simple"},"uagb_featured_image_src":{"full":["https:\/\/misketravels.cz\/wp-content\/uploads\/2024\/06\/Madeira.jpg",940,788,false],"thumbnail":["https:\/\/misketravels.cz\/wp-content\/uploads\/2024\/06\/Madeira-150x150.jpg",150,150,true],"medium":["https:\/\/misketravels.cz\/wp-content\/uploads\/2024\/06\/Madeira-300x251.jpg",300,251,true],"medium_large":["https:\/\/misketravels.cz\/wp-content\/uploads\/2024\/06\/Madeira-768x644.jpg",768,644,true],"large":["https:\/\/misketravels.cz\/wp-content\/uploads\/2024\/06\/Madeira-700x587.jpg",700,587,true],"1536x1536":["https:\/\/misketravels.cz\/wp-content\/uploads\/2024\/06\/Madeira.jpg",940,788,false],"2048x2048":["https:\/\/misketravels.cz\/wp-content\/uploads\/2024\/06\/Madeira.jpg",940,788,false],"post-thumbnail":["https:\/\/misketravels.cz\/wp-content\/uploads\/2024\/06\/Madeira.jpg",940,788,false],"woocommerce_thumbnail":["https:\/\/misketravels.cz\/wp-content\/uploads\/2024\/06\/Madeira-250x250.jpg",250,250,true],"woocommerce_single":["https:\/\/misketravels.cz\/wp-content\/uploads\/2024\/06\/Madeira-400x335.jpg",400,335,true],"woocommerce_gallery_thumbnail":["https:\/\/misketravels.cz\/wp-content\/uploads\/2024\/06\/Madeira-100x100.jpg",100,100,true],"yarpp-thumbnail":["https:\/\/misketravels.cz\/wp-content\/uploads\/2024\/06\/Madeira-120x120.jpg",120,120,true]},"uagb_author_info":{"display_name":"Michaela Hrd\u00e1","author_link":"https:\/\/misketravels.cz\/es\/author\/"},"uagb_comment_info":0,"uagb_excerpt":"Descubre la belleza de Madeira con mi mapa detallado, que incluye 130+ lugares tur\u00edsticos y secretos en esta maravillosa isla. Explora las ocho categor\u00edas del mapa. Tambi\u00e9n puedes aprovechar el pack ahorro de mapas de las Islas del Atl\u00e1ntico","_links":{"self":[{"href":"https:\/\/misketravels.cz\/es\/wp-json\/wp\/v2\/product\/7753","targetHints":{"allow":["GET"]}}],"collection":[{"href":"https:\/\/misketravels.cz\/es\/wp-json\/wp\/v2\/product"}],"about":[{"href":"https:\/\/misketravels.cz\/es\/wp-json\/wp\/v2\/types\/product"}],"wp:featuredmedia":[{"embeddable":true,"href":"https:\/\/misketravels.cz\/es\/wp-json\/wp\/v2\/media\/7642"}],"wp:attachment":[{"href":"https:\/\/misketravels.cz\/es\/wp-json\/wp\/v2\/media?parent=7753"}],"wp:term":[{"taxonomy":"product_brand","embeddable":true,"href":"https:\/\/misketravels.cz\/es\/wp-json\/wp\/v2\/product_brand?post=7753"},{"taxonomy":"product_cat","embeddable":true,"href":"https:\/\/misketravels.cz\/es\/wp-json\/wp\/v2\/product_cat?post=7753"},{"taxonomy":"product_tag","embeddable":true,"href":"https:\/\/misketravels.cz\/es\/wp-json\/wp\/v2\/product_tag?post=7753"}],"curies":[{"name":"wp","href":"https:\/\/api.w.org\/{rel}","templated":true}]}}