{"id":7763,"date":"2024-06-07T10:52:45","date_gmt":"2024-06-07T08:52:45","guid":{"rendered":"https:\/\/misketravels.cz\/islas-azores-mapa-de-110-lugares-que-ver\/"},"modified":"2024-06-07T10:52:45","modified_gmt":"2024-06-07T08:52:45","slug":"islas-azores-mapa-de-110-lugares-que-ver","status":"publish","type":"product","link":"https:\/\/misketravels.cz\/es\/islas-azores-mapa-de-110-lugares-que-ver\/","title":{"rendered":"Islas Azores: mapa de +110 lugares que ver"},"content":{"rendered":"<div class=\"flex-1 overflow-hidden\">\n<div class=\"react-scroll-to-bottom--css-nhgvl-79elbk h-full\">\n<div class=\"react-scroll-to-bottom--css-nhgvl-1n7m0yu\">\n<div class=\"flex flex-col text-sm pb-9\">\n<div class=\"w-full text-token-text-primary\" dir=\"auto\" data-testid=\"conversation-turn-7\" data-scroll-anchor=\"true\">\n<div class=\"py-2 juice:py-[18px] px-3 text-base md:px-4 m-auto md:px-5 lg:px-1 xl:px-5\">\n<div class=\"mx-auto flex flex-1 gap-3 text-base juice:gap-4 juice:md:gap-5 juice:lg:gap-6 md:max-w-3xl lg:max-w-[40rem] xl:max-w-[48rem]\">\n<div class=\"flex-shrink-0 flex flex-col relative items-end\">\n<div class=\"pt-0.5 juice:pt-0\">\n<div class=\"gizmo-shadow-stroke flex h-6 w-6 items-center justify-center overflow-hidden rounded-full juice:h-8 juice:w-8\">\n<div>\n<h3><strong>Explora las diez categor\u00edas del mapa<\/strong><\/h3>\n<p>Este mapa de las Azores incluye todas las <strong>atracciones tur\u00edsticas<\/strong> importantes y por descubrir que ofrecen estas islas, incluyendo <strong>miradores, playas, rutas de senderismo, lugares urbex, cascadas, aguas termales, restaurantes y alojamientos, campings incluidos.<\/strong> Perfecto para planificar tus vacaciones.<\/p>\n<p>Tambi\u00e9n puedes aprovechar el <a href=\"https:\/\/misketravels.cz\/mapy-ostrovy-atlantiku\/\" target=\"_blank\" rel=\"noopener\">pack ahorro de mapas de las Islas del Atl\u00e1ntico<\/a><\/p>\n<\/div>\n<div><\/div>\n<div>\n<h3><strong>Acceso c\u00f3modo<\/strong><\/h3>\n<p>Todo lo que necesitas para ver este mapa es Google Maps en tu navegador o aplicaci\u00f3n. Cada vez que abras el mapa, ver\u00e1s la versi\u00f3n m\u00e1s actualizada, llena de consejos y recomendaciones verificadas personalmente. Tras recibir el pago, recibir\u00e1s un email con la descarga del PDF, donde encontrar\u00e1s el enlace y las instrucciones.  <\/p>\n<p>Si pagas por PayPal, recibir\u00e1s el email con el PDF al instante. Si eliges transferencia bancaria, intentamos enviar el email en unas horas, como m\u00e1ximo 48 h despu\u00e9s de recibir el importe. <\/p>\n<h3><strong>Qu\u00e9 obtendr\u00e1s<\/strong><\/h3>\n<ul>\n<li><strong>Tiempo ahorrado<\/strong>: Olv\u00eddate de pasar horas planificando. Con mi mapa descubrir\u00e1s lo mejor de Georgia de forma eficiente y amena. <\/li>\n<li><strong>Tesoros ocultos<\/strong>: Gracias a mis consejos y recomendaciones, llegar\u00e1s a lugares que quedan fuera de las rutas tur\u00edsticas habituales.<\/li>\n<li><strong>Informaci\u00f3n actualizada constantemente<\/strong>: Mi mapa es un organismo vivo. A\u00f1ado nuevos descubrimientos y actualizaciones continuamente para que siempre tengas a mano la informaci\u00f3n m\u00e1s reciente. <\/li>\n<\/ul>\n<\/div>\n<div>\u00bfNo necesitas pagar por +110 lugares? Lee el <a href=\"https:\/\/misketravels.cz\/azory\/\">art\u00edculo con consejos sobre 15 lugares.<\/a>  <\/div>\n<div><\/div>\n<\/div>\n<\/div>\n<\/div>\n<div class=\"group\/conversation-turn relative flex w-full min-w-0 flex-col agent-turn\">\n<div class=\"flex-col gap-1 md:gap-3\">\n<div class=\"flex flex-grow flex-col max-w-full\">\n<div class=\"min-h-[20px] text-message flex flex-col items-start whitespace-pre-wrap break-words [.text-message+&amp;]:mt-5 juice:w-full juice:items-end overflow-x-auto gap-3\" dir=\"auto\" data-message-author-role=\"assistant\" data-message-id=\"ba1c6874-c089-4af3-9b22-921f906c7ad8\">\n<div class=\"markdown prose w-full break-words dark:prose-invert light\">\n<p><strong>\u00a1Da el primer paso hacia unas vacaciones inolvidables con mi mapa de las Azores!<\/strong><\/p>\n<\/div>\n<\/div>\n<\/div>\n<\/div>\n<\/div>\n<\/div>\n<\/div>\n<\/div>\n<\/div>\n<\/div>\n<\/div>\n<\/div>\n","protected":false},"excerpt":{"rendered":"<p>Descubre la belleza de las islas Azores <strong>S\u00e3o Miguel, Corvo, Flores y Pico<\/strong> con mi mapa detallado, que incluye +110 lugares tur\u00edsticos y secretos de las Azores. Tambi\u00e9n puedes aprovechar el <a href=\"https:\/\/misketravels.cz\/mapy-ostrovy-atlantiku\/\" target=\"_blank\" rel=\"noopener\">pack ahorro de mapas de las Islas del Atl\u00e1ntico<\/a><\/p>\n","protected":false},"featured_media":3044,"template":"","meta":{"_uag_custom_page_level_css":""},"product_brand":[],"product_cat":[264,251],"product_tag":[312,313,279],"class_list":{"0":"post-7763","1":"product","2":"type-product","3":"status-publish","4":"has-post-thumbnail","6":"product_cat-mapas-de-lugares","7":"product_cat-sin-categorizar","8":"product_tag-azores","9":"product_tag-islas-azores","10":"product_tag-mapas","12":"first","13":"instock","14":"downloadable","15":"virtual","16":"purchasable","17":"product-type-simple"},"uagb_featured_image_src":{"full":["https:\/\/misketravels.cz\/wp-content\/uploads\/2024\/06\/Azory.jpg",940,788,false],"thumbnail":["https:\/\/misketravels.cz\/wp-content\/uploads\/2024\/06\/Azory-150x150.jpg",150,150,true],"medium":["https:\/\/misketravels.cz\/wp-content\/uploads\/2024\/06\/Azory-300x251.jpg",300,251,true],"medium_large":["https:\/\/misketravels.cz\/wp-content\/uploads\/2024\/06\/Azory-768x644.jpg",768,644,true],"large":["https:\/\/misketravels.cz\/wp-content\/uploads\/2024\/06\/Azory-700x587.jpg",700,587,true],"1536x1536":["https:\/\/misketravels.cz\/wp-content\/uploads\/2024\/06\/Azory.jpg",940,788,false],"2048x2048":["https:\/\/misketravels.cz\/wp-content\/uploads\/2024\/06\/Azory.jpg",940,788,false],"post-thumbnail":["https:\/\/misketravels.cz\/wp-content\/uploads\/2024\/06\/Azory.jpg",940,788,false],"woocommerce_thumbnail":["https:\/\/misketravels.cz\/wp-content\/uploads\/2024\/06\/Azory-250x250.jpg",250,250,true],"woocommerce_single":["https:\/\/misketravels.cz\/wp-content\/uploads\/2024\/06\/Azory-400x335.jpg",400,335,true],"woocommerce_gallery_thumbnail":["https:\/\/misketravels.cz\/wp-content\/uploads\/2024\/06\/Azory-100x100.jpg",100,100,true],"yarpp-thumbnail":["https:\/\/misketravels.cz\/wp-content\/uploads\/2024\/06\/Azory-120x120.jpg",120,120,true]},"uagb_author_info":{"display_name":"Michaela Hrd\u00e1","author_link":"https:\/\/misketravels.cz\/es\/author\/"},"uagb_comment_info":0,"uagb_excerpt":"Descubre la belleza de las islas Azores S\u00e3o Miguel, Corvo, Flores y Pico con mi mapa detallado, que incluye +110 lugares tur\u00edsticos y secretos de las Azores. Tambi\u00e9n puedes aprovechar el pack ahorro de mapas de las Islas del Atl\u00e1ntico","_links":{"self":[{"href":"https:\/\/misketravels.cz\/es\/wp-json\/wp\/v2\/product\/7763","targetHints":{"allow":["GET"]}}],"collection":[{"href":"https:\/\/misketravels.cz\/es\/wp-json\/wp\/v2\/product"}],"about":[{"href":"https:\/\/misketravels.cz\/es\/wp-json\/wp\/v2\/types\/product"}],"wp:featuredmedia":[{"embeddable":true,"href":"https:\/\/misketravels.cz\/es\/wp-json\/wp\/v2\/media\/3044"}],"wp:attachment":[{"href":"https:\/\/misketravels.cz\/es\/wp-json\/wp\/v2\/media?parent=7763"}],"wp:term":[{"taxonomy":"product_brand","embeddable":true,"href":"https:\/\/misketravels.cz\/es\/wp-json\/wp\/v2\/product_brand?post=7763"},{"taxonomy":"product_cat","embeddable":true,"href":"https:\/\/misketravels.cz\/es\/wp-json\/wp\/v2\/product_cat?post=7763"},{"taxonomy":"product_tag","embeddable":true,"href":"https:\/\/misketravels.cz\/es\/wp-json\/wp\/v2\/product_tag?post=7763"}],"curies":[{"name":"wp","href":"https:\/\/api.w.org\/{rel}","templated":true}]}}