{"id":7845,"date":"2026-02-10T10:27:30","date_gmt":"2026-02-10T09:27:30","guid":{"rendered":"https:\/\/misketravels.cz\/austria-eslovenia-pack-de-mapas-en-oferta\/"},"modified":"2026-02-10T10:27:30","modified_gmt":"2026-02-10T09:27:30","slug":"austria-eslovenia-pack-de-mapas-en-oferta","status":"publish","type":"product","link":"https:\/\/misketravels.cz\/es\/austria-eslovenia-pack-de-mapas-en-oferta\/","title":{"rendered":"Austria + Eslovenia: pack de mapas en oferta"},"content":{"rendered":"<p data-start=\"280\" data-end=\"542\">Este pack de mapas de viaje combina <strong data-start=\"330\" data-end=\"354\"><a href=\"https:\/\/misketravels.cz\/rakousko-mapa-dovolena\/\" target=\"_blank\" rel=\"noopener\">Austria<\/a> y <a href=\"https:\/\/misketravels.cz\/slovinsko-mapa\/\" target=\"_blank\" rel=\"noopener\">Eslovenia<\/a><\/strong>: dos destinos ideales para roadtrips, rutas de monta\u00f1a y vacaciones activas en la naturaleza. Gracias a estos mapas claros, tendr\u00e1s todos los puntos importantes en un solo lugar y viajar\u00e1s sin caos innecesario. <\/p>\n<p data-start=\"544\" data-end=\"788\">En los mapas encontrar\u00e1s una cuidada selecci\u00f3n de <strong data-start=\"577\" data-end=\"691\">atractivos naturales, miradores, lagos, monta\u00f1as, ciudades, rutas de senderismo y consejos sobre lugares que merecen una parada<\/strong>. El pack es apto tanto para una planificaci\u00f3n detallada en casa como para usarlo directamente en tu m\u00f3vil durante el viaje. <\/p>\n<p data-start=\"790\" data-end=\"838\">\ud83d\udca1 <strong data-start=\"793\" data-end=\"838\">Por qu\u00e9 comprar el pack de Austria y Eslovenia:<\/strong><\/p>\n<ul data-start=\"839\" data-end=\"1045\">\n<li data-start=\"839\" data-end=\"885\">\n<p data-start=\"841\" data-end=\"885\">Precio m\u00e1s econ\u00f3mico que comprando los mapas por separado<\/p>\n<\/li>\n<li data-start=\"886\" data-end=\"937\">\n<p data-start=\"888\" data-end=\"937\">Combinaci\u00f3n ideal para uno o varios roadtrips<\/p>\n<\/li>\n<li data-start=\"938\" data-end=\"985\">\n<p data-start=\"940\" data-end=\"985\">Planificaci\u00f3n clara de rutas, excursiones y paradas<\/p>\n<\/li>\n<li data-start=\"986\" data-end=\"1045\">\n<p data-start=\"988\" data-end=\"1045\">Genial para amantes de la monta\u00f1a, la naturaleza y los viajes activos<\/p>\n<\/li>\n<\/ul>\n<p data-start=\"1047\" data-end=\"1176\">El pack ser\u00e1 apreciado por viajeros individuales, aventureros y quienes quieran aprovechar al m\u00e1ximo sus vacaciones sin perder tiempo buscando informaci\u00f3n.<\/p>\n<p><strong>Acceso c\u00f3modo<\/strong><\/p>\n<p>Todo lo que necesitas para ver este mapa es <strong>Google Maps<\/strong> en tu navegador o en su aplicaci\u00f3n. Cada vez que abras el mapa, ver\u00e1s su <strong>versi\u00f3n m\u00e1s actualizada,<\/strong> llena de consejos y recomendaciones verificadas personalmente. Tras recibir el pago, te llegar\u00e1 un email con un <strong>pdf con el enlace e instrucciones sobre c\u00f3mo hacerlo.<\/strong>   <\/p>\n<p>Si pagas <strong>v\u00eda PayPal<\/strong>, recibir\u00e1s el email con el pdf <strong>al instante<\/strong>. Si eliges transferencia bancaria, intentamos enviar el email en unas pocas horas, como m\u00e1ximo en dos d\u00edas laborables tras recibir el importe. <\/p>\n<p><strong>\u00a1ATENCI\u00d3N! Solo puedes descargar el archivo una vez.  Si el sistema indica que has agotado el l\u00edmite de descargas, la descarga ya se ha realizado. \u00a1Comprueba las carpetas de descargas o \u00abdownloads\u00bb de tu dispositivo! <\/strong><\/p>\n","protected":false},"excerpt":{"rendered":"<p>Pack de mapas digitales de <strong><a href=\"https:\/\/misketravels.cz\/rakousko-mapa-dovolena\/\" target=\"_blank\" rel=\"noopener\">Austria<\/a> y <a href=\"https:\/\/misketravels.cz\/slovinsko-mapa\/\" target=\"_blank\" rel=\"noopener\">Eslovenia<\/a><\/strong> con <strong>rutas de senderismo, atractivos naturales, ciudades y consejos para excursiones<\/strong>. Ideal para planificar roadtrips y orientarse en el camino. Ahorra tiempo y dinero en comparaci\u00f3n con la compra de mapas individuales.  <\/p>\n","protected":false},"featured_media":6554,"template":"","meta":{"_uag_custom_page_level_css":""},"product_brand":[],"product_cat":[264,344,251],"product_tag":[346,345,279],"class_list":{"0":"post-7845","1":"product","2":"type-product","3":"status-publish","4":"has-post-thumbnail","6":"product_cat-mapas-de-lugares","7":"product_cat-sin-categoria","8":"product_cat-sin-categorizar","9":"product_tag-austria","10":"product_tag-eslovenia","11":"product_tag-mapas","13":"first","14":"instock","15":"sale","16":"downloadable","17":"virtual","18":"purchasable","19":"product-type-simple"},"uagb_featured_image_src":{"full":["https:\/\/misketravels.cz\/wp-content\/uploads\/2025\/08\/Rakousko.jpg",940,788,false],"thumbnail":["https:\/\/misketravels.cz\/wp-content\/uploads\/2025\/08\/Rakousko-150x150.jpg",150,150,true],"medium":["https:\/\/misketravels.cz\/wp-content\/uploads\/2025\/08\/Rakousko-300x251.jpg",300,251,true],"medium_large":["https:\/\/misketravels.cz\/wp-content\/uploads\/2025\/08\/Rakousko-768x644.jpg",768,644,true],"large":["https:\/\/misketravels.cz\/wp-content\/uploads\/2025\/08\/Rakousko-700x587.jpg",700,587,true],"1536x1536":["https:\/\/misketravels.cz\/wp-content\/uploads\/2025\/08\/Rakousko.jpg",940,788,false],"2048x2048":["https:\/\/misketravels.cz\/wp-content\/uploads\/2025\/08\/Rakousko.jpg",940,788,false],"post-thumbnail":["https:\/\/misketravels.cz\/wp-content\/uploads\/2025\/08\/Rakousko.jpg",940,788,false],"woocommerce_thumbnail":["https:\/\/misketravels.cz\/wp-content\/uploads\/2025\/08\/Rakousko-250x250.jpg",250,250,true],"woocommerce_single":["https:\/\/misketravels.cz\/wp-content\/uploads\/2025\/08\/Rakousko-400x335.jpg",400,335,true],"woocommerce_gallery_thumbnail":["https:\/\/misketravels.cz\/wp-content\/uploads\/2025\/08\/Rakousko-100x100.jpg",100,100,true],"yarpp-thumbnail":["https:\/\/misketravels.cz\/wp-content\/uploads\/2025\/08\/Rakousko-120x120.jpg",120,120,true]},"uagb_author_info":{"display_name":"Michaela Hrd\u00e1","author_link":"https:\/\/misketravels.cz\/es\/author\/"},"uagb_comment_info":0,"uagb_excerpt":"Pack de mapas digitales de Austria y Eslovenia con rutas de senderismo, atractivos naturales, ciudades y consejos para excursiones. Ideal para planificar roadtrips y orientarse en el camino. Ahorra tiempo y dinero en comparaci\u00f3n con la compra de mapas individuales.","_links":{"self":[{"href":"https:\/\/misketravels.cz\/es\/wp-json\/wp\/v2\/product\/7845","targetHints":{"allow":["GET"]}}],"collection":[{"href":"https:\/\/misketravels.cz\/es\/wp-json\/wp\/v2\/product"}],"about":[{"href":"https:\/\/misketravels.cz\/es\/wp-json\/wp\/v2\/types\/product"}],"wp:featuredmedia":[{"embeddable":true,"href":"https:\/\/misketravels.cz\/es\/wp-json\/wp\/v2\/media\/6554"}],"wp:attachment":[{"href":"https:\/\/misketravels.cz\/es\/wp-json\/wp\/v2\/media?parent=7845"}],"wp:term":[{"taxonomy":"product_brand","embeddable":true,"href":"https:\/\/misketravels.cz\/es\/wp-json\/wp\/v2\/product_brand?post=7845"},{"taxonomy":"product_cat","embeddable":true,"href":"https:\/\/misketravels.cz\/es\/wp-json\/wp\/v2\/product_cat?post=7845"},{"taxonomy":"product_tag","embeddable":true,"href":"https:\/\/misketravels.cz\/es\/wp-json\/wp\/v2\/product_tag?post=7845"}],"curies":[{"name":"wp","href":"https:\/\/api.w.org\/{rel}","templated":true}]}}