{"id":7881,"date":"2025-08-06T18:06:08","date_gmt":"2025-08-06T16:06:08","guid":{"rendered":"https:\/\/misketravels.cz\/austria-mapa-de-mas-de-360-lugares-para-tus-vacaciones-de-misketravels\/"},"modified":"2025-08-06T18:06:08","modified_gmt":"2025-08-06T16:06:08","slug":"austria-mapa-de-mas-de-360-lugares-para-tus-vacaciones-de-misketravels","status":"publish","type":"product","link":"https:\/\/misketravels.cz\/es\/austria-mapa-de-mas-de-360-lugares-para-tus-vacaciones-de-misketravels\/","title":{"rendered":"Austria: mapa de m\u00e1s de 360 lugares para tus vacaciones de Mi\u0161ketravels"},"content":{"rendered":"<p>Descubre Austria con mi mapa digital, que te mostrar\u00e1 no solo destinos tur\u00edsticos conocidos, sino tambi\u00e9n <strong>lugares fuera de las rutas tur\u00edsticas principales.<\/strong><!--more--><\/p>\n<p>En mi mapa de Austria encontrar\u00e1s consejos para <strong>senderismo de un d\u00eda y traves\u00edas de varios d\u00edas, ferratas,<\/strong> <strong data-start=\"372\" data-end=\"461\">alojamiento incluyendo vivacs, miradores, atracciones tur\u00edsticas, zonas de ba\u00f1o al aire libre, castillos y palacios, desfiladeros y cascadas, lugares de aparcamiento con posibilidad de pernocta y otros puntos de inter\u00e9s<\/strong> que te facilitar\u00e1n la planificaci\u00f3n de tu viaje.<\/p>\n<p>El mapa se <strong>actualiza regularmente<\/strong> y est\u00e1 disponible directamente en tu tel\u00e9fono: ideal para cualquier viajero que quiera descubrir Austria de forma aut\u00e9ntica y sin tener que buscar tanto en Google.<\/p>\n<p><strong>Qu\u00e9 obtendr\u00e1s<\/strong><\/p>\n<ul>\n<li><strong>Tiempo ahorrado:<\/strong> Olv\u00eddate de largas horas de planificaci\u00f3n. Con mi mapa descubrir\u00e1s lo mejor de forma eficiente y con alegr\u00eda. <\/li>\n<li><strong>Tesoros ocultos:<\/strong> Gracias a mis consejos y recomendaciones, llegar\u00e1s a lugares que quedan fuera de las rutas tur\u00edsticas habituales.<\/li>\n<li><strong>Informaci\u00f3n actualizada constantemente:<\/strong> Mi mapa es un organismo vivo. A\u00f1ado nuevos descubrimientos y actualizaciones continuamente para que siempre tengas a mano la informaci\u00f3n m\u00e1s reciente. <\/li>\n<\/ul>\n<p>\u00bfNo necesitas pagar por m\u00e1s de 330 lugares? Lee el art\u00edculo con 20 consejos. <\/p>\n<p><strong>Acceso c\u00f3modo<\/strong><\/p>\n<p>Todo lo que necesitas para ver este mapa es <strong>Google Maps<\/strong> en tu navegador o en su aplicaci\u00f3n. Cada vez que abras el mapa, ver\u00e1s su <strong>versi\u00f3n m\u00e1s actualizada,<\/strong> llena de consejos y recomendaciones verificadas. Para las rutas de senderismo, por supuesto, no faltan <strong>enlaces para la ruta detallada, por ejemplo, en Mapy.cz.<\/strong> Tras recibir el pago, te llegar\u00e1 un correo electr\u00f3nico con un <strong>PDF con el enlace y las instrucciones de c\u00f3mo hacerlo.<\/strong>   <\/p>\n<p>Intentamos enviar el correo electr\u00f3nico en unas pocas horas, pero a m\u00e1s tardar en dos d\u00edas h\u00e1biles tras recibir el importe.<\/p>\n<p><strong>\u00a1ATENCI\u00d3N! Solo puedes descargar el archivo una vez.  Si el sistema indica que has agotado el l\u00edmite de descargas, la descarga ya se ha realizado. \u00a1Comprueba las carpetas de descargas o \u00abdownloads\u00bb de tu dispositivo! <\/strong><\/p>\n<p><strong>\u00a1Da el primer paso hacia unas vacaciones inolvidables con mi mapa de Austria!<\/strong><\/p>\n","protected":false},"excerpt":{"rendered":"<p>Descubre la belleza de <strong>Austria<\/strong> con mi <strong>mapa digital detallado, que contiene m\u00e1s de 360 lugares no solo en los Alpes.<\/strong> Explora <strong>diez categor\u00edas del mapa.<\/strong> Es el resultado de experiencias personales y largos meses pasados en las monta\u00f1as. \u00a1El ayudante perfecto para <strong>planificar tus vacaciones!<\/strong>  <\/p>\n","protected":false},"featured_media":6554,"template":"","meta":{"_uag_custom_page_level_css":""},"product_brand":[],"product_cat":[264,344,251],"product_tag":[356],"class_list":{"0":"post-7881","1":"product","2":"type-product","3":"status-publish","4":"has-post-thumbnail","6":"product_cat-mapas-de-lugares","7":"product_cat-sin-categoria","8":"product_cat-sin-categorizar","9":"product_tag-mapa-austria","11":"first","12":"instock","13":"downloadable","14":"virtual","15":"purchasable","16":"product-type-simple"},"uagb_featured_image_src":{"full":["https:\/\/misketravels.cz\/wp-content\/uploads\/2025\/08\/Rakousko.jpg",940,788,false],"thumbnail":["https:\/\/misketravels.cz\/wp-content\/uploads\/2025\/08\/Rakousko-150x150.jpg",150,150,true],"medium":["https:\/\/misketravels.cz\/wp-content\/uploads\/2025\/08\/Rakousko-300x251.jpg",300,251,true],"medium_large":["https:\/\/misketravels.cz\/wp-content\/uploads\/2025\/08\/Rakousko-768x644.jpg",768,644,true],"large":["https:\/\/misketravels.cz\/wp-content\/uploads\/2025\/08\/Rakousko-700x587.jpg",700,587,true],"1536x1536":["https:\/\/misketravels.cz\/wp-content\/uploads\/2025\/08\/Rakousko.jpg",940,788,false],"2048x2048":["https:\/\/misketravels.cz\/wp-content\/uploads\/2025\/08\/Rakousko.jpg",940,788,false],"post-thumbnail":["https:\/\/misketravels.cz\/wp-content\/uploads\/2025\/08\/Rakousko.jpg",940,788,false],"woocommerce_thumbnail":["https:\/\/misketravels.cz\/wp-content\/uploads\/2025\/08\/Rakousko-250x250.jpg",250,250,true],"woocommerce_single":["https:\/\/misketravels.cz\/wp-content\/uploads\/2025\/08\/Rakousko-400x335.jpg",400,335,true],"woocommerce_gallery_thumbnail":["https:\/\/misketravels.cz\/wp-content\/uploads\/2025\/08\/Rakousko-100x100.jpg",100,100,true],"yarpp-thumbnail":["https:\/\/misketravels.cz\/wp-content\/uploads\/2025\/08\/Rakousko-120x120.jpg",120,120,true]},"uagb_author_info":{"display_name":"Michaela Hrd\u00e1","author_link":"https:\/\/misketravels.cz\/es\/author\/"},"uagb_comment_info":0,"uagb_excerpt":"Descubre la belleza de Austria con mi mapa digital detallado, que contiene m\u00e1s de 360 lugares no solo en los Alpes. Explora diez categor\u00edas del mapa. Es el resultado de experiencias personales y largos meses pasados en las monta\u00f1as. \u00a1El ayudante perfecto para planificar tus vacaciones!","_links":{"self":[{"href":"https:\/\/misketravels.cz\/es\/wp-json\/wp\/v2\/product\/7881","targetHints":{"allow":["GET"]}}],"collection":[{"href":"https:\/\/misketravels.cz\/es\/wp-json\/wp\/v2\/product"}],"about":[{"href":"https:\/\/misketravels.cz\/es\/wp-json\/wp\/v2\/types\/product"}],"wp:featuredmedia":[{"embeddable":true,"href":"https:\/\/misketravels.cz\/es\/wp-json\/wp\/v2\/media\/6554"}],"wp:attachment":[{"href":"https:\/\/misketravels.cz\/es\/wp-json\/wp\/v2\/media?parent=7881"}],"wp:term":[{"taxonomy":"product_brand","embeddable":true,"href":"https:\/\/misketravels.cz\/es\/wp-json\/wp\/v2\/product_brand?post=7881"},{"taxonomy":"product_cat","embeddable":true,"href":"https:\/\/misketravels.cz\/es\/wp-json\/wp\/v2\/product_cat?post=7881"},{"taxonomy":"product_tag","embeddable":true,"href":"https:\/\/misketravels.cz\/es\/wp-json\/wp\/v2\/product_tag?post=7881"}],"curies":[{"name":"wp","href":"https:\/\/api.w.org\/{rel}","templated":true}]}}