{"id":7569,"date":"2025-03-03T17:43:24","date_gmt":"2025-03-03T16:43:24","guid":{"rendered":"https:\/\/misketravels.cz\/wyspy-kanaryjskie-mapa-200-miejsc-na-teneryfie-i-la-gomerze\/"},"modified":"2026-03-26T20:06:54","modified_gmt":"2026-03-26T19:06:54","slug":"wyspy-kanaryjskie-mapa-200-miejsc-na-teneryfie-i-la-gomerze","status":"publish","type":"product","link":"https:\/\/misketravels.cz\/pl\/wyspy-kanaryjskie-mapa-200-miejsc-na-teneryfie-i-la-gomerze\/","title":{"rendered":"Wyspy Kanaryjskie: Mapa 200+ miejsc na Teneryfie i La Gomerze"},"content":{"rendered":"<p>Odkryj Teneryf\u0119 i La Gomer\u0119 z cyfrow\u0105 map\u0105, kt\u00f3ra poka\u017ce Ci nie tylko znane atrakcje turystyczne, ale i <strong>miejsca poza utartym szlakiem.<\/strong><\/p>\n<p>Znajdziesz w niej wskaz\u00f3wki dotycz\u0105ce <strong data-start=\"372\" data-end=\"461\">nocleg\u00f3w, restauracji, punkt\u00f3w widokowych, pla\u017c i naturalnych basen\u00f3w, szlak\u00f3w turystycznych, park\u00f3w rozrywki, zabytk\u00f3w i innych ciekawostek<\/strong>, kt\u00f3re u\u0142atwi\u0105 Ci planowanie podr\u00f3\u017cy.<\/p>\n<p>Mapa jest <strong>regularnie aktualizowana<\/strong> i dost\u0119pna bezpo\u015brednio w Twoim telefonie \u2013 idealna dla ka\u017cdego podr\u00f3\u017cnika, kt\u00f3ry chce odkrywa\u0107 Wyspy Kanaryjskie autentycznie i bez zb\u0119dnego googlowania.<\/p>\n<p><strong>Co zyskasz<\/strong><\/p>\n<ul>\n<li><strong>Oszcz\u0119dno\u015b\u0107 czasu:<\/strong> Zapomnij o d\u0142ugich godzinach planowania. Z moj\u0105 map\u0105 odkryjesz to, co najlepsze na Kanarach, sprawnie i z rado\u015bci\u0105. <\/li>\n<li><strong>Ukryte skarby:<\/strong> Dzi\u0119ki moim wskaz\u00f3wkom i rekomendacjom dotrzesz do miejsc, kt\u00f3re pozostaj\u0105 poza g\u0142\u00f3wnymi szlakami turystycznymi.<\/li>\n<li><strong>Stale aktualizowane informacje:<\/strong> Moja mapa to \u017cywy organizm. Na bie\u017c\u0105co dodaj\u0119 nowe odkrycia i aktualizacje, aby\u015b zawsze mia\u0142 pod r\u0119k\u0105 naj\u015bwie\u017csze informacje. <\/li>\n<\/ul>\n<p>Nie chcesz p\u0142aci\u0107 za ponad 200 miejsc? Przeczytaj <a href=\"https:\/\/misketravels.cz\/pl\/30-wskazowek-co-zobaczyc-i-robic-na-teneryfie\/\">artyku\u0142<\/a> z 30 wskaz\u00f3wkami. <\/p>\n<p>Mo\u017cesz te\u017c skorzysta\u0107 z <a href=\"https:\/\/misketravels.cz\/mapy-ostrovy-atlantiku\/\" target=\"_blank\" rel=\"noopener\">korzystnego pakietu map Wysp Atlantyckich<\/a><\/p>\n<p><strong>Wygodny dost\u0119p<\/strong><\/p>\n<p>Wszystko, czego potrzebujesz do wy\u015bwietlenia tej mapy, to <strong>Mapy Google<\/strong> w Twojej przegl\u0105darce lub aplikacji. Za ka\u017cdym razem, gdy otworzysz map\u0119, zobaczysz jej <strong>najaktualniejsz\u0105 wersj\u0119,<\/strong> pe\u0142n\u0105 wskaz\u00f3wek i osobi\u015bcie sprawdzonych rekomendacji. Po zaksi\u0119gowaniu wp\u0142aty otrzymasz e-mail z <strong>plikiem PDF z linkiem i instrukcj\u0105, jak to zrobi\u0107.<\/strong>   <\/p>\n<p>Je\u015bli zap\u0142acisz <strong>przez PayPal<\/strong>, e-mail z PDF otrzymasz <strong>natychmiast<\/strong>. Je\u015bli wybierzesz przelew bankowy, staramy si\u0119 wysy\u0142a\u0107 e-mail w ci\u0105gu kilku godzin, najp\u00f3\u017aniej jednak w ci\u0105gu dw\u00f3ch dni roboczych od zaksi\u0119gowania kwoty. <\/p>\n<p><strong>UWAGA! Plik mo\u017cesz pobra\u0107 tylko raz.  Je\u015bli system informuje, \u017ce wyczerpa\u0142e\u015b limit pobra\u0144, pobieranie ju\u017c si\u0119 odby\u0142o \u2013 sprawd\u017a wi\u0119c wszystkie foldery o nazwie Pobrane lub Downloads na swoim urz\u0105dzeniu! <\/strong><\/p>\n<p><strong>Zr\u00f3b pierwszy krok do niezapomnianych wakacji z moj\u0105 map\u0105 Kanar\u00f3w!<\/strong><\/p>\n","protected":false},"excerpt":{"rendered":"<p>Odkryj pi\u0119kno <strong>Wysp Kanaryjskich \u2013 Teneryfy i La Gomery<\/strong> z moj\u0105 szczeg\u00f3\u0142ow\u0105 map\u0105 cyfrow\u0105, kt\u00f3ra zawiera <strong>ponad 180 miejsc<\/strong> na tych r\u00f3\u017cnorodnych wyspach. Poznaj <strong>dziewi\u0119\u0107 kategorii mapy.<\/strong> Idealny pomocnik w planowaniu wakacji! <\/p>\n","protected":false},"featured_media":7570,"template":"","meta":{"_uag_custom_page_level_css":""},"product_brand":[],"product_cat":[272,273],"product_tag":[],"class_list":{"0":"post-7569","1":"product","2":"type-product","3":"status-publish","4":"has-post-thumbnail","6":"product_cat-mapy","7":"product_cat-mapy-miejsc","9":"first","10":"instock","11":"downloadable","12":"virtual","13":"purchasable","14":"product-type-simple"},"uagb_featured_image_src":{"full":["https:\/\/misketravels.cz\/wp-content\/uploads\/2025\/03\/Tenerife.jpg",940,788,false],"thumbnail":["https:\/\/misketravels.cz\/wp-content\/uploads\/2025\/03\/Tenerife-150x150.jpg",150,150,true],"medium":["https:\/\/misketravels.cz\/wp-content\/uploads\/2025\/03\/Tenerife-300x251.jpg",300,251,true],"medium_large":["https:\/\/misketravels.cz\/wp-content\/uploads\/2025\/03\/Tenerife-768x644.jpg",768,644,true],"large":["https:\/\/misketravels.cz\/wp-content\/uploads\/2025\/03\/Tenerife-700x587.jpg",700,587,true],"1536x1536":["https:\/\/misketravels.cz\/wp-content\/uploads\/2025\/03\/Tenerife.jpg",940,788,false],"2048x2048":["https:\/\/misketravels.cz\/wp-content\/uploads\/2025\/03\/Tenerife.jpg",940,788,false],"post-thumbnail":["https:\/\/misketravels.cz\/wp-content\/uploads\/2025\/03\/Tenerife.jpg",940,788,false],"woocommerce_thumbnail":["https:\/\/misketravels.cz\/wp-content\/uploads\/2025\/03\/Tenerife-250x250.jpg",250,250,true],"woocommerce_single":["https:\/\/misketravels.cz\/wp-content\/uploads\/2025\/03\/Tenerife-400x335.jpg",400,335,true],"woocommerce_gallery_thumbnail":["https:\/\/misketravels.cz\/wp-content\/uploads\/2025\/03\/Tenerife-100x100.jpg",100,100,true],"yarpp-thumbnail":["https:\/\/misketravels.cz\/wp-content\/uploads\/2025\/03\/Tenerife-120x120.jpg",120,120,true]},"uagb_author_info":{"display_name":"Michaela Hrd\u00e1","author_link":"https:\/\/misketravels.cz\/pl\/author\/"},"uagb_comment_info":0,"uagb_excerpt":"Odkryj pi\u0119kno Wysp Kanaryjskich \u2013 Teneryfy i La Gomery z moj\u0105 szczeg\u00f3\u0142ow\u0105 map\u0105 cyfrow\u0105, kt\u00f3ra zawiera ponad 180 miejsc na tych r\u00f3\u017cnorodnych wyspach. Poznaj dziewi\u0119\u0107 kategorii mapy. Idealny pomocnik w planowaniu wakacji!","_links":{"self":[{"href":"https:\/\/misketravels.cz\/pl\/wp-json\/wp\/v2\/product\/7569","targetHints":{"allow":["GET"]}}],"collection":[{"href":"https:\/\/misketravels.cz\/pl\/wp-json\/wp\/v2\/product"}],"about":[{"href":"https:\/\/misketravels.cz\/pl\/wp-json\/wp\/v2\/types\/product"}],"wp:featuredmedia":[{"embeddable":true,"href":"https:\/\/misketravels.cz\/pl\/wp-json\/wp\/v2\/media\/7570"}],"wp:attachment":[{"href":"https:\/\/misketravels.cz\/pl\/wp-json\/wp\/v2\/media?parent=7569"}],"wp:term":[{"taxonomy":"product_brand","embeddable":true,"href":"https:\/\/misketravels.cz\/pl\/wp-json\/wp\/v2\/product_brand?post=7569"},{"taxonomy":"product_cat","embeddable":true,"href":"https:\/\/misketravels.cz\/pl\/wp-json\/wp\/v2\/product_cat?post=7569"},{"taxonomy":"product_tag","embeddable":true,"href":"https:\/\/misketravels.cz\/pl\/wp-json\/wp\/v2\/product_tag?post=7569"}],"curies":[{"name":"wp","href":"https:\/\/api.w.org\/{rel}","templated":true}]}}