{"id":7631,"date":"2026-02-03T21:26:45","date_gmt":"2026-02-03T20:26:45","guid":{"rendered":"https:\/\/misketravels.cz\/zestaw-map-wyspy-atlantyckie\/"},"modified":"2026-02-03T21:26:45","modified_gmt":"2026-02-03T20:26:45","slug":"zestaw-map-wyspy-atlantyckie","status":"publish","type":"product","link":"https:\/\/misketravels.cz\/pl\/zestaw-map-wyspy-atlantyckie\/","title":{"rendered":"Zestaw map: Wyspy Atlantyckie"},"content":{"rendered":"<h2 data-start=\"322\" data-end=\"360\"><strong data-start=\"322\" data-end=\"360\">Wyspy Kanaryjskie \u2022 Madera \u2022 Azory<\/strong><\/h2>\n<p data-start=\"362\" data-end=\"660\">Zaoszcz\u0119d\u017a 10% ceny regularnej! Ten zestaw map podr\u00f3\u017cniczych jest idealny dla ka\u017cdego, kto chce szczeg\u00f3\u0142owo i bez chaosu odkrywa\u0107 <strong data-start=\"450\" data-end=\"471\">Wyspy Atlantyckie<\/strong>. \u0141\u0105czy starannie przygotowane mapy <strong data-start=\"529\" data-end=\"567\"><a href=\"https:\/\/misketravels.cz\/mapa-kanarske-ostrovy\/\" target=\"_blank\" rel=\"noopener\">Wysp Kanaryjskich<\/a>, <a href=\"https:\/\/misketravels.cz\/madeira-mapa-70-mist-co-videt\/\" target=\"_blank\" rel=\"noopener\">Madery<\/a> i <a href=\"https:\/\/misketravels.cz\/azory-mapa\/\" target=\"_blank\" rel=\"noopener\">Azor\u00f3w<\/a><\/strong>, kt\u00f3re pomog\u0105 Ci zaplanowa\u0107 tras\u0119, odnale\u017a\u0107 si\u0119 na miejscu i nie przegapi\u0107 \u017cadnego ciekawego punktu.  <\/p>\n<h3 data-start=\"662\" data-end=\"690\">\ud83d\uddfa\ufe0f <strong data-start=\"666\" data-end=\"690\">Co znajdziesz w zestawie:<\/strong><\/h3>\n<ul data-start=\"691\" data-end=\"959\">\n<li data-start=\"691\" data-end=\"744\">\n<p data-start=\"693\" data-end=\"744\">Przejrzyste mapy podr\u00f3\u017cnicze poszczeg\u00f3lnych wysp<\/p>\n<\/li>\n<li data-start=\"745\" data-end=\"813\">\n<p data-start=\"747\" data-end=\"813\">Oznaczone <strong data-start=\"755\" data-end=\"811\">trasy, punkty widokowe, pla\u017ce, miasta i atrakcje turystyczne oraz wskaz\u00f3wki dotycz\u0105ce restauracji<\/strong><\/p>\n<\/li>\n<li data-start=\"881\" data-end=\"959\">\n<p data-start=\"883\" data-end=\"959\">Mapy idealne zar\u00f3wno do <strong data-start=\"903\" data-end=\"921\">planowania w domu<\/strong>, jak i do u\u017cytku <strong data-start=\"939\" data-end=\"959\">bezpo\u015brednio w podr\u00f3\u017cy<\/strong><\/p>\n<\/li>\n<\/ul>\n<h3 data-start=\"1176\" data-end=\"1203\">\ud83d\udca1 <strong data-start=\"1179\" data-end=\"1203\">Dlaczego warto kupi\u0107 ten zestaw:<\/strong><\/h3>\n<ul data-start=\"1204\" data-end=\"1338\">\n<li data-start=\"1204\" data-end=\"1250\">\n<p data-start=\"1206\" data-end=\"1250\">Taniej ni\u017c przy zakupie pojedynczych map<\/p>\n<\/li>\n<li data-start=\"1251\" data-end=\"1297\">\n<p data-start=\"1253\" data-end=\"1297\">Wszystkie oferowane wyspy Atlantyku w jednym miejscu<\/p>\n<\/li>\n<li data-start=\"1298\" data-end=\"1338\">\n<p data-start=\"1300\" data-end=\"1338\">Oszcz\u0119dzasz czas na etapie planowania i w trasie<\/p>\n<\/li>\n<\/ul>\n<p data-start=\"1340\" data-end=\"1484\">Ten zestaw jest \u015bwietny dla <strong data-start=\"1368\" data-end=\"1427\">indywidualnych podr\u00f3\u017cnik\u00f3w, cyfrowych nomad\u00f3w i poszukiwaczy przyg\u00f3d<\/strong>, kt\u00f3rzy chc\u0105 mie\u0107 tras\u0119 pod kontrol\u0105 i podr\u00f3\u017cowa\u0107 sprytnie.<\/p>\n","protected":false},"excerpt":{"rendered":"<p data-start=\"165\" data-end=\"417\">Korzystny zestaw <strong>trzech cyfrowych map podr\u00f3\u017cniczych<\/strong> do odkrywania Wysp Atlantyckich bez zb\u0119dnego szukania. Przejrzyste mapy: <strong><a href=\"https:\/\/misketravels.cz\/mapa-kanarske-ostrovy\/\" target=\"_blank\" rel=\"noopener\">Wysp Kanaryjskich<\/a>, <a href=\"https:\/\/misketravels.cz\/madeira-mapa-70-mist-co-videt\/\" target=\"_blank\" rel=\"noopener\">Madery <\/a>a <a href=\"https:\/\/misketravels.cz\/azory-mapa\/\" target=\"_blank\" rel=\"noopener\">Azor\u00f3w<\/a><\/strong> z zaznaczonymi trasami, punktami widokowymi, pla\u017cami, miastami i innymi wskaz\u00f3wkami dotycz\u0105cymi ciekawych miejsc. <\/p>\n","protected":false},"featured_media":7055,"template":"","meta":{"_uag_custom_page_level_css":""},"product_brand":[],"product_cat":[273,272],"product_tag":[277],"class_list":{"0":"post-7631","1":"product","2":"type-product","3":"status-publish","4":"has-post-thumbnail","6":"product_cat-mapy-miejsc","7":"product_cat-mapy","8":"product_tag-mapy","10":"first","11":"instock","12":"sale","13":"downloadable","14":"virtual","15":"purchasable","16":"product-type-simple"},"uagb_featured_image_src":{"full":["https:\/\/misketravels.cz\/wp-content\/uploads\/2026\/02\/Madiera.jpg",940,788,false],"thumbnail":["https:\/\/misketravels.cz\/wp-content\/uploads\/2026\/02\/Madiera-150x150.jpg",150,150,true],"medium":["https:\/\/misketravels.cz\/wp-content\/uploads\/2026\/02\/Madiera-300x251.jpg",300,251,true],"medium_large":["https:\/\/misketravels.cz\/wp-content\/uploads\/2026\/02\/Madiera-768x644.jpg",768,644,true],"large":["https:\/\/misketravels.cz\/wp-content\/uploads\/2026\/02\/Madiera-700x587.jpg",700,587,true],"1536x1536":["https:\/\/misketravels.cz\/wp-content\/uploads\/2026\/02\/Madiera.jpg",940,788,false],"2048x2048":["https:\/\/misketravels.cz\/wp-content\/uploads\/2026\/02\/Madiera.jpg",940,788,false],"post-thumbnail":["https:\/\/misketravels.cz\/wp-content\/uploads\/2026\/02\/Madiera.jpg",940,788,false],"woocommerce_thumbnail":["https:\/\/misketravels.cz\/wp-content\/uploads\/2026\/02\/Madiera-250x250.jpg",250,250,true],"woocommerce_single":["https:\/\/misketravels.cz\/wp-content\/uploads\/2026\/02\/Madiera-400x335.jpg",400,335,true],"woocommerce_gallery_thumbnail":["https:\/\/misketravels.cz\/wp-content\/uploads\/2026\/02\/Madiera-100x100.jpg",100,100,true],"yarpp-thumbnail":["https:\/\/misketravels.cz\/wp-content\/uploads\/2026\/02\/Madiera-120x120.jpg",120,120,true]},"uagb_author_info":{"display_name":"Michaela Hrd\u00e1","author_link":"https:\/\/misketravels.cz\/pl\/author\/"},"uagb_comment_info":0,"uagb_excerpt":"Korzystny zestaw trzech cyfrowych map podr\u00f3\u017cniczych do odkrywania Wysp Atlantyckich bez zb\u0119dnego szukania. Przejrzyste mapy: Wysp Kanaryjskich, Madery a Azor\u00f3w z zaznaczonymi trasami, punktami widokowymi, pla\u017cami, miastami i innymi wskaz\u00f3wkami dotycz\u0105cymi ciekawych miejsc.","_links":{"self":[{"href":"https:\/\/misketravels.cz\/pl\/wp-json\/wp\/v2\/product\/7631","targetHints":{"allow":["GET"]}}],"collection":[{"href":"https:\/\/misketravels.cz\/pl\/wp-json\/wp\/v2\/product"}],"about":[{"href":"https:\/\/misketravels.cz\/pl\/wp-json\/wp\/v2\/types\/product"}],"wp:featuredmedia":[{"embeddable":true,"href":"https:\/\/misketravels.cz\/pl\/wp-json\/wp\/v2\/media\/7055"}],"wp:attachment":[{"href":"https:\/\/misketravels.cz\/pl\/wp-json\/wp\/v2\/media?parent=7631"}],"wp:term":[{"taxonomy":"product_brand","embeddable":true,"href":"https:\/\/misketravels.cz\/pl\/wp-json\/wp\/v2\/product_brand?post=7631"},{"taxonomy":"product_cat","embeddable":true,"href":"https:\/\/misketravels.cz\/pl\/wp-json\/wp\/v2\/product_cat?post=7631"},{"taxonomy":"product_tag","embeddable":true,"href":"https:\/\/misketravels.cz\/pl\/wp-json\/wp\/v2\/product_tag?post=7631"}],"curies":[{"name":"wp","href":"https:\/\/api.w.org\/{rel}","templated":true}]}}