{"id":7889,"date":"2025-08-06T18:06:08","date_gmt":"2025-08-06T16:06:08","guid":{"rendered":"https:\/\/misketravels.cz\/austria-mapa-ponad-360-miejsc-na-twoje-wakacje-od-misketravels\/"},"modified":"2025-08-06T18:06:08","modified_gmt":"2025-08-06T16:06:08","slug":"austria-mapa-ponad-360-miejsc-na-twoje-wakacje-od-misketravels","status":"publish","type":"product","link":"https:\/\/misketravels.cz\/pl\/austria-mapa-ponad-360-miejsc-na-twoje-wakacje-od-misketravels\/","title":{"rendered":"Austria: mapa ponad 360 miejsc na Twoje wakacje od Mi\u0161ketravels"},"content":{"rendered":"<p>Odkryj Austri\u0119 z moj\u0105 map\u0105 cyfrow\u0105, kt\u00f3ra poka\u017ce Ci nie tylko znane cele turystyczne, ale tak\u017ce <strong>miejsca poza g\u0142\u00f3wnymi szlakami.<\/strong><!--more--><\/p>\n<p>W mojej mapie Austrii znajdziesz wskaz\u00f3wki dotycz\u0105ce <strong>jednodniowych w\u0119dr\u00f3wek i kilkudniowych przej\u015b\u0107 g\u00f3rskich, ferrat,<\/strong> <strong data-start=\"372\" data-end=\"461\">nocleg\u00f3w w tym biwak\u00f3w, punkt\u00f3w widokowych, atrakcji turystycznych, k\u0105pielisk outdoorowych, zamk\u00f3w i pa\u0142ac\u00f3w, w\u0105woz\u00f3w i wodospad\u00f3w, miejsc parkingowych z mo\u017cliwo\u015bci\u0105 noclegu oraz innych ciekawostek<\/strong>, kt\u00f3re u\u0142atwi\u0105 Ci planowanie podr\u00f3\u017cy.<\/p>\n<p>Mapa jest <strong>regularnie aktualizowana<\/strong> i dost\u0119pna bezpo\u015brednio w Twoim telefonie \u2013 idealna dla ka\u017cdego podr\u00f3\u017cnika, kt\u00f3ry chce odkrywa\u0107 Austri\u0119 autentycznie i bez zb\u0119dnego googlowania.<\/p>\n<p><strong>Co zyskasz<\/strong><\/p>\n<ul>\n<li><strong>Oszcz\u0119dno\u015b\u0107 czasu:<\/strong> Zapomnij o d\u0142ugich godzinach planowania. Z moj\u0105 map\u0105 odkryjesz to, co najlepsze, efektywnie i z rado\u015bci\u0105. <\/li>\n<li><strong>Ukryte skarby:<\/strong> Dzi\u0119ki moim wskaz\u00f3wkom i rekomendacjom dotrzesz do miejsc, kt\u00f3re pozostaj\u0105 poza g\u0142\u00f3wnymi szlakami turystycznymi.<\/li>\n<li><strong>Stale aktualizowane informacje:<\/strong> Moja mapa to \u017cywy organizm. Na bie\u017c\u0105co dodaj\u0119 nowe odkrycia i aktualizacje, aby\u015b zawsze mia\u0142 pod r\u0119k\u0105 naj\u015bwie\u017csze informacje. <\/li>\n<\/ul>\n<p>Nie potrzebujesz p\u0142aci\u0107 za ponad 330 miejsc? Przeczytaj artyku\u0142 z 20 wskaz\u00f3wkami. <\/p>\n<p><strong>Wygodny dost\u0119p<\/strong><\/p>\n<p>Wszystko, czego potrzebujesz do wy\u015bwietlenia tej mapy, to <strong>Google Maps<\/strong> w Twojej przegl\u0105darce lub aplikacji. Za ka\u017cdym razem, gdy otworzysz map\u0119, zobaczysz jej <strong>najnowsz\u0105 wersj\u0119,<\/strong> pe\u0142n\u0105 wskaz\u00f3wek i sprawdzonych polece\u0144. W przypadku szlak\u00f3w turystycznych nie brakuje oczywi\u015bcie <strong>link\u00f3w do szczeg\u00f3\u0142owych tras, np. na Mapy.cz.<\/strong> Po zaksi\u0119gowaniu wp\u0142aty otrzymasz e-mail z <strong>plikiem PDF zawieraj\u0105cym link i instrukcj\u0119, jak to zrobi\u0107.<\/strong>   <\/p>\n<p>Staramy si\u0119 wysy\u0142a\u0107 e-mail w ci\u0105gu kilku godzin, najp\u00f3\u017aniej jednak w ci\u0105gu dw\u00f3ch dni roboczych od zaksi\u0119gowania kwoty.<\/p>\n<p><strong>UWAGA! Plik mo\u017cesz pobra\u0107 tylko raz.  Je\u015bli system informuje, \u017ce wyczerpa\u0142e\u015b limit pobra\u0144, pobieranie ju\u017c si\u0119 odby\u0142o \u2013 sprawd\u017a wi\u0119c wszystkie foldery o nazwie Pobrane lub Downloads na swoim urz\u0105dzeniu! <\/strong><\/p>\n<p><strong>Zr\u00f3b pierwszy krok do niezapomnianych wakacji z moj\u0105 map\u0105 Austrii!<\/strong><\/p>\n","protected":false},"excerpt":{"rendered":"<p>Odkryj pi\u0119kno <strong>Austrii<\/strong> z moj\u0105 szczeg\u00f3\u0142ow\u0105 <strong>map\u0105 cyfrow\u0105, kt\u00f3ra zawiera ponad 360 miejsc nie tylko w Alpach.<\/strong> Przegl\u0105daj <strong>dziesi\u0119\u0107 kategorii mapy.<\/strong> Jest ona wynikiem osobistych do\u015bwiadcze\u0144 i d\u0142ugich miesi\u0119cy sp\u0119dzonych w g\u00f3rach. Idealny pomocnik przy <strong>planowaniu wakacji!<\/strong>  <\/p>\n","protected":false},"featured_media":6554,"template":"","meta":{"_uag_custom_page_level_css":""},"product_brand":[],"product_cat":[273,341,272],"product_tag":[358],"class_list":{"0":"post-7889","1":"product","2":"type-product","3":"status-publish","4":"has-post-thumbnail","6":"product_cat-mapy-miejsc","7":"product_cat-bez-kategorii","8":"product_cat-mapy","9":"product_tag-mapa-austria","11":"first","12":"instock","13":"downloadable","14":"virtual","15":"purchasable","16":"product-type-simple"},"uagb_featured_image_src":{"full":["https:\/\/misketravels.cz\/wp-content\/uploads\/2025\/08\/Rakousko.jpg",940,788,false],"thumbnail":["https:\/\/misketravels.cz\/wp-content\/uploads\/2025\/08\/Rakousko-150x150.jpg",150,150,true],"medium":["https:\/\/misketravels.cz\/wp-content\/uploads\/2025\/08\/Rakousko-300x251.jpg",300,251,true],"medium_large":["https:\/\/misketravels.cz\/wp-content\/uploads\/2025\/08\/Rakousko-768x644.jpg",768,644,true],"large":["https:\/\/misketravels.cz\/wp-content\/uploads\/2025\/08\/Rakousko-700x587.jpg",700,587,true],"1536x1536":["https:\/\/misketravels.cz\/wp-content\/uploads\/2025\/08\/Rakousko.jpg",940,788,false],"2048x2048":["https:\/\/misketravels.cz\/wp-content\/uploads\/2025\/08\/Rakousko.jpg",940,788,false],"post-thumbnail":["https:\/\/misketravels.cz\/wp-content\/uploads\/2025\/08\/Rakousko.jpg",940,788,false],"woocommerce_thumbnail":["https:\/\/misketravels.cz\/wp-content\/uploads\/2025\/08\/Rakousko-250x250.jpg",250,250,true],"woocommerce_single":["https:\/\/misketravels.cz\/wp-content\/uploads\/2025\/08\/Rakousko-400x335.jpg",400,335,true],"woocommerce_gallery_thumbnail":["https:\/\/misketravels.cz\/wp-content\/uploads\/2025\/08\/Rakousko-100x100.jpg",100,100,true],"yarpp-thumbnail":["https:\/\/misketravels.cz\/wp-content\/uploads\/2025\/08\/Rakousko-120x120.jpg",120,120,true]},"uagb_author_info":{"display_name":"Michaela Hrd\u00e1","author_link":"https:\/\/misketravels.cz\/pl\/author\/"},"uagb_comment_info":0,"uagb_excerpt":"Odkryj pi\u0119kno Austrii z moj\u0105 szczeg\u00f3\u0142ow\u0105 map\u0105 cyfrow\u0105, kt\u00f3ra zawiera ponad 360 miejsc nie tylko w Alpach. Przegl\u0105daj dziesi\u0119\u0107 kategorii mapy. Jest ona wynikiem osobistych do\u015bwiadcze\u0144 i d\u0142ugich miesi\u0119cy sp\u0119dzonych w g\u00f3rach. Idealny pomocnik przy planowaniu wakacji!","_links":{"self":[{"href":"https:\/\/misketravels.cz\/pl\/wp-json\/wp\/v2\/product\/7889","targetHints":{"allow":["GET"]}}],"collection":[{"href":"https:\/\/misketravels.cz\/pl\/wp-json\/wp\/v2\/product"}],"about":[{"href":"https:\/\/misketravels.cz\/pl\/wp-json\/wp\/v2\/types\/product"}],"wp:featuredmedia":[{"embeddable":true,"href":"https:\/\/misketravels.cz\/pl\/wp-json\/wp\/v2\/media\/6554"}],"wp:attachment":[{"href":"https:\/\/misketravels.cz\/pl\/wp-json\/wp\/v2\/media?parent=7889"}],"wp:term":[{"taxonomy":"product_brand","embeddable":true,"href":"https:\/\/misketravels.cz\/pl\/wp-json\/wp\/v2\/product_brand?post=7889"},{"taxonomy":"product_cat","embeddable":true,"href":"https:\/\/misketravels.cz\/pl\/wp-json\/wp\/v2\/product_cat?post=7889"},{"taxonomy":"product_tag","embeddable":true,"href":"https:\/\/misketravels.cz\/pl\/wp-json\/wp\/v2\/product_tag?post=7889"}],"curies":[{"name":"wp","href":"https:\/\/api.w.org\/{rel}","templated":true}]}}