{"id":7134,"date":"2021-06-09T13:33:43","date_gmt":"2021-06-09T11:33:43","guid":{"rendered":"https:\/\/misketravels.cz\/kosik\/"},"modified":"2026-02-11T15:15:51","modified_gmt":"2026-02-11T14:15:51","slug":"kosik","status":"publish","type":"page","link":"https:\/\/misketravels.cz\/sk\/kosik\/","title":{"rendered":"Ko\u0161\u00edk"},"content":{"rendered":"\n<div data-block-name=\"woocommerce\/cart\" class=\"wp-block-woocommerce-cart alignwide is-loading\">\n<div data-block-name=\"woocommerce\/filled-cart-block\" class=\"wp-block-woocommerce-filled-cart-block\">\n<div data-block-name=\"woocommerce\/cart-items-block\" class=\"wp-block-woocommerce-cart-items-block\">\n<div data-block-name=\"woocommerce\/cart-line-items-block\" class=\"wp-block-woocommerce-cart-line-items-block\"><\/div>\n\n\n<\/div>\n\n\n\n\n<div data-block-name=\"woocommerce\/cart-totals-block\" class=\"wp-block-woocommerce-cart-totals-block\">\n<div data-block-name=\"woocommerce\/cart-order-summary-block\" class=\"wp-block-woocommerce-cart-order-summary-block\">\n<div data-block-name=\"woocommerce\/cart-order-summary-heading-block\" class=\"wp-block-woocommerce-cart-order-summary-heading-block\"><\/div><div data-block-name=\"woocommerce\/cart-order-summary-coupon-form-block\" class=\"wp-block-woocommerce-cart-order-summary-coupon-form-block\"><\/div><div data-block-name=\"woocommerce\/cart-order-summary-totals-block\" class=\"wp-block-woocommerce-cart-order-summary-totals-block\">\n<div data-block-name=\"woocommerce\/cart-order-summary-subtotal-block\" class=\"wp-block-woocommerce-cart-order-summary-subtotal-block\"><\/div>\n<div data-block-name=\"woocommerce\/cart-order-summary-discount-block\" class=\"wp-block-woocommerce-cart-order-summary-discount-block\"><\/div>\n<div data-block-name=\"woocommerce\/cart-order-summary-fee-block\" class=\"wp-block-woocommerce-cart-order-summary-fee-block\"><\/div>\n<div data-block-name=\"woocommerce\/cart-order-summary-shipping-block\" class=\"wp-block-woocommerce-cart-order-summary-shipping-block\"><\/div>\n<div data-block-name=\"woocommerce\/cart-order-summary-taxes-block\" class=\"wp-block-woocommerce-cart-order-summary-taxes-block\"><\/div><\/div>\n<\/div>\n\n\n\n<div data-block-name=\"woocommerce\/cart-express-payment-block\" class=\"wp-block-woocommerce-cart-express-payment-block\"><\/div>\n\n\n\n<div data-block-name=\"woocommerce\/proceed-to-checkout-block\" class=\"wp-block-woocommerce-proceed-to-checkout-block\"><\/div>\n<div id=\"ppcp-recaptcha-v2-container\" style=\"margin:20px 0;\"><\/div>\n\n\n<div data-block-name=\"woocommerce\/cart-accepted-payment-methods-block\" class=\"wp-block-woocommerce-cart-accepted-payment-methods-block\"><\/div>\n<\/div>\n<\/div>\n\n\n\n<div data-block-name=\"woocommerce\/empty-cart-block\" class=\"wp-block-woocommerce-empty-cart-block\">\n<h2 class=\"wp-block-heading has-text-align-center with-empty-cart-icon wc-block-cart__empty-cart__title\">V\u00e1\u0161 ko\u0161\u00edk je moment\u00e1lne pr\u00e1zdny!<\/h2>\n\n\n\n<hr class=\"wp-block-separator has-alpha-channel-opacity is-style-dots\"\/>\n\n\n\n<h2 class=\"wp-block-heading has-text-align-center\">Novinky v obchode<\/h2>\n\n\n<div data-block-name=\"woocommerce\/product-new\" data-columns=\"4\" data-rows=\"1\" class=\"wc-block-grid wp-block-product-new wp-block-woocommerce-product-new wc-block-product-new has-4-columns\"><ul class=\"wc-block-grid__products\"><li class=\"wc-block-grid__product\">\n\t\t\t\t<a href=\"https:\/\/misketravels.cz\/sk\/vyhodny-balicek-map-ostrovy-atlantiku\/\" class=\"wc-block-grid__product-link\">\n\t\t\t\t\t<div class=\"wc-block-grid__product-onsale\">\n\t\t\t<span aria-hidden=\"true\">Z\u013eava<\/span>\n\t\t\t<span class=\"screen-reader-text\">Z\u013eavnen\u00fd produkt<\/span>\n\t\t<\/div>\n\t\t\t\t\t<div class=\"wc-block-grid__product-image\"><img decoding=\"async\" width=\"250\" height=\"250\" data-src=\"https:\/\/misketravels.cz\/wp-content\/uploads\/2026\/02\/Madiera-250x250.jpg\" class=\"attachment-woocommerce_thumbnail size-woocommerce_thumbnail lazyload\" alt=\"V\u00fdhodn\u00fd bal\u00ed\u010dek m\u00e1p: ostrovy Atlantiku\" data-srcset=\"https:\/\/misketravels.cz\/wp-content\/uploads\/2026\/02\/Madiera-250x250.jpg 250w, https:\/\/misketravels.cz\/wp-content\/uploads\/2026\/02\/Madiera-150x150.jpg 150w, https:\/\/misketravels.cz\/wp-content\/uploads\/2026\/02\/Madiera-100x100.jpg 100w, https:\/\/misketravels.cz\/wp-content\/uploads\/2026\/02\/Madiera-120x120.jpg 120w\" data-sizes=\"(max-width: 250px) 85vw, 250px\" title=\"\" src=\"data:image\/svg+xml;base64,PHN2ZyB3aWR0aD0iMSIgaGVpZ2h0PSIxIiB4bWxucz0iaHR0cDovL3d3dy53My5vcmcvMjAwMC9zdmciPjwvc3ZnPg==\" style=\"--smush-placeholder-width: 250px; --smush-placeholder-aspect-ratio: 250\/250;\"><\/div>\n\t\t\t\t\t<div class=\"wc-block-grid__product-title\">V\u00fdhodn\u00fd bal\u00ed\u010dek m\u00e1p: ostrovy Atlantiku<\/div>\n\t\t\t\t<\/a>\n\t\t\t\t<div class=\"wc-block-grid__product-price price\"><del aria-hidden=\"true\"><span class=\"woocommerce-Price-amount amount\">21,56&nbsp;<span class=\"woocommerce-Price-currencySymbol\">&euro;<\/span><\/span><\/del> <span class=\"screen-reader-text\">P\u00f4vodn\u00e1 cena bola: 21,56&nbsp;&euro;.<\/span><ins aria-hidden=\"true\"><span class=\"woocommerce-Price-amount amount\">19,16&nbsp;<span class=\"woocommerce-Price-currencySymbol\">&euro;<\/span><\/span><\/ins><span class=\"screen-reader-text\">Aktu\u00e1lna cena je: 19,16&nbsp;&euro;.<\/span><\/div>\n\t\t\t\t\n\t\t\t\t<div class=\"wp-block-button wc-block-grid__product-add-to-cart\"><a href=\"\/sk\/wp-json\/wp\/v2\/pages\/7134?add-to-cart=7627\" aria-label=\"Prida\u0165 do ko\u0161\u00edka: \u201eV\u00fdhodn\u00fd bal\u00ed\u010dek m\u00e1p: ostrovy Atlantiku\u201c\" data-quantity=\"1\" data-product_id=\"7627\" data-product_sku=\"\" data-price=\"19.16\" rel=\"nofollow\" class=\"wp-block-button__link  add_to_cart_button ajax_add_to_cart\">Prida\u0165 do ko\u0161\u00edka<\/a><\/div>\n\t\t\t<\/li><li class=\"wc-block-grid__product\">\n\t\t\t\t<a href=\"https:\/\/misketravels.cz\/sk\/kanarske-ostrovy-mapa-200-miest-na-tenerife-a-la-gomere\/\" class=\"wc-block-grid__product-link\">\n\t\t\t\t\t\n\t\t\t\t\t<div class=\"wc-block-grid__product-image\"><img decoding=\"async\" width=\"250\" height=\"250\" data-src=\"https:\/\/misketravels.cz\/wp-content\/uploads\/2025\/03\/Tenerife-250x250.jpg\" class=\"attachment-woocommerce_thumbnail size-woocommerce_thumbnail lazyload\" alt=\"Kan\u00e1rske ostrovy: Mapa 200+ miest na Tenerife a La Gomere\" data-srcset=\"https:\/\/misketravels.cz\/wp-content\/uploads\/2025\/03\/Tenerife-250x250.jpg 250w, https:\/\/misketravels.cz\/wp-content\/uploads\/2025\/03\/Tenerife-150x150.jpg 150w, https:\/\/misketravels.cz\/wp-content\/uploads\/2025\/03\/Tenerife-100x100.jpg 100w, https:\/\/misketravels.cz\/wp-content\/uploads\/2025\/03\/Tenerife-120x120.jpg 120w\" data-sizes=\"(max-width: 250px) 85vw, 250px\" title=\"\" src=\"data:image\/svg+xml;base64,PHN2ZyB3aWR0aD0iMSIgaGVpZ2h0PSIxIiB4bWxucz0iaHR0cDovL3d3dy53My5vcmcvMjAwMC9zdmciPjwvc3ZnPg==\" style=\"--smush-placeholder-width: 250px; --smush-placeholder-aspect-ratio: 250\/250;\"><\/div>\n\t\t\t\t\t<div class=\"wc-block-grid__product-title\">Kan\u00e1rske ostrovy: Mapa 200+ miest na Tenerife a La Gomere<\/div>\n\t\t\t\t<\/a>\n\t\t\t\t<div class=\"wc-block-grid__product-price price\"><span class=\"woocommerce-Price-amount amount\">9,96&nbsp;<span class=\"woocommerce-Price-currencySymbol\">&euro;<\/span><\/span><\/div>\n\t\t\t\t\n\t\t\t\t<div class=\"wp-block-button wc-block-grid__product-add-to-cart\"><a href=\"\/sk\/wp-json\/wp\/v2\/pages\/7134?add-to-cart=7381\" aria-label=\"Prida\u0165 do ko\u0161\u00edka: \u201eKan\u00e1rske ostrovy: Mapa 200+ miest na Tenerife a La Gomere\u201c\" data-quantity=\"1\" data-product_id=\"7381\" data-product_sku=\"\" data-price=\"9.96\" rel=\"nofollow\" class=\"wp-block-button__link  add_to_cart_button ajax_add_to_cart\">Prida\u0165 do ko\u0161\u00edka<\/a><\/div>\n\t\t\t<\/li><li class=\"wc-block-grid__product\">\n\t\t\t\t<a href=\"https:\/\/misketravels.cz\/sk\/madeira-mapa\/\" class=\"wc-block-grid__product-link\">\n\t\t\t\t\t\n\t\t\t\t\t<div class=\"wc-block-grid__product-image\"><img decoding=\"async\" width=\"250\" height=\"250\" data-src=\"https:\/\/misketravels.cz\/wp-content\/uploads\/2024\/06\/Madeira-250x250.jpg\" class=\"attachment-woocommerce_thumbnail size-woocommerce_thumbnail lazyload\" alt=\"mapa madeira\" data-srcset=\"https:\/\/misketravels.cz\/wp-content\/uploads\/2024\/06\/Madeira-250x250.jpg 250w, https:\/\/misketravels.cz\/wp-content\/uploads\/2024\/06\/Madeira-150x150.jpg 150w, https:\/\/misketravels.cz\/wp-content\/uploads\/2024\/06\/Madeira-100x100.jpg 100w, https:\/\/misketravels.cz\/wp-content\/uploads\/2024\/06\/Madeira-120x120.jpg 120w\" data-sizes=\"(max-width: 250px) 85vw, 250px\" title=\"\" src=\"data:image\/svg+xml;base64,PHN2ZyB3aWR0aD0iMSIgaGVpZ2h0PSIxIiB4bWxucz0iaHR0cDovL3d3dy53My5vcmcvMjAwMC9zdmciPjwvc3ZnPg==\" style=\"--smush-placeholder-width: 250px; --smush-placeholder-aspect-ratio: 250\/250;\"><\/div>\n\t\t\t\t\t<div class=\"wc-block-grid__product-title\">Madeira: mapa 130+ miest, \u010do vidie\u0165<\/div>\n\t\t\t\t<\/a>\n\t\t\t\t<div class=\"wc-block-grid__product-price price\"><span class=\"woocommerce-Price-amount amount\">5,96&nbsp;<span class=\"woocommerce-Price-currencySymbol\">&euro;<\/span><\/span><\/div>\n\t\t\t\t\n\t\t\t\t<div class=\"wp-block-button wc-block-grid__product-add-to-cart\"><a href=\"\/sk\/wp-json\/wp\/v2\/pages\/7134?add-to-cart=7757\" aria-label=\"Prida\u0165 do ko\u0161\u00edka: \u201eMadeira: mapa 130+ miest, \u010do vidie\u0165\u201c\" data-quantity=\"1\" data-product_id=\"7757\" data-product_sku=\"\" data-price=\"5.96\" rel=\"nofollow\" class=\"wp-block-button__link  add_to_cart_button ajax_add_to_cart\">Prida\u0165 do ko\u0161\u00edka<\/a><\/div>\n\t\t\t<\/li><li class=\"wc-block-grid__product\">\n\t\t\t\t<a href=\"https:\/\/misketravels.cz\/sk\/azorske-ostrovy-mapa-110-miest-co-vidiet\/\" class=\"wc-block-grid__product-link\">\n\t\t\t\t\t\n\t\t\t\t\t<div class=\"wc-block-grid__product-image\"><img decoding=\"async\" width=\"250\" height=\"250\" data-src=\"https:\/\/misketravels.cz\/wp-content\/uploads\/2024\/06\/Azory-250x250.jpg\" class=\"attachment-woocommerce_thumbnail size-woocommerce_thumbnail lazyload\" alt=\"Azorsk\u00e9 ostrovy: mapa 110+ miest, \u010do vidie\u0165\" data-srcset=\"https:\/\/misketravels.cz\/wp-content\/uploads\/2024\/06\/Azory-250x250.jpg 250w, https:\/\/misketravels.cz\/wp-content\/uploads\/2024\/06\/Azory-150x150.jpg 150w, https:\/\/misketravels.cz\/wp-content\/uploads\/2024\/06\/Azory-100x100.jpg 100w, https:\/\/misketravels.cz\/wp-content\/uploads\/2024\/06\/Azory-120x120.jpg 120w\" data-sizes=\"(max-width: 250px) 85vw, 250px\" title=\"\" src=\"data:image\/svg+xml;base64,PHN2ZyB3aWR0aD0iMSIgaGVpZ2h0PSIxIiB4bWxucz0iaHR0cDovL3d3dy53My5vcmcvMjAwMC9zdmciPjwvc3ZnPg==\" style=\"--smush-placeholder-width: 250px; --smush-placeholder-aspect-ratio: 250\/250;\"><\/div>\n\t\t\t\t\t<div class=\"wc-block-grid__product-title\">Azorsk\u00e9 ostrovy: mapa 110+ miest, \u010do vidie\u0165<\/div>\n\t\t\t\t<\/a>\n\t\t\t\t<div class=\"wc-block-grid__product-price price\"><span class=\"woocommerce-Price-amount amount\">5,56&nbsp;<span class=\"woocommerce-Price-currencySymbol\">&euro;<\/span><\/span><\/div>\n\t\t\t\t\n\t\t\t\t<div class=\"wp-block-button wc-block-grid__product-add-to-cart\"><a href=\"\/sk\/wp-json\/wp\/v2\/pages\/7134?add-to-cart=7769\" aria-label=\"Prida\u0165 do ko\u0161\u00edka: \u201eAzorsk\u00e9 ostrovy: mapa 110+ miest, \u010do vidie\u0165\u201c\" data-quantity=\"1\" data-product_id=\"7769\" data-product_sku=\"\" data-price=\"5.56\" rel=\"nofollow\" class=\"wp-block-button__link  add_to_cart_button ajax_add_to_cart\">Prida\u0165 do ko\u0161\u00edka<\/a><\/div>\n\t\t\t<\/li><\/ul><\/div><\/div>\n<\/div>\n","protected":false},"excerpt":{"rendered":"","protected":false},"author":1,"featured_media":0,"parent":0,"menu_order":0,"comment_status":"closed","ping_status":"closed","template":"","meta":{"_uag_custom_page_level_css":"","footnotes":""},"class_list":["post-7134","page","type-page","status-publish","hentry"],"uagb_featured_image_src":{"full":false,"thumbnail":false,"medium":false,"medium_large":false,"large":false,"1536x1536":false,"2048x2048":false,"post-thumbnail":false,"woocommerce_thumbnail":false,"woocommerce_single":false,"woocommerce_gallery_thumbnail":false,"yarpp-thumbnail":false},"uagb_author_info":{"display_name":"Michaela Hrd\u00e1","author_link":"https:\/\/misketravels.cz\/sk\/author\/administrator\/"},"uagb_comment_info":0,"uagb_excerpt":null,"_links":{"self":[{"href":"https:\/\/misketravels.cz\/sk\/wp-json\/wp\/v2\/pages\/7134","targetHints":{"allow":["GET"]}}],"collection":[{"href":"https:\/\/misketravels.cz\/sk\/wp-json\/wp\/v2\/pages"}],"about":[{"href":"https:\/\/misketravels.cz\/sk\/wp-json\/wp\/v2\/types\/page"}],"author":[{"embeddable":true,"href":"https:\/\/misketravels.cz\/sk\/wp-json\/wp\/v2\/users\/1"}],"replies":[{"embeddable":true,"href":"https:\/\/misketravels.cz\/sk\/wp-json\/wp\/v2\/comments?post=7134"}],"version-history":[{"count":1,"href":"https:\/\/misketravels.cz\/sk\/wp-json\/wp\/v2\/pages\/7134\/revisions"}],"predecessor-version":[{"id":7168,"href":"https:\/\/misketravels.cz\/sk\/wp-json\/wp\/v2\/pages\/7134\/revisions\/7168"}],"wp:attachment":[{"href":"https:\/\/misketravels.cz\/sk\/wp-json\/wp\/v2\/media?parent=7134"}],"curies":[{"name":"wp","href":"https:\/\/api.w.org\/{rel}","templated":true}]}}