{"id":7381,"date":"2025-03-03T17:43:24","date_gmt":"2025-03-03T16:43:24","guid":{"rendered":"https:\/\/misketravels.cz\/kanarske-ostrovy-mapa-200-miest-na-tenerife-a-la-gomere\/"},"modified":"2026-03-26T20:06:38","modified_gmt":"2026-03-26T19:06:38","slug":"kanarske-ostrovy-mapa-200-miest-na-tenerife-a-la-gomere","status":"publish","type":"product","link":"https:\/\/misketravels.cz\/sk\/kanarske-ostrovy-mapa-200-miest-na-tenerife-a-la-gomere\/","title":{"rendered":"Kan\u00e1rske ostrovy: Mapa 200+ miest na Tenerife a La Gomere"},"content":{"rendered":"<p>Objav Tenerife a La Gomeru s digit\u00e1lnou mapou, ktor\u00e1 ti uk\u00e1\u017ee nielen zn\u00e1me turistick\u00e9 ciele, ale aj <strong>miesta mimo hlavn\u00fdch tr\u00e1s.<\/strong><\/p>\n<p>N\u00e1jde\u0161 v nej tipy na <strong data-start=\"372\" data-end=\"461\">ubytovanie, re\u0161taur\u00e1cie, vyhliadky, pl\u00e1\u017ee aj pr\u00edrodn\u00e9 baz\u00e9ny, turistick\u00e9 trasy, z\u00e1bavn\u00e9 parky, pamiatky a \u010fal\u0161ie zauj\u00edmavosti<\/strong>, ktor\u00e9 ti u\u013eah\u010dia pl\u00e1novanie tvojej cesty.<\/p>\n<p>Mapa je <strong>pravidelne aktualizovan\u00e1<\/strong> a dostupn\u00e1 priamo v tvojom telef\u00f3ne \u2013 ide\u00e1lna pre ka\u017ed\u00e9ho cestovate\u013ea, ktor\u00fd chce objavova\u0165 Kan\u00e1rske ostrovy autenticky a bez zbyto\u010dn\u00e9ho googlenia.<\/p>\n<p><strong>\u010co z\u00edska\u0161<\/strong><\/p>\n<ul>\n<li><strong>U\u0161etren\u00fd \u010das:<\/strong> Zabudni na dlh\u00e9 hodiny pl\u00e1novania. S mojou mapou objav\u00ed\u0161 to najlep\u0161ie z Kan\u00e1rov efekt\u00edvne a s rados\u0165ou. <\/li>\n<li><strong>Skryt\u00e9 poklady:<\/strong> V\u010faka mojim tipom a odpor\u00fa\u010daniam sa dostane\u0161 na miesta, ktor\u00e9 zost\u00e1vaj\u00fa mimo be\u017en\u00fdch turistick\u00fdch tr\u00e1s.<\/li>\n<li><strong>Neust\u00e1le aktualizovan\u00e9 inform\u00e1cie:<\/strong> Moja mapa je \u017eiv\u00fd organizmus. Nov\u00e9 objavy a aktualiz\u00e1cie prid\u00e1vam priebe\u017ene, aby si mal v\u017edy k dispoz\u00edcii tie naj\u010derstvej\u0161ie inform\u00e1cie. <\/li>\n<\/ul>\n<p>Nepotrebuje\u0161 plati\u0165 za 200+ miest? Pre\u010d\u00edtaj si <a href=\"https:\/\/misketravels.cz\/sk\/tipov-tenerife\/\">\u010dl\u00e1nok<\/a> s 30 tipmi. <\/p>\n<p>Vyu\u017ei\u0165 m\u00f4\u017ee\u0161 aj <a href=\"https:\/\/misketravels.cz\/mapy-ostrovy-atlantiku\/\" target=\"_blank\" rel=\"noopener\">v\u00fdhodn\u00fd bal\u00ed\u010dek m\u00e1p Ostrovov Atlantiku<\/a><\/p>\n<p><strong>Pohodln\u00fd pr\u00edstup<\/strong><\/p>\n<p>V\u0161etko, \u010do potrebuje\u0161 na zobrazenie tejto mapy, s\u00fa <strong>Google mapy<\/strong> v tvojom prehliada\u010di alebo ich aplik\u00e1cii. Kedyko\u013evek otvor\u00ed\u0161 mapu, uvid\u00ed\u0161 jej <strong>najaktu\u00e1lnej\u0161iu verziu,<\/strong> pln\u00fa tipov a osobne overen\u00fdch odpor\u00fa\u010dan\u00ed. Po prip\u00edsan\u00ed platby ti pr\u00edde e-mail s <strong>pdf s odkazom a n\u00e1vodom ako na to. <\/strong>   <\/p>\n<p>Ak zaplat\u00ed\u0161 <strong>cez PayPal<\/strong>, e-mail s pdf dostane\u0161 <strong>okam\u017eite<\/strong>. Ak zvol\u00ed\u0161 bankov\u00fd prevod, sna\u017e\u00edme sa e-mail odosiela\u0165 do nieko\u013ek\u00fdch hod\u00edn, najnesk\u00f4r v\u0161ak do dvoch pracovn\u00fdch dn\u00ed po prip\u00edsan\u00ed sumy. <\/p>\n<p><strong>POZOR! S\u00fabor si m\u00f4\u017ee\u0161 stiahnu\u0165 iba raz.  Ak ti syst\u00e9m hl\u00e1si, \u017ee si vy\u010derpal po\u010det stiahnut\u00ed, s\u0165ahovanie u\u017e prebehlo, skontroluj teda v\u0161etky prie\u010dinky s n\u00e1zvom stiahnut\u00e9 alebo downloads vo svojom zariaden\u00ed! <\/strong><\/p>\n<p><strong>Urob prv\u00fd krok k nezabudnute\u013enej dovolenke s mojou mapou Kan\u00e1rov!<\/strong><\/p>\n","protected":false},"excerpt":{"rendered":"<p>Objav kr\u00e1sy <strong>Kan\u00e1rskych ostrovov &#8211; Tenerife a La Gomery<\/strong> s mojou podrobnou digit\u00e1lnou mapou, ktor\u00e1 obsahuje <strong>180+ miest<\/strong> na t\u00fdchto rozmanit\u00fdch ostrovoch. Presk\u00famaj <strong>dev\u00e4\u0165 kateg\u00f3ri\u00ed mapy.<\/strong> Perfektn\u00fd pomocn\u00edk na pl\u00e1novanie dovolenky! <\/p>\n","protected":false},"featured_media":7382,"template":"","meta":{"_uag_custom_page_level_css":""},"product_brand":[],"product_cat":[265,250],"product_tag":[],"class_list":{"0":"post-7381","1":"product","2":"type-product","3":"status-publish","4":"has-post-thumbnail","6":"product_cat-mapy-miest","7":"product_cat-uncategorized-sk","9":"first","10":"instock","11":"downloadable","12":"virtual","13":"purchasable","14":"product-type-simple"},"uagb_featured_image_src":{"full":["https:\/\/misketravels.cz\/wp-content\/uploads\/2025\/03\/Tenerife.jpg",940,788,false],"thumbnail":["https:\/\/misketravels.cz\/wp-content\/uploads\/2025\/03\/Tenerife-150x150.jpg",150,150,true],"medium":["https:\/\/misketravels.cz\/wp-content\/uploads\/2025\/03\/Tenerife-300x251.jpg",300,251,true],"medium_large":["https:\/\/misketravels.cz\/wp-content\/uploads\/2025\/03\/Tenerife-768x644.jpg",768,644,true],"large":["https:\/\/misketravels.cz\/wp-content\/uploads\/2025\/03\/Tenerife-700x587.jpg",700,587,true],"1536x1536":["https:\/\/misketravels.cz\/wp-content\/uploads\/2025\/03\/Tenerife.jpg",940,788,false],"2048x2048":["https:\/\/misketravels.cz\/wp-content\/uploads\/2025\/03\/Tenerife.jpg",940,788,false],"post-thumbnail":["https:\/\/misketravels.cz\/wp-content\/uploads\/2025\/03\/Tenerife.jpg",940,788,false],"woocommerce_thumbnail":["https:\/\/misketravels.cz\/wp-content\/uploads\/2025\/03\/Tenerife-250x250.jpg",250,250,true],"woocommerce_single":["https:\/\/misketravels.cz\/wp-content\/uploads\/2025\/03\/Tenerife-400x335.jpg",400,335,true],"woocommerce_gallery_thumbnail":["https:\/\/misketravels.cz\/wp-content\/uploads\/2025\/03\/Tenerife-100x100.jpg",100,100,true],"yarpp-thumbnail":["https:\/\/misketravels.cz\/wp-content\/uploads\/2025\/03\/Tenerife-120x120.jpg",120,120,true]},"uagb_author_info":{"display_name":"Michaela Hrd\u00e1","author_link":"https:\/\/misketravels.cz\/sk\/author\/"},"uagb_comment_info":0,"uagb_excerpt":"Objav kr\u00e1sy Kan\u00e1rskych ostrovov - Tenerife a La Gomery s mojou podrobnou digit\u00e1lnou mapou, ktor\u00e1 obsahuje 180+ miest na t\u00fdchto rozmanit\u00fdch ostrovoch. Presk\u00famaj dev\u00e4\u0165 kateg\u00f3ri\u00ed mapy. Perfektn\u00fd pomocn\u00edk na pl\u00e1novanie dovolenky!","_links":{"self":[{"href":"https:\/\/misketravels.cz\/sk\/wp-json\/wp\/v2\/product\/7381","targetHints":{"allow":["GET"]}}],"collection":[{"href":"https:\/\/misketravels.cz\/sk\/wp-json\/wp\/v2\/product"}],"about":[{"href":"https:\/\/misketravels.cz\/sk\/wp-json\/wp\/v2\/types\/product"}],"wp:featuredmedia":[{"embeddable":true,"href":"https:\/\/misketravels.cz\/sk\/wp-json\/wp\/v2\/media\/7382"}],"wp:attachment":[{"href":"https:\/\/misketravels.cz\/sk\/wp-json\/wp\/v2\/media?parent=7381"}],"wp:term":[{"taxonomy":"product_brand","embeddable":true,"href":"https:\/\/misketravels.cz\/sk\/wp-json\/wp\/v2\/product_brand?post=7381"},{"taxonomy":"product_cat","embeddable":true,"href":"https:\/\/misketravels.cz\/sk\/wp-json\/wp\/v2\/product_cat?post=7381"},{"taxonomy":"product_tag","embeddable":true,"href":"https:\/\/misketravels.cz\/sk\/wp-json\/wp\/v2\/product_tag?post=7381"}],"curies":[{"name":"wp","href":"https:\/\/api.w.org\/{rel}","templated":true}]}}