{"id":7627,"date":"2026-02-03T21:26:45","date_gmt":"2026-02-03T20:26:45","guid":{"rendered":"https:\/\/misketravels.cz\/vyhodny-balicek-map-ostrovy-atlantiku\/"},"modified":"2026-02-03T21:26:45","modified_gmt":"2026-02-03T20:26:45","slug":"vyhodny-balicek-map-ostrovy-atlantiku","status":"publish","type":"product","link":"https:\/\/misketravels.cz\/sk\/vyhodny-balicek-map-ostrovy-atlantiku\/","title":{"rendered":"V\u00fdhodn\u00fd bal\u00ed\u010dek m\u00e1p: ostrovy Atlantiku"},"content":{"rendered":"<h2 data-start=\"322\" data-end=\"360\"><strong data-start=\"322\" data-end=\"360\">Kan\u00e1rske ostrovy \u2022 Madeira \u2022 Azory<\/strong><\/h2>\n<p data-start=\"362\" data-end=\"660\">U\u0161etri 10 % z be\u017enej ceny! Tento v\u00fdhodn\u00fd bal\u00ed\u010dek cestovate\u013esk\u00fdch m\u00e1p je ide\u00e1lny pre v\u0161etk\u00fdch, ktor\u00ed pl\u00e1nuj\u00fa objavova\u0165 <strong data-start=\"450\" data-end=\"471\">ostrovy Atlantiku<\/strong> do detailu a bez chaosu. Sp\u00e1ja starostlivo pripraven\u00e9 mapy <strong data-start=\"529\" data-end=\"567\"><a href=\"https:\/\/misketravels.cz\/mapa-kanarske-ostrovy\/\" target=\"_blank\" rel=\"noopener\">Kan\u00e1rskych ostrovov<\/a>, <a href=\"https:\/\/misketravels.cz\/madeira-mapa-70-mist-co-videt\/\" target=\"_blank\" rel=\"noopener\">Madeiry<\/a> a <a href=\"https:\/\/misketravels.cz\/azory-mapa\/\" target=\"_blank\" rel=\"noopener\">Azorsk\u00fdch ostrovov<\/a><\/strong>, ktor\u00e9 ti pom\u00f4\u017eu napl\u00e1nova\u0165 trasu, orientova\u0165 sa na mieste a nezme\u0161ka\u0165 \u017eiadne zauj\u00edmav\u00e9 miesto.  <\/p>\n<h3 data-start=\"662\" data-end=\"690\">\ud83d\uddfa\ufe0f <strong data-start=\"666\" data-end=\"690\">\u010co v bal\u00ed\u010dku n\u00e1jde\u0161:<\/strong><\/h3>\n<ul data-start=\"691\" data-end=\"959\">\n<li data-start=\"691\" data-end=\"744\">\n<p data-start=\"693\" data-end=\"744\">Preh\u013eadn\u00e9 cestovate\u013esk\u00e9 mapy jednotliv\u00fdch ostrovov<\/p>\n<\/li>\n<li data-start=\"745\" data-end=\"813\">\n<p data-start=\"747\" data-end=\"813\">Zna\u010den\u00e9 <strong data-start=\"755\" data-end=\"811\">trasy, vyhliadky, pl\u00e1\u017ee, mest\u00e1 a turistick\u00e9 zauj\u00edmavosti alebo tipy na re\u0161taur\u00e1cie<\/strong><\/p>\n<\/li>\n<li data-start=\"881\" data-end=\"959\">\n<p data-start=\"883\" data-end=\"959\">Mapy vhodn\u00e9 ako na <strong data-start=\"903\" data-end=\"921\">pl\u00e1novanie doma<\/strong>, tak na pou\u017eitie <strong data-start=\"939\" data-end=\"959\">priamo na cest\u00e1ch<\/strong><\/p>\n<\/li>\n<\/ul>\n<h3 data-start=\"1176\" data-end=\"1203\">\ud83d\udca1 <strong data-start=\"1179\" data-end=\"1203\">Pre\u010do k\u00fapi\u0165 bal\u00ed\u010dek:<\/strong><\/h3>\n<ul data-start=\"1204\" data-end=\"1338\">\n<li data-start=\"1204\" data-end=\"1250\">\n<p data-start=\"1206\" data-end=\"1250\">Cenovo v\u00fdhodnej\u0161ie ne\u017e n\u00e1kup m\u00e1p jednotlivo<\/p>\n<\/li>\n<li data-start=\"1251\" data-end=\"1297\">\n<p data-start=\"1253\" data-end=\"1297\">V\u0161etky pon\u00fakan\u00e9 atlantick\u00e9 ostrovy na jednom mieste<\/p>\n<\/li>\n<li data-start=\"1298\" data-end=\"1338\">\n<p data-start=\"1300\" data-end=\"1338\">U\u0161etr\u00ed\u0161 \u010das pri pl\u00e1novan\u00ed aj na ceste<\/p>\n<\/li>\n<\/ul>\n<p data-start=\"1340\" data-end=\"1484\">Tento bal\u00ed\u010dek je skvel\u00fd pre <strong data-start=\"1368\" data-end=\"1427\">individu\u00e1lnych cestovate\u013eov, digit\u00e1lnych nom\u00e1dov aj dobrodruhov<\/strong>, ktor\u00ed chc\u00fa ma\u0165 trasu pod kontrolou a cestova\u0165 rozumne.<\/p>\n","protected":false},"excerpt":{"rendered":"<p data-start=\"165\" data-end=\"417\">V\u00fdhodn\u00fd bal\u00ed\u010dek <strong>troch digit\u00e1lnych cestovate\u013esk\u00fdch m\u00e1p<\/strong> na objavovanie ostrovov Atlantiku bez zbyto\u010dn\u00e9ho h\u013eadania. Preh\u013eadn\u00e9 mapy: <strong><a href=\"https:\/\/misketravels.cz\/mapa-kanarske-ostrovy\/\" target=\"_blank\" rel=\"noopener\">Kan\u00e1rske ostrovy<\/a>, <a href=\"https:\/\/misketravels.cz\/madeira-mapa-70-mist-co-videt\/\" target=\"_blank\" rel=\"noopener\">Madeira <\/a>a <a href=\"https:\/\/misketravels.cz\/azory-mapa\/\" target=\"_blank\" rel=\"noopener\">Azory<\/a><\/strong> s vyzna\u010den\u00fdmi trasami, vyhliadkami, pl\u00e1\u017eami, mestami a \u010fal\u0161\u00edmi tipmi na zauj\u00edmav\u00e9 miesta. <\/p>\n","protected":false},"featured_media":7055,"template":"","meta":{"_uag_custom_page_level_css":""},"product_brand":[],"product_cat":[265,250],"product_tag":[276],"class_list":{"0":"post-7627","1":"product","2":"type-product","3":"status-publish","4":"has-post-thumbnail","6":"product_cat-mapy-miest","7":"product_cat-uncategorized-sk","8":"product_tag-mapy","10":"first","11":"instock","12":"sale","13":"downloadable","14":"virtual","15":"purchasable","16":"product-type-simple"},"uagb_featured_image_src":{"full":["https:\/\/misketravels.cz\/wp-content\/uploads\/2026\/02\/Madiera.jpg",940,788,false],"thumbnail":["https:\/\/misketravels.cz\/wp-content\/uploads\/2026\/02\/Madiera-150x150.jpg",150,150,true],"medium":["https:\/\/misketravels.cz\/wp-content\/uploads\/2026\/02\/Madiera-300x251.jpg",300,251,true],"medium_large":["https:\/\/misketravels.cz\/wp-content\/uploads\/2026\/02\/Madiera-768x644.jpg",768,644,true],"large":["https:\/\/misketravels.cz\/wp-content\/uploads\/2026\/02\/Madiera-700x587.jpg",700,587,true],"1536x1536":["https:\/\/misketravels.cz\/wp-content\/uploads\/2026\/02\/Madiera.jpg",940,788,false],"2048x2048":["https:\/\/misketravels.cz\/wp-content\/uploads\/2026\/02\/Madiera.jpg",940,788,false],"post-thumbnail":["https:\/\/misketravels.cz\/wp-content\/uploads\/2026\/02\/Madiera.jpg",940,788,false],"woocommerce_thumbnail":["https:\/\/misketravels.cz\/wp-content\/uploads\/2026\/02\/Madiera-250x250.jpg",250,250,true],"woocommerce_single":["https:\/\/misketravels.cz\/wp-content\/uploads\/2026\/02\/Madiera-400x335.jpg",400,335,true],"woocommerce_gallery_thumbnail":["https:\/\/misketravels.cz\/wp-content\/uploads\/2026\/02\/Madiera-100x100.jpg",100,100,true],"yarpp-thumbnail":["https:\/\/misketravels.cz\/wp-content\/uploads\/2026\/02\/Madiera-120x120.jpg",120,120,true]},"uagb_author_info":{"display_name":"Michaela Hrd\u00e1","author_link":"https:\/\/misketravels.cz\/sk\/author\/"},"uagb_comment_info":0,"uagb_excerpt":"V\u00fdhodn\u00fd bal\u00ed\u010dek troch digit\u00e1lnych cestovate\u013esk\u00fdch m\u00e1p na objavovanie ostrovov Atlantiku bez zbyto\u010dn\u00e9ho h\u013eadania. Preh\u013eadn\u00e9 mapy: Kan\u00e1rske ostrovy, Madeira a Azory s vyzna\u010den\u00fdmi trasami, vyhliadkami, pl\u00e1\u017eami, mestami a \u010fal\u0161\u00edmi tipmi na zauj\u00edmav\u00e9 miesta.","_links":{"self":[{"href":"https:\/\/misketravels.cz\/sk\/wp-json\/wp\/v2\/product\/7627","targetHints":{"allow":["GET"]}}],"collection":[{"href":"https:\/\/misketravels.cz\/sk\/wp-json\/wp\/v2\/product"}],"about":[{"href":"https:\/\/misketravels.cz\/sk\/wp-json\/wp\/v2\/types\/product"}],"wp:featuredmedia":[{"embeddable":true,"href":"https:\/\/misketravels.cz\/sk\/wp-json\/wp\/v2\/media\/7055"}],"wp:attachment":[{"href":"https:\/\/misketravels.cz\/sk\/wp-json\/wp\/v2\/media?parent=7627"}],"wp:term":[{"taxonomy":"product_brand","embeddable":true,"href":"https:\/\/misketravels.cz\/sk\/wp-json\/wp\/v2\/product_brand?post=7627"},{"taxonomy":"product_cat","embeddable":true,"href":"https:\/\/misketravels.cz\/sk\/wp-json\/wp\/v2\/product_cat?post=7627"},{"taxonomy":"product_tag","embeddable":true,"href":"https:\/\/misketravels.cz\/sk\/wp-json\/wp\/v2\/product_tag?post=7627"}],"curies":[{"name":"wp","href":"https:\/\/api.w.org\/{rel}","templated":true}]}}