{"id":7733,"date":"2023-11-08T20:20:28","date_gmt":"2023-11-08T19:20:28","guid":{"rendered":"https:\/\/misketravels.cz\/norsko-mapa-300-miest-co-vidiet\/"},"modified":"2023-11-08T20:20:28","modified_gmt":"2023-11-08T19:20:28","slug":"norsko-mapa-300-miest-co-vidiet","status":"publish","type":"product","link":"https:\/\/misketravels.cz\/sk\/norsko-mapa-300-miest-co-vidiet\/","title":{"rendered":"N\u00f3rsko: mapa 300+ miest, \u010do vidie\u0165"},"content":{"rendered":"<p><strong>Presk\u00famaj sedem kateg\u00f3ri\u00ed<\/strong>: Od dychber\u00facich vyhliadok, cez adrenal\u00ednov\u00e9 traily a turistiku, k vodop\u00e1dom, na pl\u00e1\u017ee s kri\u0161t\u00e1\u013eovo \u010distou vodou, a\u017e po lezenie a ferraty \u2013 na\u0161a mapa ti prin\u00e1\u0161a N\u00f3rsko na dlani.<\/p>\n<p><strong>Jednoduch\u00fd pr\u00edstup cez Google mapy<\/strong>: S na\u0161ou mapou vo vrecku m\u00e1\u0161 neust\u00e1ly pr\u00edstup k aktu\u00e1lnym inform\u00e1ci\u00e1m a miestam, ktor\u00e9 \u010dakaj\u00fa len na tvoju n\u00e1v\u0161tevu. Sta\u010d\u00ed otvori\u0165 Google Mapy v prehliada\u010di alebo aplik\u00e1cii a tvoja cesta za\u010d\u00edna. Po prip\u00edsan\u00ed platby ti pr\u00edde e-mail s pdf s odkazom a n\u00e1vodom ako na to.  <\/p>\n<p>Ak zaplat\u00ed\u0161 cez PayPal, e-mail s pdf dostane\u0161 okam\u017eite. Ak zvol\u00ed\u0161 bankov\u00fd prevod, sna\u017e\u00edme sa e-mail odosiela\u0165 do nieko\u013ek\u00fdch hod\u00edn, najnesk\u00f4r v\u0161ak do 48 h po prip\u00edsan\u00ed sumy. <\/p>\n<p><strong>Pre\u010do si vybra\u0165 na\u0161u mapu?<\/strong><\/p>\n<ul>\n<li><strong>U\u0161etr\u00ed\u0161 \u010das<\/strong>: Dlh\u00e9 hodiny pl\u00e1novania premen\u00edme na okamihy nad\u0161enia.<\/li>\n<li><strong>Objav skryt\u00e9 poklady<\/strong>: V\u010faka lok\u00e1lnym tipom a starostliv\u00e9mu v\u00fdberu sa dostane\u0161 na miesta, o ktor\u00fdch in\u00ed ani nepo\u010duli.<\/li>\n<li><strong>V\u017edy aktu\u00e1lna<\/strong>: Na\u0161a mapa \u017eije s tebou. Aktualiz\u00e1cie a nov\u00e9 objavy prid\u00e1vame priebe\u017ene. <\/li>\n<li><strong>Jazyky:<\/strong> Google mapy bude\u0161 ma\u0165 v\u017edy v jazyku, ktor\u00fd si s\u00e1m zvol\u00ed\u0161, ale moje pozn\u00e1mky v mojej mape s\u00fa v \u010de\u0161tine a angli\u010dtine<\/li>\n<\/ul>\n<p>Nechce\u0161 plati\u0165 za 300+ miest? Pre\u010d\u00edtaj si <a href=\"https:\/\/misketravels.cz\/norsko\/\">\u010dl\u00e1nok s 35 tipmi, \u010do vidie\u0165 a robi\u0165.<\/a> <\/p>\n<p>Priprav sa na nezabudnute\u013en\u00e9 z\u00e1\u017eitky a objavy. S na\u0161ou mapou za\u017eije\u0161 N\u00f3rsko, ako si si mo\u017eno ani nepredstavoval. Vyd\u00e1\u0161 sa na cestu?  <\/p>\n","protected":false},"excerpt":{"rendered":"<p>Mapa odha\u013euje cez <strong>300 unik\u00e1tnych skvostov N\u00f3rska<\/strong>, od zabudnut\u00fdch vyhliadok po tajn\u00e9 pl\u00e1\u017ee. Na\u0161a mapa je v\u00fdsledkom na\u0161ich osobn\u00fdch sk\u00fasenost\u00ed aj tipov od miestnych obyvate\u013eov, aby si mohol objavova\u0165 bez dlh\u00e9ho pl\u00e1novania. <\/p>\n","protected":false},"featured_media":2401,"template":"","meta":{"_uag_custom_page_level_css":""},"product_brand":[],"product_cat":[265,250],"product_tag":[296,297,295],"class_list":{"0":"post-7733","1":"product","2":"type-product","3":"status-publish","4":"has-post-thumbnail","6":"product_cat-mapy-miest","7":"product_cat-uncategorized-sk","8":"product_tag-norsko","9":"product_tag-norsko-dovolenka","10":"product_tag-norsko-mapa","12":"first","13":"instock","14":"downloadable","15":"virtual","16":"purchasable","17":"product-type-simple"},"uagb_featured_image_src":{"full":["https:\/\/misketravels.cz\/wp-content\/uploads\/2023\/11\/phone-lofoty.png",1080,1080,false],"thumbnail":["https:\/\/misketravels.cz\/wp-content\/uploads\/2023\/11\/phone-lofoty-150x150.png",150,150,true],"medium":["https:\/\/misketravels.cz\/wp-content\/uploads\/2023\/11\/phone-lofoty-300x300.png",300,300,true],"medium_large":["https:\/\/misketravels.cz\/wp-content\/uploads\/2023\/11\/phone-lofoty-768x768.png",768,768,true],"large":["https:\/\/misketravels.cz\/wp-content\/uploads\/2023\/11\/phone-lofoty-1024x1024.png",700,700,true],"1536x1536":["https:\/\/misketravels.cz\/wp-content\/uploads\/2023\/11\/phone-lofoty.png",1080,1080,false],"2048x2048":["https:\/\/misketravels.cz\/wp-content\/uploads\/2023\/11\/phone-lofoty.png",1080,1080,false],"post-thumbnail":["https:\/\/misketravels.cz\/wp-content\/uploads\/2023\/11\/phone-lofoty.png",1080,1080,false],"woocommerce_thumbnail":["https:\/\/misketravels.cz\/wp-content\/uploads\/2023\/11\/phone-lofoty-250x250.png",250,250,true],"woocommerce_single":["https:\/\/misketravels.cz\/wp-content\/uploads\/2023\/11\/phone-lofoty-400x400.png",400,400,true],"woocommerce_gallery_thumbnail":["https:\/\/misketravels.cz\/wp-content\/uploads\/2023\/11\/phone-lofoty-100x100.png",100,100,true],"yarpp-thumbnail":["https:\/\/misketravels.cz\/wp-content\/uploads\/2023\/11\/phone-lofoty.png",120,120,false]},"uagb_author_info":{"display_name":"Michaela Hrd\u00e1","author_link":"https:\/\/misketravels.cz\/sk\/author\/"},"uagb_comment_info":0,"uagb_excerpt":"Mapa odha\u013euje cez 300 unik\u00e1tnych skvostov N\u00f3rska, od zabudnut\u00fdch vyhliadok po tajn\u00e9 pl\u00e1\u017ee. Na\u0161a mapa je v\u00fdsledkom na\u0161ich osobn\u00fdch sk\u00fasenost\u00ed aj tipov od miestnych obyvate\u013eov, aby si mohol objavova\u0165 bez dlh\u00e9ho pl\u00e1novania.","_links":{"self":[{"href":"https:\/\/misketravels.cz\/sk\/wp-json\/wp\/v2\/product\/7733","targetHints":{"allow":["GET"]}}],"collection":[{"href":"https:\/\/misketravels.cz\/sk\/wp-json\/wp\/v2\/product"}],"about":[{"href":"https:\/\/misketravels.cz\/sk\/wp-json\/wp\/v2\/types\/product"}],"wp:featuredmedia":[{"embeddable":true,"href":"https:\/\/misketravels.cz\/sk\/wp-json\/wp\/v2\/media\/2401"}],"wp:attachment":[{"href":"https:\/\/misketravels.cz\/sk\/wp-json\/wp\/v2\/media?parent=7733"}],"wp:term":[{"taxonomy":"product_brand","embeddable":true,"href":"https:\/\/misketravels.cz\/sk\/wp-json\/wp\/v2\/product_brand?post=7733"},{"taxonomy":"product_cat","embeddable":true,"href":"https:\/\/misketravels.cz\/sk\/wp-json\/wp\/v2\/product_cat?post=7733"},{"taxonomy":"product_tag","embeddable":true,"href":"https:\/\/misketravels.cz\/sk\/wp-json\/wp\/v2\/product_tag?post=7733"}],"curies":[{"name":"wp","href":"https:\/\/api.w.org\/{rel}","templated":true}]}}