{"id":7757,"date":"2024-06-10T20:17:04","date_gmt":"2024-06-10T18:17:04","guid":{"rendered":"https:\/\/misketravels.cz\/madeira-mapa-130-miest-co-vidiet\/"},"modified":"2026-03-29T16:46:00","modified_gmt":"2026-03-29T14:46:00","slug":"madeira-mapa","status":"publish","type":"product","link":"https:\/\/misketravels.cz\/sk\/madeira-mapa\/","title":{"rendered":"Madeira: mapa 130+ miest, \u010do vidie\u0165"},"content":{"rendered":"<div class=\"flex-shrink-0 flex flex-col relative items-end\">\n<div>\n<div class=\"pt-0.5 juice:pt-0\">\n<div class=\"gizmo-shadow-stroke flex h-6 w-6 items-center justify-center overflow-hidden rounded-full juice:h-8 juice:w-8\">\n<div class=\"h-6 w-6 juice:h-full juice:w-full\"><\/div>\n<\/div>\n<\/div>\n<\/div>\n<\/div>\n<div class=\"group\/conversation-turn relative flex w-full min-w-0 flex-col agent-turn\">\n<div class=\"font-semibold select-none\">T\u00e1to mapa Madeiry zah\u0155\u0148a <strong>v\u0161etky v\u00fdznamn\u00e9 aj neobjaven\u00e9 turistick\u00e9 atrakcie<\/strong>, ktor\u00e9 tento ostrov pon\u00faka, vr\u00e1tane <strong>vyhliadok, pl\u00e1\u017e\u00ed a pr\u00edrodn\u00fdch baz\u00e9nov, turistick\u00fdch chodn\u00edkov, vodop\u00e1dov, kempov, v\u00fdberu re\u0161taur\u00e1ci\u00ed a ubytovania.<\/strong> Mapa obsahuje aj podrobn\u00fa trasu <strong>prechodu celej Madeiry.<\/strong> Perfektn\u00e9 na pl\u00e1novanie tvojej dovolenky.<\/div>\n<div><\/div>\n<\/div>\n<div>\n<div class=\"flex-col gap-1 md:gap-3\">\n<div class=\"flex flex-grow flex-col max-w-full\">\n<div class=\"min-h-[20px] text-message flex flex-col items-start whitespace-pre-wrap break-words [.text-message+&amp;]:mt-5 juice:w-full juice:items-end overflow-x-auto gap-3\" dir=\"auto\" data-message-author-role=\"assistant\" data-message-id=\"0b14b7a8-e6cf-4a45-b5b3-026928f48682\">\n<div class=\"markdown prose w-full break-words dark:prose-invert light\">\n<p><strong>Pohodln\u00fd pr\u00edstup<\/strong><\/p>\n<p>V\u0161etko, \u010do potrebuje\u0161 na zobrazenie tejto mapy, s\u00fa Google mapy v tvojom prehliada\u010di alebo ich aplik\u00e1cii. Kedyko\u013evek otvor\u00ed\u0161 mapu, uvid\u00ed\u0161 jej najaktu\u00e1lnej\u0161iu verziu, pln\u00fa tipov a osobne overen\u00fdch odpor\u00fa\u010dan\u00ed. Po prip\u00edsan\u00ed platby ti pr\u00edde e-mail s PDF s odkazom a n\u00e1vodom, ako na to.<\/p>\n<p>Ak zaplat\u00ed\u0161 cez PayPal, e-mail s PDF dostane\u0161 okam\u017eite. Ak zvol\u00ed\u0161 bankov\u00fd prevod, sna\u017e\u00edme sa e-mail odosiela\u0165 do nieko\u013ek\u00fdch hod\u00edn, najnesk\u00f4r v\u0161ak do 3 dn\u00ed po prip\u00edsan\u00ed sumy.<\/p>\n<p>Vyu\u017ei\u0165 m\u00f4\u017ee\u0161 aj <a href=\"https:\/\/misketravels.cz\/sk\/vyhodny-balicek-map-ostrovy-atlantiku\/\" target=\"_blank\" rel=\"noopener\">v\u00fdhodn\u00fd bal\u00ed\u010dek m\u00e1p Ostrovov Atlantiku<\/a><\/p>\n<p><strong>\u010co z\u00edska\u0161<\/strong><\/p>\n<ul>\n<li><strong>U\u0161etren\u00fd \u010das:<\/strong> Zabudni na dlh\u00e9 hodiny pl\u00e1novania. S mojou mapou objav\u00ed\u0161 to najlep\u0161ie z Madeiry efekt\u00edvne a s rados\u0165ou.<\/li>\n<li><strong>Skryt\u00e9 poklady:<\/strong> V\u010faka mojim tipom a odpor\u00fa\u010daniam sa dostane\u0161 na miesta, ktor\u00e9 zost\u00e1vaj\u00fa mimo be\u017en\u00fdch turistick\u00fdch tr\u00e1s.<\/li>\n<li><strong>Neust\u00e1le aktualizovan\u00e9 inform\u00e1cie:<\/strong> Moja mapa je \u017eiv\u00fd organizmus. Nov\u00e9 objavy a aktualiz\u00e1cie prid\u00e1vam priebe\u017ene, aby si mal v\u017edy k dispoz\u00edcii tie naj\u010derstvej\u0161ie inform\u00e1cie.<\/li>\n<li><strong>Jazyky:<\/strong> Google mapy bude\u0161 ma\u0165 v\u017edy v jazyku, ktor\u00fd si s\u00e1m zvol\u00ed\u0161, ale moje pozn\u00e1mky v mojej mape s\u00fa v \u010de\u0161tine a angli\u010dtine<\/li>\n<\/ul>\n<p><a href=\"https:\/\/misketravels.cz\/prechod-madeiry-ostrova-vecneho-jara\/\">\u010cl\u00e1nok <\/a>o mojom prechode Madeiry n\u00e1jde\u0161 <a href=\"https:\/\/misketravels.cz\/prechod-madeiry-ostrova-vecneho-jara\/\">tu<\/a>.<\/p>\n<p><strong>Urob prv\u00fd krok k nezabudnute\u013enej dovolenke s mojou mapou Madeiry!<\/strong><\/p>\n<\/div>\n<\/div>\n<\/div>\n<\/div>\n<\/div>\n","protected":false},"excerpt":{"rendered":"<p>Objav kr\u00e1sy Madeiry s mojou podrobnou mapou, ktor\u00e1 obsahuje 130<strong>+ turistick\u00fdch aj tajn\u00fdch miest<\/strong> na tomto n\u00e1dhernom ostrove. Presk\u00famaj osem kateg\u00f3ri\u00ed mapy. Vyu\u017ei\u0165 m\u00f4\u017ee\u0161 aj <a href=\"https:\/\/misketravels.cz\/sk\/vyhodny-balicek-map-ostrovy-atlantiku\/\" target=\"_blank\" rel=\"noopener\">v\u00fdhodn\u00fd bal\u00ed\u010dek m\u00e1p Ostrovov Atlantiku<\/a><\/p>\n","protected":false},"featured_media":7630,"template":"","meta":{"_uag_custom_page_level_css":""},"product_brand":[],"product_cat":[265,250],"product_tag":[309,276],"class_list":{"0":"post-7757","1":"product","2":"type-product","3":"status-publish","4":"has-post-thumbnail","6":"product_cat-mapy-miest","7":"product_cat-uncategorized-sk","8":"product_tag-madeira","9":"product_tag-mapy","11":"first","12":"instock","13":"downloadable","14":"virtual","15":"purchasable","16":"product-type-simple"},"uagb_featured_image_src":{"full":["https:\/\/misketravels.cz\/wp-content\/uploads\/2024\/06\/Madeira.jpg",940,788,false],"thumbnail":["https:\/\/misketravels.cz\/wp-content\/uploads\/2024\/06\/Madeira-150x150.jpg",150,150,true],"medium":["https:\/\/misketravels.cz\/wp-content\/uploads\/2024\/06\/Madeira-300x251.jpg",300,251,true],"medium_large":["https:\/\/misketravels.cz\/wp-content\/uploads\/2024\/06\/Madeira-768x644.jpg",768,644,true],"large":["https:\/\/misketravels.cz\/wp-content\/uploads\/2024\/06\/Madeira-700x587.jpg",700,587,true],"1536x1536":["https:\/\/misketravels.cz\/wp-content\/uploads\/2024\/06\/Madeira.jpg",940,788,false],"2048x2048":["https:\/\/misketravels.cz\/wp-content\/uploads\/2024\/06\/Madeira.jpg",940,788,false],"post-thumbnail":["https:\/\/misketravels.cz\/wp-content\/uploads\/2024\/06\/Madeira.jpg",940,788,false],"woocommerce_thumbnail":["https:\/\/misketravels.cz\/wp-content\/uploads\/2024\/06\/Madeira-250x250.jpg",250,250,true],"woocommerce_single":["https:\/\/misketravels.cz\/wp-content\/uploads\/2024\/06\/Madeira-400x335.jpg",400,335,true],"woocommerce_gallery_thumbnail":["https:\/\/misketravels.cz\/wp-content\/uploads\/2024\/06\/Madeira-100x100.jpg",100,100,true],"yarpp-thumbnail":["https:\/\/misketravels.cz\/wp-content\/uploads\/2024\/06\/Madeira-120x120.jpg",120,120,true]},"uagb_author_info":{"display_name":"Michaela Hrd\u00e1","author_link":"https:\/\/misketravels.cz\/sk\/author\/"},"uagb_comment_info":0,"uagb_excerpt":"Objav kr\u00e1sy Madeiry s mojou podrobnou mapou, ktor\u00e1 obsahuje 130+ turistick\u00fdch aj tajn\u00fdch miest na tomto n\u00e1dhernom ostrove. Presk\u00famaj osem kateg\u00f3ri\u00ed mapy. Vyu\u017ei\u0165 m\u00f4\u017ee\u0161 aj v\u00fdhodn\u00fd bal\u00ed\u010dek m\u00e1p Ostrovov Atlantiku","_links":{"self":[{"href":"https:\/\/misketravels.cz\/sk\/wp-json\/wp\/v2\/product\/7757","targetHints":{"allow":["GET"]}}],"collection":[{"href":"https:\/\/misketravels.cz\/sk\/wp-json\/wp\/v2\/product"}],"about":[{"href":"https:\/\/misketravels.cz\/sk\/wp-json\/wp\/v2\/types\/product"}],"wp:featuredmedia":[{"embeddable":true,"href":"https:\/\/misketravels.cz\/sk\/wp-json\/wp\/v2\/media\/7630"}],"wp:attachment":[{"href":"https:\/\/misketravels.cz\/sk\/wp-json\/wp\/v2\/media?parent=7757"}],"wp:term":[{"taxonomy":"product_brand","embeddable":true,"href":"https:\/\/misketravels.cz\/sk\/wp-json\/wp\/v2\/product_brand?post=7757"},{"taxonomy":"product_cat","embeddable":true,"href":"https:\/\/misketravels.cz\/sk\/wp-json\/wp\/v2\/product_cat?post=7757"},{"taxonomy":"product_tag","embeddable":true,"href":"https:\/\/misketravels.cz\/sk\/wp-json\/wp\/v2\/product_tag?post=7757"}],"curies":[{"name":"wp","href":"https:\/\/api.w.org\/{rel}","templated":true}]}}