{"id":7769,"date":"2024-06-07T10:52:45","date_gmt":"2024-06-07T08:52:45","guid":{"rendered":"https:\/\/misketravels.cz\/azorske-ostrovy-mapa-110-miest-co-vidiet\/"},"modified":"2024-06-07T10:52:45","modified_gmt":"2024-06-07T08:52:45","slug":"azorske-ostrovy-mapa-110-miest-co-vidiet","status":"publish","type":"product","link":"https:\/\/misketravels.cz\/sk\/azorske-ostrovy-mapa-110-miest-co-vidiet\/","title":{"rendered":"Azorsk\u00e9 ostrovy: mapa 110+ miest, \u010do vidie\u0165"},"content":{"rendered":"<div class=\"flex-1 overflow-hidden\">\n<div class=\"react-scroll-to-bottom--css-nhgvl-79elbk h-full\">\n<div class=\"react-scroll-to-bottom--css-nhgvl-1n7m0yu\">\n<div class=\"flex flex-col text-sm pb-9\">\n<div class=\"w-full text-token-text-primary\" dir=\"auto\" data-testid=\"conversation-turn-7\" data-scroll-anchor=\"true\">\n<div class=\"py-2 juice:py-[18px] px-3 text-base md:px-4 m-auto md:px-5 lg:px-1 xl:px-5\">\n<div class=\"mx-auto flex flex-1 gap-3 text-base juice:gap-4 juice:md:gap-5 juice:lg:gap-6 md:max-w-3xl lg:max-w-[40rem] xl:max-w-[48rem]\">\n<div class=\"flex-shrink-0 flex flex-col relative items-end\">\n<div class=\"pt-0.5 juice:pt-0\">\n<div class=\"gizmo-shadow-stroke flex h-6 w-6 items-center justify-center overflow-hidden rounded-full juice:h-8 juice:w-8\">\n<div>\n<h3><strong>Presk\u00famaj desa\u0165 kateg\u00f3ri\u00ed mapy<\/strong><\/h3>\n<p>T\u00e1to mapa Azorsk\u00fdch ostrovov zah\u0155\u0148a v\u0161etky v\u00fdznamn\u00e9 aj neobjaven\u00e9 <strong>turistick\u00e9 atrakcie,<\/strong> ktor\u00e9 tieto ostrovy pon\u00fakaj\u00fa, vr\u00e1tane <strong>vyhliadok, pl\u00e1\u017e\u00ed, turistick\u00fdch chodn\u00edkov, urbex miest, vodop\u00e1dov, hor\u00facich prame\u0148ov, re\u0161taur\u00e1ci\u00ed a ubytovania vr\u00e1tane kempov.<\/strong> Perfektn\u00e9 na pl\u00e1novanie tvojej dovolenky.<\/p>\n<p>Vyu\u017ei\u0165 m\u00f4\u017ee\u0161 aj <a href=\"https:\/\/misketravels.cz\/mapy-ostrovy-atlantiku\/\" target=\"_blank\" rel=\"noopener\">v\u00fdhodn\u00fd bal\u00ed\u010dek m\u00e1p Ostrovov Atlantiku<\/a><\/p>\n<\/div>\n<div><\/div>\n<div>\n<h3><strong>Pohodln\u00fd pr\u00edstup<\/strong><\/h3>\n<p>V\u0161etko, \u010do potrebuje\u0161 na zobrazenie tejto mapy, s\u00fa Google mapy v tvojom prehliada\u010di alebo aplik\u00e1cii. Kedyko\u013evek otvor\u00ed\u0161 mapu, uvid\u00ed\u0161 jej najaktu\u00e1lnej\u0161iu verziu, pln\u00fa tipov a osobne overen\u00fdch odpor\u00fa\u010dan\u00ed. Po prip\u00edsan\u00ed platby ti pr\u00edde e-mail s mo\u017enos\u0165ou stiahnutia PDF, kde n\u00e1jde\u0161 odkaz a n\u00e1vod, ako na to.  <\/p>\n<p>Ak zaplat\u00ed\u0161 cez PayPal, e-mail s PDF dostane\u0161 okam\u017eite. Ak zvol\u00ed\u0161 bankov\u00fd prevod, sna\u017e\u00edme sa e-mail odosiela\u0165 do nieko\u013ek\u00fdch hod\u00edn, najnesk\u00f4r v\u0161ak do 48 h po prip\u00edsan\u00ed sumy. <\/p>\n<h3><strong>\u010co z\u00edska\u0161<\/strong><\/h3>\n<ul>\n<li><strong>U\u0161etren\u00fd \u010das<\/strong>: Zabudni na dlh\u00e9 hodiny pl\u00e1novania. S mojou mapou objav\u00ed\u0161 to najlep\u0161ie z Gruz\u00ednska efekt\u00edvne a s rados\u0165ou. <\/li>\n<li><strong>Skryt\u00e9 poklady<\/strong>: V\u010faka mojim tipom a odpor\u00fa\u010daniam sa dostane\u0161 na miesta, ktor\u00e9 zost\u00e1vaj\u00fa mimo be\u017en\u00fdch turistick\u00fdch tr\u00e1s.<\/li>\n<li><strong>Neust\u00e1le aktualizovan\u00e9 inform\u00e1cie<\/strong>: Moja mapa je \u017eiv\u00fd organizmus. Nov\u00e9 objavy a aktualiz\u00e1cie prid\u00e1vam priebe\u017ene, aby si mal v\u017edy k dispoz\u00edcii tie naj\u010derstvej\u0161ie inform\u00e1cie. <\/li>\n<\/ul>\n<\/div>\n<div>Nepotrebuje\u0161 plati\u0165 za 110+ miest? Pre\u010d\u00edtaj si <a href=\"https:\/\/misketravels.cz\/azory\/\">\u010dl\u00e1nok s tipmi na 15 miest. <\/a>  <\/div>\n<div><\/div>\n<\/div>\n<\/div>\n<\/div>\n<div class=\"group\/conversation-turn relative flex w-full min-w-0 flex-col agent-turn\">\n<div class=\"flex-col gap-1 md:gap-3\">\n<div class=\"flex flex-grow flex-col max-w-full\">\n<div class=\"min-h-[20px] text-message flex flex-col items-start whitespace-pre-wrap break-words [.text-message+&amp;]:mt-5 juice:w-full juice:items-end overflow-x-auto gap-3\" dir=\"auto\" data-message-author-role=\"assistant\" data-message-id=\"ba1c6874-c089-4af3-9b22-921f906c7ad8\">\n<div class=\"markdown prose w-full break-words dark:prose-invert light\">\n<p><strong>Urob prv\u00fd krok k nezabudnute\u013enej dovolenke s mojou mapou Azorov!<\/strong><\/p>\n<\/div>\n<\/div>\n<\/div>\n<\/div>\n<\/div>\n<\/div>\n<\/div>\n<\/div>\n<\/div>\n<\/div>\n<\/div>\n<\/div>\n","protected":false},"excerpt":{"rendered":"<p>Objav kr\u00e1sy Azorsk\u00fdch ostrovov <strong>S\u00e3o Miguel, Corvo, Flores a Pico<\/strong> s mojou podrobnou mapou, ktor\u00e1 obsahuje 110+ turistick\u00fdch, ale aj tajn\u00fdch miest na Azoroch. Vyu\u017ei\u0165 m\u00f4\u017ee\u0161 aj <a href=\"https:\/\/misketravels.cz\/mapy-ostrovy-atlantiku\/\" target=\"_blank\" rel=\"noopener\">v\u00fdhodn\u00fd bal\u00ed\u010dek m\u00e1p Ostrovov Atlantiku<\/a><\/p>\n","protected":false},"featured_media":3044,"template":"","meta":{"_uag_custom_page_level_css":""},"product_brand":[],"product_cat":[265,250],"product_tag":[318,317,276],"class_list":{"0":"post-7769","1":"product","2":"type-product","3":"status-publish","4":"has-post-thumbnail","6":"product_cat-mapy-miest","7":"product_cat-uncategorized-sk","8":"product_tag-azorske-ostrovy","9":"product_tag-azory","10":"product_tag-mapy","12":"first","13":"instock","14":"downloadable","15":"virtual","16":"purchasable","17":"product-type-simple"},"uagb_featured_image_src":{"full":["https:\/\/misketravels.cz\/wp-content\/uploads\/2024\/06\/Azory.jpg",940,788,false],"thumbnail":["https:\/\/misketravels.cz\/wp-content\/uploads\/2024\/06\/Azory-150x150.jpg",150,150,true],"medium":["https:\/\/misketravels.cz\/wp-content\/uploads\/2024\/06\/Azory-300x251.jpg",300,251,true],"medium_large":["https:\/\/misketravels.cz\/wp-content\/uploads\/2024\/06\/Azory-768x644.jpg",768,644,true],"large":["https:\/\/misketravels.cz\/wp-content\/uploads\/2024\/06\/Azory-700x587.jpg",700,587,true],"1536x1536":["https:\/\/misketravels.cz\/wp-content\/uploads\/2024\/06\/Azory.jpg",940,788,false],"2048x2048":["https:\/\/misketravels.cz\/wp-content\/uploads\/2024\/06\/Azory.jpg",940,788,false],"post-thumbnail":["https:\/\/misketravels.cz\/wp-content\/uploads\/2024\/06\/Azory.jpg",940,788,false],"woocommerce_thumbnail":["https:\/\/misketravels.cz\/wp-content\/uploads\/2024\/06\/Azory-250x250.jpg",250,250,true],"woocommerce_single":["https:\/\/misketravels.cz\/wp-content\/uploads\/2024\/06\/Azory-400x335.jpg",400,335,true],"woocommerce_gallery_thumbnail":["https:\/\/misketravels.cz\/wp-content\/uploads\/2024\/06\/Azory-100x100.jpg",100,100,true],"yarpp-thumbnail":["https:\/\/misketravels.cz\/wp-content\/uploads\/2024\/06\/Azory-120x120.jpg",120,120,true]},"uagb_author_info":{"display_name":"Michaela Hrd\u00e1","author_link":"https:\/\/misketravels.cz\/sk\/author\/"},"uagb_comment_info":0,"uagb_excerpt":"Objav kr\u00e1sy Azorsk\u00fdch ostrovov S\u00e3o Miguel, Corvo, Flores a Pico s mojou podrobnou mapou, ktor\u00e1 obsahuje 110+ turistick\u00fdch, ale aj tajn\u00fdch miest na Azoroch. Vyu\u017ei\u0165 m\u00f4\u017ee\u0161 aj v\u00fdhodn\u00fd bal\u00ed\u010dek m\u00e1p Ostrovov Atlantiku","_links":{"self":[{"href":"https:\/\/misketravels.cz\/sk\/wp-json\/wp\/v2\/product\/7769","targetHints":{"allow":["GET"]}}],"collection":[{"href":"https:\/\/misketravels.cz\/sk\/wp-json\/wp\/v2\/product"}],"about":[{"href":"https:\/\/misketravels.cz\/sk\/wp-json\/wp\/v2\/types\/product"}],"wp:featuredmedia":[{"embeddable":true,"href":"https:\/\/misketravels.cz\/sk\/wp-json\/wp\/v2\/media\/3044"}],"wp:attachment":[{"href":"https:\/\/misketravels.cz\/sk\/wp-json\/wp\/v2\/media?parent=7769"}],"wp:term":[{"taxonomy":"product_brand","embeddable":true,"href":"https:\/\/misketravels.cz\/sk\/wp-json\/wp\/v2\/product_brand?post=7769"},{"taxonomy":"product_cat","embeddable":true,"href":"https:\/\/misketravels.cz\/sk\/wp-json\/wp\/v2\/product_cat?post=7769"},{"taxonomy":"product_tag","embeddable":true,"href":"https:\/\/misketravels.cz\/sk\/wp-json\/wp\/v2\/product_tag?post=7769"}],"curies":[{"name":"wp","href":"https:\/\/api.w.org\/{rel}","templated":true}]}}