{"id":7847,"date":"2026-02-10T10:27:30","date_gmt":"2026-02-10T09:27:30","guid":{"rendered":"https:\/\/misketravels.cz\/rakusko-slovinsko-vyhodny-balicek-map\/"},"modified":"2026-02-10T10:27:30","modified_gmt":"2026-02-10T09:27:30","slug":"rakusko-slovinsko-vyhodny-balicek-map","status":"publish","type":"product","link":"https:\/\/misketravels.cz\/sk\/rakusko-slovinsko-vyhodny-balicek-map\/","title":{"rendered":"Rak\u00fasko + Slovinsko: v\u00fdhodn\u00fd bal\u00ed\u010dek m\u00e1p"},"content":{"rendered":"<p data-start=\"280\" data-end=\"542\">Tento v\u00fdhodn\u00fd bal\u00ed\u010dek cestovate\u013esk\u00fdch m\u00e1p sp\u00e1ja <strong data-start=\"330\" data-end=\"354\"><a href=\"https:\/\/misketravels.cz\/rakousko-mapa-dovolena\/\" target=\"_blank\" rel=\"noopener\">Rak\u00fasko<\/a> a <a href=\"https:\/\/misketravels.cz\/slovinsko-mapa\/\" target=\"_blank\" rel=\"noopener\">Slovinsko<\/a><\/strong> \u2013 dve ide\u00e1lne destin\u00e1cie na roadtripy, horsk\u00e9 t\u00fary aj akt\u00edvnu dovolenku v pr\u00edrode. V\u010faka preh\u013eadn\u00fdm map\u00e1m bude\u0161 ma\u0165 v\u0161etky d\u00f4le\u017eit\u00e9 body na jednom mieste a cestova\u0165 bez zbyto\u010dn\u00e9ho chaosu. <\/p>\n<p data-start=\"544\" data-end=\"788\">V map\u00e1ch n\u00e1jde\u0161 starostlivo vybran\u00e9 <strong data-start=\"577\" data-end=\"691\">pr\u00edrodn\u00e9 zauj\u00edmavosti, vyhliadky, jazer\u00e1, hory, mest\u00e1, turistick\u00e9 trasy aj tipy na miesta, ktor\u00e9 stoja za zast\u00e1vku<\/strong>. Bal\u00ed\u010dek je vhodn\u00fd ako na detailn\u00e9 pl\u00e1novanie doma, tak na pou\u017e\u00edvanie priamo na cest\u00e1ch v mobile. <\/p>\n<p data-start=\"790\" data-end=\"838\">\ud83d\udca1 <strong data-start=\"793\" data-end=\"838\">Pre\u010do k\u00fapi\u0165 bal\u00ed\u010dek Rak\u00fasko &amp; Slovinsko:<\/strong><\/p>\n<ul data-start=\"839\" data-end=\"1045\">\n<li data-start=\"839\" data-end=\"885\">\n<p data-start=\"841\" data-end=\"885\">Cenovo v\u00fdhodnej\u0161ie ne\u017e n\u00e1kup m\u00e1p samostatne<\/p>\n<\/li>\n<li data-start=\"886\" data-end=\"937\">\n<p data-start=\"888\" data-end=\"937\">Ide\u00e1lna kombin\u00e1cia na jeden alebo viac roadtripov<\/p>\n<\/li>\n<li data-start=\"938\" data-end=\"985\">\n<p data-start=\"940\" data-end=\"985\">Preh\u013eadn\u00e9 pl\u00e1novanie tr\u00e1s, v\u00fdletov aj zast\u00e1vok<\/p>\n<\/li>\n<li data-start=\"986\" data-end=\"1045\">\n<p data-start=\"988\" data-end=\"1045\">Skvel\u00e9 pre milovn\u00edkov h\u00f4r, pr\u00edrody a akt\u00edvneho cestovania<\/p>\n<\/li>\n<\/ul>\n<p data-start=\"1047\" data-end=\"1176\">Bal\u00ed\u010dek ocenia individu\u00e1lni cestovatelia, dobrodruhovia aj t\u00ed, ktor\u00ed chc\u00fa z dovolenky vy\u0165a\u017ei\u0165 maximum bez zd\u013ahav\u00e9ho h\u013eadania inform\u00e1ci\u00ed.<\/p>\n<p><strong>Pohodln\u00fd pr\u00edstup<\/strong><\/p>\n<p>V\u0161etko, \u010do potrebuje\u0161 na zobrazenie tejto mapy, s\u00fa <strong>Google mapy<\/strong> v tvojom prehliada\u010di alebo ich aplik\u00e1cii. Kedyko\u013evek otvor\u00ed\u0161 mapu, uvid\u00ed\u0161 jej <strong>najaktu\u00e1lnej\u0161iu verziu,<\/strong> pln\u00fa tipov a osobne overen\u00fdch odpor\u00fa\u010dan\u00ed. Po prip\u00edsan\u00ed platby ti pr\u00edde e-mail s <strong>pdf s odkazom a n\u00e1vodom ako na to. <\/strong>   <\/p>\n<p>Ak zaplat\u00ed\u0161 <strong>cez PayPal<\/strong>, e-mail s pdf dostane\u0161 <strong>okam\u017eite<\/strong>. Ak zvol\u00ed\u0161 bankov\u00fd prevod, sna\u017e\u00edme sa e-mail odosiela\u0165 do nieko\u013ek\u00fdch hod\u00edn, najnesk\u00f4r v\u0161ak do dvoch pracovn\u00fdch dn\u00ed po prip\u00edsan\u00ed sumy. <\/p>\n<p><strong>POZOR! S\u00fabor si m\u00f4\u017ee\u0161 stiahnu\u0165 iba raz.  Ak ti syst\u00e9m hl\u00e1si, \u017ee si vy\u010derpal po\u010det stiahnut\u00ed, s\u0165ahovanie u\u017e prebehlo, skontroluj teda v\u0161etky prie\u010dinky s n\u00e1zvom stiahnut\u00e9 alebo downloads vo svojom zariaden\u00ed! <\/strong><\/p>\n","protected":false},"excerpt":{"rendered":"<p>V\u00fdhodn\u00fd bal\u00ed\u010dek digit\u00e1lnych m\u00e1p <strong><a href=\"https:\/\/misketravels.cz\/rakousko-mapa-dovolena\/\" target=\"_blank\" rel=\"noopener\">Rak\u00faska<\/a> a <a href=\"https:\/\/misketravels.cz\/slovinsko-mapa\/\" target=\"_blank\" rel=\"noopener\">Slovinska<\/a><\/strong> s <strong>turistick\u00fdmi trasami, pr\u00edrodn\u00fdmi zauj\u00edmavos\u0165ami, mestami a tipmi na v\u00fdlety<\/strong>. Ide\u00e1lny na pl\u00e1novanie roadtripov aj orient\u00e1ciu priamo na cest\u00e1ch. U\u0161etr\u00ed\u0161 \u010das aj peniaze oproti n\u00e1kupu m\u00e1p jednotlivo.  <\/p>\n","protected":false},"featured_media":6554,"template":"","meta":{"_uag_custom_page_level_css":""},"product_brand":[],"product_cat":[265,347,250],"product_tag":[276,349,348],"class_list":{"0":"post-7847","1":"product","2":"type-product","3":"status-publish","4":"has-post-thumbnail","6":"product_cat-mapy-miest","7":"product_cat-nezarazene","8":"product_cat-uncategorized-sk","9":"product_tag-mapy","10":"product_tag-rakusko","11":"product_tag-slovinsko","13":"first","14":"instock","15":"sale","16":"downloadable","17":"virtual","18":"purchasable","19":"product-type-simple"},"uagb_featured_image_src":{"full":["https:\/\/misketravels.cz\/wp-content\/uploads\/2025\/08\/Rakousko.jpg",940,788,false],"thumbnail":["https:\/\/misketravels.cz\/wp-content\/uploads\/2025\/08\/Rakousko-150x150.jpg",150,150,true],"medium":["https:\/\/misketravels.cz\/wp-content\/uploads\/2025\/08\/Rakousko-300x251.jpg",300,251,true],"medium_large":["https:\/\/misketravels.cz\/wp-content\/uploads\/2025\/08\/Rakousko-768x644.jpg",768,644,true],"large":["https:\/\/misketravels.cz\/wp-content\/uploads\/2025\/08\/Rakousko-700x587.jpg",700,587,true],"1536x1536":["https:\/\/misketravels.cz\/wp-content\/uploads\/2025\/08\/Rakousko.jpg",940,788,false],"2048x2048":["https:\/\/misketravels.cz\/wp-content\/uploads\/2025\/08\/Rakousko.jpg",940,788,false],"post-thumbnail":["https:\/\/misketravels.cz\/wp-content\/uploads\/2025\/08\/Rakousko.jpg",940,788,false],"woocommerce_thumbnail":["https:\/\/misketravels.cz\/wp-content\/uploads\/2025\/08\/Rakousko-250x250.jpg",250,250,true],"woocommerce_single":["https:\/\/misketravels.cz\/wp-content\/uploads\/2025\/08\/Rakousko-400x335.jpg",400,335,true],"woocommerce_gallery_thumbnail":["https:\/\/misketravels.cz\/wp-content\/uploads\/2025\/08\/Rakousko-100x100.jpg",100,100,true],"yarpp-thumbnail":["https:\/\/misketravels.cz\/wp-content\/uploads\/2025\/08\/Rakousko-120x120.jpg",120,120,true]},"uagb_author_info":{"display_name":"Michaela Hrd\u00e1","author_link":"https:\/\/misketravels.cz\/sk\/author\/"},"uagb_comment_info":0,"uagb_excerpt":"V\u00fdhodn\u00fd bal\u00ed\u010dek digit\u00e1lnych m\u00e1p Rak\u00faska a Slovinska s turistick\u00fdmi trasami, pr\u00edrodn\u00fdmi zauj\u00edmavos\u0165ami, mestami a tipmi na v\u00fdlety. Ide\u00e1lny na pl\u00e1novanie roadtripov aj orient\u00e1ciu priamo na cest\u00e1ch. U\u0161etr\u00ed\u0161 \u010das aj peniaze oproti n\u00e1kupu m\u00e1p jednotlivo.","_links":{"self":[{"href":"https:\/\/misketravels.cz\/sk\/wp-json\/wp\/v2\/product\/7847","targetHints":{"allow":["GET"]}}],"collection":[{"href":"https:\/\/misketravels.cz\/sk\/wp-json\/wp\/v2\/product"}],"about":[{"href":"https:\/\/misketravels.cz\/sk\/wp-json\/wp\/v2\/types\/product"}],"wp:featuredmedia":[{"embeddable":true,"href":"https:\/\/misketravels.cz\/sk\/wp-json\/wp\/v2\/media\/6554"}],"wp:attachment":[{"href":"https:\/\/misketravels.cz\/sk\/wp-json\/wp\/v2\/media?parent=7847"}],"wp:term":[{"taxonomy":"product_brand","embeddable":true,"href":"https:\/\/misketravels.cz\/sk\/wp-json\/wp\/v2\/product_brand?post=7847"},{"taxonomy":"product_cat","embeddable":true,"href":"https:\/\/misketravels.cz\/sk\/wp-json\/wp\/v2\/product_cat?post=7847"},{"taxonomy":"product_tag","embeddable":true,"href":"https:\/\/misketravels.cz\/sk\/wp-json\/wp\/v2\/product_tag?post=7847"}],"curies":[{"name":"wp","href":"https:\/\/api.w.org\/{rel}","templated":true}]}}