{"id":7885,"date":"2025-08-06T18:06:08","date_gmt":"2025-08-06T16:06:08","guid":{"rendered":"https:\/\/misketravels.cz\/rakusko-mapa-360-miest-pre-tvoju-dovolenku-od-misketravels\/"},"modified":"2025-08-06T18:06:08","modified_gmt":"2025-08-06T16:06:08","slug":"rakusko-mapa-360-miest-pre-tvoju-dovolenku-od-misketravels","status":"publish","type":"product","link":"https:\/\/misketravels.cz\/sk\/rakusko-mapa-360-miest-pre-tvoju-dovolenku-od-misketravels\/","title":{"rendered":"Rak\u00fasko: mapa 360+ miest pre tvoju dovolenku od Mi\u0161ketravels"},"content":{"rendered":"<p>Objav Rak\u00fasko s mojou digit\u00e1lnou mapou, ktor\u00e1 ti uk\u00e1\u017ee nielen zn\u00e1me turistick\u00e9 ciele, ale aj <strong>miesta mimo hlavn\u00fdch turistick\u00fdch tr\u00e1s.<\/strong><!--more--><\/p>\n<p>V mojej mape Rak\u00faska n\u00e1jde\u0161 tipy na <strong>denn\u00fa turistiku a nieko\u013ekod\u0148ov\u00e9 prechody h\u00f4r, ferraty,<\/strong> <strong data-start=\"372\" data-end=\"461\">ubytovanie vr\u00e1tane bivakov, vyhliadky, turistick\u00e9 atrakcie, outdoorov\u00e9 miesta na k\u00fapanie, hrady a z\u00e1mky, ties\u0148avy a vodop\u00e1dy, miesta na parkovanie s mo\u017enos\u0165ou prespania a \u010fal\u0161ie zauj\u00edmavosti<\/strong>, ktor\u00e9 ti u\u013eah\u010dia pl\u00e1novanie tvojej cesty.<\/p>\n<p>Mapa je <strong>pravidelne aktualizovan\u00e1<\/strong> a dostupn\u00e1 priamo v tvojom telef\u00f3ne \u2013 ide\u00e1lna pre ka\u017ed\u00e9ho cestovate\u013ea, ktor\u00fd chce objavova\u0165 Rak\u00fasko autenticky a bez zbyto\u010dn\u00e9ho googlenia.<\/p>\n<p><strong>\u010co z\u00edska\u0161<\/strong><\/p>\n<ul>\n<li><strong>U\u0161etren\u00fd \u010das:<\/strong> Zabudni na dlh\u00e9 hodiny pl\u00e1novania. S mojou mapou objav\u00ed\u0161 to najlep\u0161ie efekt\u00edvne a s rados\u0165ou. <\/li>\n<li><strong>Skryt\u00e9 poklady:<\/strong> V\u010faka mojim tipom a odpor\u00fa\u010daniam sa dostane\u0161 na miesta, ktor\u00e9 zost\u00e1vaj\u00fa mimo be\u017en\u00fdch turistick\u00fdch tr\u00e1s.<\/li>\n<li><strong>Neust\u00e1le aktualizovan\u00e9 inform\u00e1cie:<\/strong> Moja mapa je \u017eiv\u00fd organizmus. Nov\u00e9 objavy a aktualiz\u00e1cie prid\u00e1vam priebe\u017ene, aby si mal v\u017edy k dispoz\u00edcii tie naj\u010derstvej\u0161ie inform\u00e1cie. <\/li>\n<\/ul>\n<p>Nepotrebuje\u0161 plati\u0165 za 330+ miest? Pre\u010d\u00edtaj si \u010dl\u00e1nok s 20 tipmi. <\/p>\n<p><strong>Pohodln\u00fd pr\u00edstup<\/strong><\/p>\n<p>V\u0161etko, \u010do potrebuje\u0161 na zobrazenie tejto mapy, s\u00fa <strong>Google mapy<\/strong> v tvojom prehliada\u010di alebo ich aplik\u00e1cii. Kedyko\u013evek otvor\u00ed\u0161 mapu, uvid\u00ed\u0161 jej <strong>najaktu\u00e1lnej\u0161iu verziu,<\/strong> pln\u00fa tipov a overen\u00fdch odpor\u00fa\u010dan\u00ed. Na turistick\u00e9 trasy samozrejme nech\u00fdbaj\u00fa <strong>odkazy na podrobn\u00fa trasu napr. na Mapy.cz.<\/strong> Po prip\u00edsan\u00ed platby ti pr\u00edde e-mail s <strong>pdf s odkazom a n\u00e1vodom, ako na to.<\/strong>   <\/p>\n<p>Sna\u017e\u00edme sa e-mail odosiela\u0165 do nieko\u013ek\u00fdch hod\u00edn, najnesk\u00f4r v\u0161ak do dvoch pracovn\u00fdch dn\u00ed po prip\u00edsan\u00ed sumy.<\/p>\n<p><strong>POZOR! S\u00fabor si m\u00f4\u017ee\u0161 stiahnu\u0165 iba raz.  Ak ti syst\u00e9m hl\u00e1si, \u017ee si vy\u010derpal po\u010det stiahnut\u00ed, s\u0165ahovanie u\u017e prebehlo, skontroluj teda v\u0161etky prie\u010dinky s n\u00e1zvom stiahnut\u00e9 alebo downloads vo svojom zariaden\u00ed! <\/strong><\/p>\n<p><strong>Urob prv\u00fd krok k nezabudnute\u013enej dovolenke s mojou mapou Rak\u00faska!<\/strong><\/p>\n","protected":false},"excerpt":{"rendered":"<p>Objav kr\u00e1sy <strong>Rak\u00faska<\/strong> s mojou podrobnou <strong>digit\u00e1lnou mapou, ktor\u00e1 obsahuje 360+ miest nielen v Alp\u00e1ch.<\/strong> Presk\u00famaj <strong>desa\u0165 kateg\u00f3ri\u00ed mapy.<\/strong> Je v\u00fdsledkom osobn\u00fdch sk\u00fasenost\u00ed a dlh\u00fdch mesiacov str\u00e1ven\u00fdch v hor\u00e1ch. Perfektn\u00fd pomocn\u00edk na <strong>pl\u00e1novanie dovolenky!<\/strong>  <\/p>\n","protected":false},"featured_media":6554,"template":"","meta":{"_uag_custom_page_level_css":""},"product_brand":[],"product_cat":[265,347,250],"product_tag":[357],"class_list":{"0":"post-7885","1":"product","2":"type-product","3":"status-publish","4":"has-post-thumbnail","6":"product_cat-mapy-miest","7":"product_cat-nezarazene","8":"product_cat-uncategorized-sk","9":"product_tag-mapa-rakusko","11":"first","12":"instock","13":"downloadable","14":"virtual","15":"purchasable","16":"product-type-simple"},"uagb_featured_image_src":{"full":["https:\/\/misketravels.cz\/wp-content\/uploads\/2025\/08\/Rakousko.jpg",940,788,false],"thumbnail":["https:\/\/misketravels.cz\/wp-content\/uploads\/2025\/08\/Rakousko-150x150.jpg",150,150,true],"medium":["https:\/\/misketravels.cz\/wp-content\/uploads\/2025\/08\/Rakousko-300x251.jpg",300,251,true],"medium_large":["https:\/\/misketravels.cz\/wp-content\/uploads\/2025\/08\/Rakousko-768x644.jpg",768,644,true],"large":["https:\/\/misketravels.cz\/wp-content\/uploads\/2025\/08\/Rakousko-700x587.jpg",700,587,true],"1536x1536":["https:\/\/misketravels.cz\/wp-content\/uploads\/2025\/08\/Rakousko.jpg",940,788,false],"2048x2048":["https:\/\/misketravels.cz\/wp-content\/uploads\/2025\/08\/Rakousko.jpg",940,788,false],"post-thumbnail":["https:\/\/misketravels.cz\/wp-content\/uploads\/2025\/08\/Rakousko.jpg",940,788,false],"woocommerce_thumbnail":["https:\/\/misketravels.cz\/wp-content\/uploads\/2025\/08\/Rakousko-250x250.jpg",250,250,true],"woocommerce_single":["https:\/\/misketravels.cz\/wp-content\/uploads\/2025\/08\/Rakousko-400x335.jpg",400,335,true],"woocommerce_gallery_thumbnail":["https:\/\/misketravels.cz\/wp-content\/uploads\/2025\/08\/Rakousko-100x100.jpg",100,100,true],"yarpp-thumbnail":["https:\/\/misketravels.cz\/wp-content\/uploads\/2025\/08\/Rakousko-120x120.jpg",120,120,true]},"uagb_author_info":{"display_name":"Michaela Hrd\u00e1","author_link":"https:\/\/misketravels.cz\/sk\/author\/"},"uagb_comment_info":0,"uagb_excerpt":"Objav kr\u00e1sy Rak\u00faska s mojou podrobnou digit\u00e1lnou mapou, ktor\u00e1 obsahuje 360+ miest nielen v Alp\u00e1ch. Presk\u00famaj desa\u0165 kateg\u00f3ri\u00ed mapy. Je v\u00fdsledkom osobn\u00fdch sk\u00fasenost\u00ed a dlh\u00fdch mesiacov str\u00e1ven\u00fdch v hor\u00e1ch. Perfektn\u00fd pomocn\u00edk na pl\u00e1novanie dovolenky!","_links":{"self":[{"href":"https:\/\/misketravels.cz\/sk\/wp-json\/wp\/v2\/product\/7885","targetHints":{"allow":["GET"]}}],"collection":[{"href":"https:\/\/misketravels.cz\/sk\/wp-json\/wp\/v2\/product"}],"about":[{"href":"https:\/\/misketravels.cz\/sk\/wp-json\/wp\/v2\/types\/product"}],"wp:featuredmedia":[{"embeddable":true,"href":"https:\/\/misketravels.cz\/sk\/wp-json\/wp\/v2\/media\/6554"}],"wp:attachment":[{"href":"https:\/\/misketravels.cz\/sk\/wp-json\/wp\/v2\/media?parent=7885"}],"wp:term":[{"taxonomy":"product_brand","embeddable":true,"href":"https:\/\/misketravels.cz\/sk\/wp-json\/wp\/v2\/product_brand?post=7885"},{"taxonomy":"product_cat","embeddable":true,"href":"https:\/\/misketravels.cz\/sk\/wp-json\/wp\/v2\/product_cat?post=7885"},{"taxonomy":"product_tag","embeddable":true,"href":"https:\/\/misketravels.cz\/sk\/wp-json\/wp\/v2\/product_tag?post=7885"}],"curies":[{"name":"wp","href":"https:\/\/api.w.org\/{rel}","templated":true}]}}